{"id":10010,"date":"2023-07-11T10:43:31","date_gmt":"2023-07-11T07:43:31","guid":{"rendered":"https:\/\/www.flowerstime.lt\/produktas\/soap-flower-box-light-and-dark-blue-roses\/"},"modified":"2023-07-11T14:19:38","modified_gmt":"2023-07-11T11:19:38","slug":"soap-flower-box-light-and-dark-blue-roses","status":"publish","type":"product","link":"https:\/\/www.flowerstime.lt\/en\/product\/soap-flower-box-light-and-dark-blue-roses\/","title":{"rendered":"Soap flower box ,,Light and dark blue roses\u201c"},"content":{"rendered":"<p>Delicious-smelling and realistic-looking soap flowers in a box will be a great gift for your loved one. Long lasting soap flowers will decorate your home or workplace.<\/p>\n","protected":false},"excerpt":{"rendered":"<p id=\"tw-target-text\" class=\"tw-data-text tw-text-large tw-ta\" dir=\"ltr\" data-placeholder=\"Translation\"><span class=\"Y2IQFc\" lang=\"en\">There are 23-25 \u200b\u200broses in the box, depending on the size of the flowers.<\/span><\/p>\n","protected":false},"featured_media":9997,"template":"","meta":[],"product_brand":[],"product_cat":[109,250],"product_tag":[],"class_list":{"0":"post-10010","1":"product","2":"type-product","3":"status-publish","4":"has-post-thumbnail","6":"product_cat-flowers","7":"product_cat-soap-flowers","8":"tm-has-styled-variations","9":"tm-no-options","10":"mk-info-sticky","12":"first","13":"instock","14":"taxable","15":"shipping-taxable","16":"purchasable","17":"product-type-simple"},"yoast_head":"<!-- This site is optimized with the Yoast SEO plugin v27.1.1 - https:\/\/yoast.com\/product\/yoast-seo-wordpress\/ -->\n<title>Soap flower box ,,Light and dark blue roses\u201c | Flowerstime.lt<\/title>\n<meta name=\"description\" content=\"Soap flowers are a great alternative to real flowers. Just put them on your bedside table and admire them maintenance-free!\" \/>\n<meta name=\"robots\" content=\"index, follow, max-snippet:-1, max-image-preview:large, max-video-preview:-1\" \/>\n<link rel=\"canonical\" href=\"https:\/\/www.flowerstime.lt\/en\/product\/soap-flower-box-light-and-dark-blue-roses\/\" \/>\n<meta property=\"og:locale\" content=\"en_US\" \/>\n<meta property=\"og:type\" content=\"article\" \/>\n<meta property=\"og:title\" content=\"Soap flower box ,,Light and dark blue roses\u201c | Flowerstime.lt\" \/>\n<meta property=\"og:description\" content=\"Soap flowers are a great alternative to real flowers. Just put them on your bedside table and admire them maintenance-free!\" \/>\n<meta property=\"og:url\" content=\"https:\/\/www.flowerstime.lt\/en\/product\/soap-flower-box-light-and-dark-blue-roses\/\" \/>\n<meta property=\"og:site_name\" content=\"Flowers time - G\u0117li\u0173 pristatymas Vilniuje\" \/>\n<meta property=\"article:modified_time\" content=\"2023-07-11T11:19:38+00:00\" \/>\n<meta property=\"og:image\" content=\"https:\/\/www.flowerstime.lt\/wp-content\/uploads\/2023\/07\/muilo-roziu-dezute.jpg\" \/>\n\t<meta property=\"og:image:width\" content=\"600\" \/>\n\t<meta property=\"og:image:height\" content=\"600\" \/>\n\t<meta property=\"og:image:type\" content=\"image\/jpeg\" \/>\n<meta name=\"twitter:card\" content=\"summary_large_image\" \/>\n<script type=\"application\/ld+json\" class=\"yoast-schema-graph\">{\"@context\":\"https:\/\/schema.org\",\"@graph\":[{\"@type\":\"WebPage\",\"@id\":\"https:\/\/www.flowerstime.lt\/en\/product\/soap-flower-box-light-and-dark-blue-roses\/\",\"url\":\"https:\/\/www.flowerstime.lt\/en\/product\/soap-flower-box-light-and-dark-blue-roses\/\",\"name\":\"Soap flower box ,,Light and dark blue roses\u201c | Flowerstime.lt\",\"isPartOf\":{\"@id\":\"https:\/\/www.flowerstime.lt\/en\/#website\"},\"primaryImageOfPage\":{\"@id\":\"https:\/\/www.flowerstime.lt\/en\/product\/soap-flower-box-light-and-dark-blue-roses\/#primaryimage\"},\"image\":{\"@id\":\"https:\/\/www.flowerstime.lt\/en\/product\/soap-flower-box-light-and-dark-blue-roses\/#primaryimage\"},\"thumbnailUrl\":\"https:\/\/www.flowerstime.lt\/wp-content\/uploads\/2023\/07\/muilo-roziu-dezute.jpg\",\"datePublished\":\"2023-07-11T07:43:31+00:00\",\"dateModified\":\"2023-07-11T11:19:38+00:00\",\"description\":\"Soap flowers are a great alternative to real flowers. Just put them on your bedside table and admire them maintenance-free!\",\"breadcrumb\":{\"@id\":\"https:\/\/www.flowerstime.lt\/en\/product\/soap-flower-box-light-and-dark-blue-roses\/#breadcrumb\"},\"inLanguage\":\"en-US\",\"potentialAction\":[{\"@type\":\"ReadAction\",\"target\":[\"https:\/\/www.flowerstime.lt\/en\/product\/soap-flower-box-light-and-dark-blue-roses\/\"]}]},{\"@type\":\"ImageObject\",\"inLanguage\":\"en-US\",\"@id\":\"https:\/\/www.flowerstime.lt\/en\/product\/soap-flower-box-light-and-dark-blue-roses\/#primaryimage\",\"url\":\"https:\/\/www.flowerstime.lt\/wp-content\/uploads\/2023\/07\/muilo-roziu-dezute.jpg\",\"contentUrl\":\"https:\/\/www.flowerstime.lt\/wp-content\/uploads\/2023\/07\/muilo-roziu-dezute.jpg\",\"width\":600,\"height\":600,\"caption\":\"Muilo g\u0117li\u0173 d\u0117\u017eut\u0117 ,,M\u0117lynos ir \u017eydros ro\u017e\u0117s\\\"\"},{\"@type\":\"BreadcrumbList\",\"@id\":\"https:\/\/www.flowerstime.lt\/en\/product\/soap-flower-box-light-and-dark-blue-roses\/#breadcrumb\",\"itemListElement\":[{\"@type\":\"ListItem\",\"position\":1,\"name\":\"Home\",\"item\":\"https:\/\/www.flowerstime.lt\/en\/\"},{\"@type\":\"ListItem\",\"position\":2,\"name\":\"Flowers delivery in Vilnius\",\"item\":\"https:\/\/www.flowerstime.lt\/en\/\"},{\"@type\":\"ListItem\",\"position\":3,\"name\":\"Soap flower box ,,Light and dark blue roses\u201c\"}]},{\"@type\":\"WebSite\",\"@id\":\"https:\/\/www.flowerstime.lt\/en\/#website\",\"url\":\"https:\/\/www.flowerstime.lt\/en\/\",\"name\":\"Flowers time - G\u0117li\u0173 pristatymas Vilniuje\",\"description\":\"\",\"potentialAction\":[{\"@type\":\"SearchAction\",\"target\":{\"@type\":\"EntryPoint\",\"urlTemplate\":\"https:\/\/www.flowerstime.lt\/en\/?s={search_term_string}\"},\"query-input\":{\"@type\":\"PropertyValueSpecification\",\"valueRequired\":true,\"valueName\":\"search_term_string\"}}],\"inLanguage\":\"en-US\"}]}<\/script>\n<!-- \/ Yoast SEO plugin. -->","yoast_head_json":{"title":"Soap flower box ,,Light and dark blue roses\u201c | Flowerstime.lt","description":"Soap flowers are a great alternative to real flowers. Just put them on your bedside table and admire them maintenance-free!","robots":{"index":"index","follow":"follow","max-snippet":"max-snippet:-1","max-image-preview":"max-image-preview:large","max-video-preview":"max-video-preview:-1"},"canonical":"https:\/\/www.flowerstime.lt\/en\/product\/soap-flower-box-light-and-dark-blue-roses\/","og_locale":"en_US","og_type":"article","og_title":"Soap flower box ,,Light and dark blue roses\u201c | Flowerstime.lt","og_description":"Soap flowers are a great alternative to real flowers. Just put them on your bedside table and admire them maintenance-free!","og_url":"https:\/\/www.flowerstime.lt\/en\/product\/soap-flower-box-light-and-dark-blue-roses\/","og_site_name":"Flowers time - G\u0117li\u0173 pristatymas Vilniuje","article_modified_time":"2023-07-11T11:19:38+00:00","og_image":[{"width":600,"height":600,"url":"https:\/\/www.flowerstime.lt\/wp-content\/uploads\/2023\/07\/muilo-roziu-dezute.jpg","type":"image\/jpeg"}],"twitter_card":"summary_large_image","schema":{"@context":"https:\/\/schema.org","@graph":[{"@type":"WebPage","@id":"https:\/\/www.flowerstime.lt\/en\/product\/soap-flower-box-light-and-dark-blue-roses\/","url":"https:\/\/www.flowerstime.lt\/en\/product\/soap-flower-box-light-and-dark-blue-roses\/","name":"Soap flower box ,,Light and dark blue roses\u201c | Flowerstime.lt","isPartOf":{"@id":"https:\/\/www.flowerstime.lt\/en\/#website"},"primaryImageOfPage":{"@id":"https:\/\/www.flowerstime.lt\/en\/product\/soap-flower-box-light-and-dark-blue-roses\/#primaryimage"},"image":{"@id":"https:\/\/www.flowerstime.lt\/en\/product\/soap-flower-box-light-and-dark-blue-roses\/#primaryimage"},"thumbnailUrl":"https:\/\/www.flowerstime.lt\/wp-content\/uploads\/2023\/07\/muilo-roziu-dezute.jpg","datePublished":"2023-07-11T07:43:31+00:00","dateModified":"2023-07-11T11:19:38+00:00","description":"Soap flowers are a great alternative to real flowers. Just put them on your bedside table and admire them maintenance-free!","breadcrumb":{"@id":"https:\/\/www.flowerstime.lt\/en\/product\/soap-flower-box-light-and-dark-blue-roses\/#breadcrumb"},"inLanguage":"en-US","potentialAction":[{"@type":"ReadAction","target":["https:\/\/www.flowerstime.lt\/en\/product\/soap-flower-box-light-and-dark-blue-roses\/"]}]},{"@type":"ImageObject","inLanguage":"en-US","@id":"https:\/\/www.flowerstime.lt\/en\/product\/soap-flower-box-light-and-dark-blue-roses\/#primaryimage","url":"https:\/\/www.flowerstime.lt\/wp-content\/uploads\/2023\/07\/muilo-roziu-dezute.jpg","contentUrl":"https:\/\/www.flowerstime.lt\/wp-content\/uploads\/2023\/07\/muilo-roziu-dezute.jpg","width":600,"height":600,"caption":"Muilo g\u0117li\u0173 d\u0117\u017eut\u0117 ,,M\u0117lynos ir \u017eydros ro\u017e\u0117s\""},{"@type":"BreadcrumbList","@id":"https:\/\/www.flowerstime.lt\/en\/product\/soap-flower-box-light-and-dark-blue-roses\/#breadcrumb","itemListElement":[{"@type":"ListItem","position":1,"name":"Home","item":"https:\/\/www.flowerstime.lt\/en\/"},{"@type":"ListItem","position":2,"name":"Flowers delivery in Vilnius","item":"https:\/\/www.flowerstime.lt\/en\/"},{"@type":"ListItem","position":3,"name":"Soap flower box ,,Light and dark blue roses\u201c"}]},{"@type":"WebSite","@id":"https:\/\/www.flowerstime.lt\/en\/#website","url":"https:\/\/www.flowerstime.lt\/en\/","name":"Flowers time - G\u0117li\u0173 pristatymas Vilniuje","description":"","potentialAction":[{"@type":"SearchAction","target":{"@type":"EntryPoint","urlTemplate":"https:\/\/www.flowerstime.lt\/en\/?s={search_term_string}"},"query-input":{"@type":"PropertyValueSpecification","valueRequired":true,"valueName":"search_term_string"}}],"inLanguage":"en-US"}]}},"_links":{"self":[{"href":"https:\/\/www.flowerstime.lt\/en\/wp-json\/wp\/v2\/product\/10010","targetHints":{"allow":["GET"]}}],"collection":[{"href":"https:\/\/www.flowerstime.lt\/en\/wp-json\/wp\/v2\/product"}],"about":[{"href":"https:\/\/www.flowerstime.lt\/en\/wp-json\/wp\/v2\/types\/product"}],"wp:featuredmedia":[{"embeddable":true,"href":"https:\/\/www.flowerstime.lt\/en\/wp-json\/wp\/v2\/media\/9997"}],"wp:attachment":[{"href":"https:\/\/www.flowerstime.lt\/en\/wp-json\/wp\/v2\/media?parent=10010"}],"wp:term":[{"taxonomy":"product_brand","embeddable":true,"href":"https:\/\/www.flowerstime.lt\/en\/wp-json\/wp\/v2\/product_brand?post=10010"},{"taxonomy":"product_cat","embeddable":true,"href":"https:\/\/www.flowerstime.lt\/en\/wp-json\/wp\/v2\/product_cat?post=10010"},{"taxonomy":"product_tag","embeddable":true,"href":"https:\/\/www.flowerstime.lt\/en\/wp-json\/wp\/v2\/product_tag?post=10010"}],"curies":[{"name":"wp","href":"https:\/\/api.w.org\/{rel}","templated":true}]}}