{"id":10044,"date":"2023-07-14T14:11:06","date_gmt":"2023-07-14T11:11:06","guid":{"rendered":"https:\/\/www.flowerstime.lt\/?post_type=product&#038;p=10044"},"modified":"2025-04-30T18:12:32","modified_gmt":"2025-04-30T15:12:32","slug":"a-bouquet-of-pink-peonies-and-sea-hollys","status":"publish","type":"product","link":"https:\/\/www.flowerstime.lt\/en\/product\/a-bouquet-of-pink-peonies-and-sea-hollys\/","title":{"rendered":"A bouquet of pink peonies and sea hollys"},"content":{"rendered":"<p id=\"tw-target-text\" class=\"tw-data-text tw-text-large tw-ta\" dir=\"ltr\" data-placeholder=\"Translation\"><span class=\"Y2IQFc\" lang=\"en\">A bouquet of pink peonies and sea hollys forms a playful combination of soft, pastel colors. We have no doubt that this lovely flower composition will make every girl happy.<\/span><\/p>\n","protected":false},"excerpt":{"rendered":"<p>You can choose the bouquet from several different sizes:<\/p>\n<ul>\n<li>small bouquet: 5 peonies and 3 sea hollys;<\/li>\n<li>medium bouquet: 9 peonies and 6 sea hollys;<\/li>\n<li>large bouquet: 15 peonies and 9 sea hollys.<\/li>\n<\/ul>\n","protected":false},"featured_media":10083,"template":"","meta":[],"product_brand":[],"product_cat":[113,109,129],"product_tag":[],"class_list":{"0":"post-10044","1":"product","2":"type-product","3":"status-publish","4":"has-post-thumbnail","6":"product_cat-bouquets","7":"product_cat-flowers","8":"product_cat-peonies","9":"tm-has-styled-variations","10":"tm-has-options","11":"mk-info-sticky","13":"first","14":"outofstock","15":"taxable","16":"shipping-taxable","17":"purchasable","18":"product-type-variable"},"yoast_head":"<!-- This site is optimized with the Yoast SEO plugin v27.1.1 - https:\/\/yoast.com\/product\/yoast-seo-wordpress\/ -->\n<title>A bouquet of pink peonies and sea hollys | Flowerstime.lt - G\u0117l\u0117s Vilniuje<\/title>\n<meta name=\"description\" content=\"A gentle looking bouquet of flowers in pastel colors radiates warmth, tenderness and love. Order now and surprise your loved ones.\" \/>\n<meta name=\"robots\" content=\"index, follow, max-snippet:-1, max-image-preview:large, max-video-preview:-1\" \/>\n<link rel=\"canonical\" href=\"https:\/\/www.flowerstime.lt\/en\/product\/a-bouquet-of-pink-peonies-and-sea-hollys\/\" \/>\n<meta property=\"og:locale\" content=\"en_US\" \/>\n<meta property=\"og:type\" content=\"article\" \/>\n<meta property=\"og:title\" content=\"A bouquet of pink peonies and sea hollys | Flowerstime.lt - G\u0117l\u0117s Vilniuje\" \/>\n<meta property=\"og:description\" content=\"A gentle looking bouquet of flowers in pastel colors radiates warmth, tenderness and love. Order now and surprise your loved ones.\" \/>\n<meta property=\"og:url\" content=\"https:\/\/www.flowerstime.lt\/en\/product\/a-bouquet-of-pink-peonies-and-sea-hollys\/\" \/>\n<meta property=\"og:site_name\" content=\"Flowers time - G\u0117li\u0173 pristatymas Vilniuje\" \/>\n<meta property=\"article:modified_time\" content=\"2025-04-30T15:12:32+00:00\" \/>\n<meta property=\"og:image\" content=\"https:\/\/www.flowerstime.lt\/wp-content\/uploads\/2023\/07\/bijunai-ir-zundos.jpg\" \/>\n\t<meta property=\"og:image:width\" content=\"600\" \/>\n\t<meta property=\"og:image:height\" content=\"600\" \/>\n\t<meta property=\"og:image:type\" content=\"image\/jpeg\" \/>\n<meta name=\"twitter:card\" content=\"summary_large_image\" \/>\n<script type=\"application\/ld+json\" class=\"yoast-schema-graph\">{\"@context\":\"https:\/\/schema.org\",\"@graph\":[{\"@type\":\"WebPage\",\"@id\":\"https:\/\/www.flowerstime.lt\/en\/product\/a-bouquet-of-pink-peonies-and-sea-hollys\/\",\"url\":\"https:\/\/www.flowerstime.lt\/en\/product\/a-bouquet-of-pink-peonies-and-sea-hollys\/\",\"name\":\"A bouquet of pink peonies and sea hollys | Flowerstime.lt - G\u0117l\u0117s Vilniuje\",\"isPartOf\":{\"@id\":\"https:\/\/www.flowerstime.lt\/en\/#website\"},\"primaryImageOfPage\":{\"@id\":\"https:\/\/www.flowerstime.lt\/en\/product\/a-bouquet-of-pink-peonies-and-sea-hollys\/#primaryimage\"},\"image\":{\"@id\":\"https:\/\/www.flowerstime.lt\/en\/product\/a-bouquet-of-pink-peonies-and-sea-hollys\/#primaryimage\"},\"thumbnailUrl\":\"https:\/\/www.flowerstime.lt\/wp-content\/uploads\/2023\/07\/bijunai-ir-zundos.jpg\",\"datePublished\":\"2023-07-14T11:11:06+00:00\",\"dateModified\":\"2025-04-30T15:12:32+00:00\",\"description\":\"A gentle looking bouquet of flowers in pastel colors radiates warmth, tenderness and love. Order now and surprise your loved ones.\",\"breadcrumb\":{\"@id\":\"https:\/\/www.flowerstime.lt\/en\/product\/a-bouquet-of-pink-peonies-and-sea-hollys\/#breadcrumb\"},\"inLanguage\":\"en-US\",\"potentialAction\":[{\"@type\":\"ReadAction\",\"target\":[\"https:\/\/www.flowerstime.lt\/en\/product\/a-bouquet-of-pink-peonies-and-sea-hollys\/\"]}]},{\"@type\":\"ImageObject\",\"inLanguage\":\"en-US\",\"@id\":\"https:\/\/www.flowerstime.lt\/en\/product\/a-bouquet-of-pink-peonies-and-sea-hollys\/#primaryimage\",\"url\":\"https:\/\/www.flowerstime.lt\/wp-content\/uploads\/2023\/07\/bijunai-ir-zundos.jpg\",\"contentUrl\":\"https:\/\/www.flowerstime.lt\/wp-content\/uploads\/2023\/07\/bijunai-ir-zundos.jpg\",\"width\":600,\"height\":600,\"caption\":\"Ro\u017eini\u0173 bij\u016bn\u0173 ir m\u0117lyn\u0173 zund\u0173 puok\u0161t\u0117\"},{\"@type\":\"BreadcrumbList\",\"@id\":\"https:\/\/www.flowerstime.lt\/en\/product\/a-bouquet-of-pink-peonies-and-sea-hollys\/#breadcrumb\",\"itemListElement\":[{\"@type\":\"ListItem\",\"position\":1,\"name\":\"Home\",\"item\":\"https:\/\/www.flowerstime.lt\/en\/\"},{\"@type\":\"ListItem\",\"position\":2,\"name\":\"Flowers delivery in Vilnius\",\"item\":\"https:\/\/www.flowerstime.lt\/en\/\"},{\"@type\":\"ListItem\",\"position\":3,\"name\":\"A bouquet of pink peonies and sea hollys\"}]},{\"@type\":\"WebSite\",\"@id\":\"https:\/\/www.flowerstime.lt\/en\/#website\",\"url\":\"https:\/\/www.flowerstime.lt\/en\/\",\"name\":\"Flowers time - G\u0117li\u0173 pristatymas Vilniuje\",\"description\":\"\",\"potentialAction\":[{\"@type\":\"SearchAction\",\"target\":{\"@type\":\"EntryPoint\",\"urlTemplate\":\"https:\/\/www.flowerstime.lt\/en\/?s={search_term_string}\"},\"query-input\":{\"@type\":\"PropertyValueSpecification\",\"valueRequired\":true,\"valueName\":\"search_term_string\"}}],\"inLanguage\":\"en-US\"}]}<\/script>\n<!-- \/ Yoast SEO plugin. -->","yoast_head_json":{"title":"A bouquet of pink peonies and sea hollys | Flowerstime.lt - G\u0117l\u0117s Vilniuje","description":"A gentle looking bouquet of flowers in pastel colors radiates warmth, tenderness and love. Order now and surprise your loved ones.","robots":{"index":"index","follow":"follow","max-snippet":"max-snippet:-1","max-image-preview":"max-image-preview:large","max-video-preview":"max-video-preview:-1"},"canonical":"https:\/\/www.flowerstime.lt\/en\/product\/a-bouquet-of-pink-peonies-and-sea-hollys\/","og_locale":"en_US","og_type":"article","og_title":"A bouquet of pink peonies and sea hollys | Flowerstime.lt - G\u0117l\u0117s Vilniuje","og_description":"A gentle looking bouquet of flowers in pastel colors radiates warmth, tenderness and love. Order now and surprise your loved ones.","og_url":"https:\/\/www.flowerstime.lt\/en\/product\/a-bouquet-of-pink-peonies-and-sea-hollys\/","og_site_name":"Flowers time - G\u0117li\u0173 pristatymas Vilniuje","article_modified_time":"2025-04-30T15:12:32+00:00","og_image":[{"width":600,"height":600,"url":"https:\/\/www.flowerstime.lt\/wp-content\/uploads\/2023\/07\/bijunai-ir-zundos.jpg","type":"image\/jpeg"}],"twitter_card":"summary_large_image","schema":{"@context":"https:\/\/schema.org","@graph":[{"@type":"WebPage","@id":"https:\/\/www.flowerstime.lt\/en\/product\/a-bouquet-of-pink-peonies-and-sea-hollys\/","url":"https:\/\/www.flowerstime.lt\/en\/product\/a-bouquet-of-pink-peonies-and-sea-hollys\/","name":"A bouquet of pink peonies and sea hollys | Flowerstime.lt - G\u0117l\u0117s Vilniuje","isPartOf":{"@id":"https:\/\/www.flowerstime.lt\/en\/#website"},"primaryImageOfPage":{"@id":"https:\/\/www.flowerstime.lt\/en\/product\/a-bouquet-of-pink-peonies-and-sea-hollys\/#primaryimage"},"image":{"@id":"https:\/\/www.flowerstime.lt\/en\/product\/a-bouquet-of-pink-peonies-and-sea-hollys\/#primaryimage"},"thumbnailUrl":"https:\/\/www.flowerstime.lt\/wp-content\/uploads\/2023\/07\/bijunai-ir-zundos.jpg","datePublished":"2023-07-14T11:11:06+00:00","dateModified":"2025-04-30T15:12:32+00:00","description":"A gentle looking bouquet of flowers in pastel colors radiates warmth, tenderness and love. Order now and surprise your loved ones.","breadcrumb":{"@id":"https:\/\/www.flowerstime.lt\/en\/product\/a-bouquet-of-pink-peonies-and-sea-hollys\/#breadcrumb"},"inLanguage":"en-US","potentialAction":[{"@type":"ReadAction","target":["https:\/\/www.flowerstime.lt\/en\/product\/a-bouquet-of-pink-peonies-and-sea-hollys\/"]}]},{"@type":"ImageObject","inLanguage":"en-US","@id":"https:\/\/www.flowerstime.lt\/en\/product\/a-bouquet-of-pink-peonies-and-sea-hollys\/#primaryimage","url":"https:\/\/www.flowerstime.lt\/wp-content\/uploads\/2023\/07\/bijunai-ir-zundos.jpg","contentUrl":"https:\/\/www.flowerstime.lt\/wp-content\/uploads\/2023\/07\/bijunai-ir-zundos.jpg","width":600,"height":600,"caption":"Ro\u017eini\u0173 bij\u016bn\u0173 ir m\u0117lyn\u0173 zund\u0173 puok\u0161t\u0117"},{"@type":"BreadcrumbList","@id":"https:\/\/www.flowerstime.lt\/en\/product\/a-bouquet-of-pink-peonies-and-sea-hollys\/#breadcrumb","itemListElement":[{"@type":"ListItem","position":1,"name":"Home","item":"https:\/\/www.flowerstime.lt\/en\/"},{"@type":"ListItem","position":2,"name":"Flowers delivery in Vilnius","item":"https:\/\/www.flowerstime.lt\/en\/"},{"@type":"ListItem","position":3,"name":"A bouquet of pink peonies and sea hollys"}]},{"@type":"WebSite","@id":"https:\/\/www.flowerstime.lt\/en\/#website","url":"https:\/\/www.flowerstime.lt\/en\/","name":"Flowers time - G\u0117li\u0173 pristatymas Vilniuje","description":"","potentialAction":[{"@type":"SearchAction","target":{"@type":"EntryPoint","urlTemplate":"https:\/\/www.flowerstime.lt\/en\/?s={search_term_string}"},"query-input":{"@type":"PropertyValueSpecification","valueRequired":true,"valueName":"search_term_string"}}],"inLanguage":"en-US"}]}},"_links":{"self":[{"href":"https:\/\/www.flowerstime.lt\/en\/wp-json\/wp\/v2\/product\/10044","targetHints":{"allow":["GET"]}}],"collection":[{"href":"https:\/\/www.flowerstime.lt\/en\/wp-json\/wp\/v2\/product"}],"about":[{"href":"https:\/\/www.flowerstime.lt\/en\/wp-json\/wp\/v2\/types\/product"}],"wp:featuredmedia":[{"embeddable":true,"href":"https:\/\/www.flowerstime.lt\/en\/wp-json\/wp\/v2\/media\/10083"}],"wp:attachment":[{"href":"https:\/\/www.flowerstime.lt\/en\/wp-json\/wp\/v2\/media?parent=10044"}],"wp:term":[{"taxonomy":"product_brand","embeddable":true,"href":"https:\/\/www.flowerstime.lt\/en\/wp-json\/wp\/v2\/product_brand?post=10044"},{"taxonomy":"product_cat","embeddable":true,"href":"https:\/\/www.flowerstime.lt\/en\/wp-json\/wp\/v2\/product_cat?post=10044"},{"taxonomy":"product_tag","embeddable":true,"href":"https:\/\/www.flowerstime.lt\/en\/wp-json\/wp\/v2\/product_tag?post=10044"}],"curies":[{"name":"wp","href":"https:\/\/api.w.org\/{rel}","templated":true}]}}