{"id":10174,"date":"2023-07-20T08:15:04","date_gmt":"2023-07-20T05:15:04","guid":{"rendered":"https:\/\/www.flowerstime.lt\/?post_type=product&#038;p=10174"},"modified":"2023-07-24T12:50:24","modified_gmt":"2023-07-24T09:50:24","slug":"soap-flower-box-yellow-and-lilac-peonies","status":"publish","type":"product","link":"https:\/\/www.flowerstime.lt\/en\/product\/soap-flower-box-yellow-and-lilac-peonies\/","title":{"rendered":"Soap flower box ,,Yellow and lilac peonies\u201c"},"content":{"rendered":"<p>Delicious-smelling and realistic-looking soap flowers in a box will be a great gift for your loved one. Long-lasting soap flowers will decorate your home or workplace.<\/p>\n","protected":false},"excerpt":{"rendered":"<p>There are 7 soap peonies in the box.<\/p>\n","protected":false},"featured_media":10177,"template":"","meta":[],"product_brand":[],"product_cat":[109,250],"product_tag":[],"class_list":{"0":"post-10174","1":"product","2":"type-product","3":"status-publish","4":"has-post-thumbnail","6":"product_cat-flowers","7":"product_cat-soap-flowers","8":"tm-no-options","9":"mk-info-sticky","11":"first","12":"instock","13":"taxable","14":"shipping-taxable","15":"purchasable","16":"product-type-simple"},"yoast_head":"<!-- This site is optimized with the Yoast SEO plugin v27.1.1 - https:\/\/yoast.com\/product\/yoast-seo-wordpress\/ -->\n<title>Soap flower box ,,Yellow and lilac peonies\u201c | Flowerstime.lt - flowers in Vilnius<\/title>\n<meta name=\"description\" content=\"Soap flowers are a great alternative to real flowers. Just put them on your bedside table and admire, maintenance-free!\" \/>\n<meta name=\"robots\" content=\"index, follow, max-snippet:-1, max-image-preview:large, max-video-preview:-1\" \/>\n<link rel=\"canonical\" href=\"https:\/\/www.flowerstime.lt\/en\/product\/soap-flower-box-yellow-and-lilac-peonies\/\" \/>\n<meta property=\"og:locale\" content=\"en_US\" \/>\n<meta property=\"og:type\" content=\"article\" \/>\n<meta property=\"og:title\" content=\"Soap flower box ,,Yellow and lilac peonies\u201c | Flowerstime.lt - flowers in Vilnius\" \/>\n<meta property=\"og:description\" content=\"Soap flowers are a great alternative to real flowers. Just put them on your bedside table and admire, maintenance-free!\" \/>\n<meta property=\"og:url\" content=\"https:\/\/www.flowerstime.lt\/en\/product\/soap-flower-box-yellow-and-lilac-peonies\/\" \/>\n<meta property=\"og:site_name\" content=\"Flowers time - G\u0117li\u0173 pristatymas Vilniuje\" \/>\n<meta property=\"article:modified_time\" content=\"2023-07-24T09:50:24+00:00\" \/>\n<meta property=\"og:image\" content=\"https:\/\/www.flowerstime.lt\/wp-content\/uploads\/2023\/07\/geltoni-ir-alyviniai-muilo-bijunai-e1689830229486.jpg\" \/>\n\t<meta property=\"og:image:width\" content=\"600\" \/>\n\t<meta property=\"og:image:height\" content=\"600\" \/>\n\t<meta property=\"og:image:type\" content=\"image\/jpeg\" \/>\n<meta name=\"twitter:card\" content=\"summary_large_image\" \/>\n<script type=\"application\/ld+json\" class=\"yoast-schema-graph\">{\"@context\":\"https:\/\/schema.org\",\"@graph\":[{\"@type\":\"WebPage\",\"@id\":\"https:\/\/www.flowerstime.lt\/en\/product\/soap-flower-box-yellow-and-lilac-peonies\/\",\"url\":\"https:\/\/www.flowerstime.lt\/en\/product\/soap-flower-box-yellow-and-lilac-peonies\/\",\"name\":\"Soap flower box ,,Yellow and lilac peonies\u201c | Flowerstime.lt - flowers in Vilnius\",\"isPartOf\":{\"@id\":\"https:\/\/www.flowerstime.lt\/en\/#website\"},\"primaryImageOfPage\":{\"@id\":\"https:\/\/www.flowerstime.lt\/en\/product\/soap-flower-box-yellow-and-lilac-peonies\/#primaryimage\"},\"image\":{\"@id\":\"https:\/\/www.flowerstime.lt\/en\/product\/soap-flower-box-yellow-and-lilac-peonies\/#primaryimage\"},\"thumbnailUrl\":\"https:\/\/www.flowerstime.lt\/wp-content\/uploads\/2023\/07\/geltoni-ir-alyviniai-muilo-bijunai-e1689830229486.jpg\",\"datePublished\":\"2023-07-20T05:15:04+00:00\",\"dateModified\":\"2023-07-24T09:50:24+00:00\",\"description\":\"Soap flowers are a great alternative to real flowers. Just put them on your bedside table and admire, maintenance-free!\",\"breadcrumb\":{\"@id\":\"https:\/\/www.flowerstime.lt\/en\/product\/soap-flower-box-yellow-and-lilac-peonies\/#breadcrumb\"},\"inLanguage\":\"en-US\",\"potentialAction\":[{\"@type\":\"ReadAction\",\"target\":[\"https:\/\/www.flowerstime.lt\/en\/product\/soap-flower-box-yellow-and-lilac-peonies\/\"]}]},{\"@type\":\"ImageObject\",\"inLanguage\":\"en-US\",\"@id\":\"https:\/\/www.flowerstime.lt\/en\/product\/soap-flower-box-yellow-and-lilac-peonies\/#primaryimage\",\"url\":\"https:\/\/www.flowerstime.lt\/wp-content\/uploads\/2023\/07\/geltoni-ir-alyviniai-muilo-bijunai-e1689830229486.jpg\",\"contentUrl\":\"https:\/\/www.flowerstime.lt\/wp-content\/uploads\/2023\/07\/geltoni-ir-alyviniai-muilo-bijunai-e1689830229486.jpg\",\"width\":600,\"height\":600,\"caption\":\"Muilo g\u0117li\u0173 d\u0117\u017eut\u0117 ,,Geltoni ir alyviniai bij\u016bnai\\\"\"},{\"@type\":\"BreadcrumbList\",\"@id\":\"https:\/\/www.flowerstime.lt\/en\/product\/soap-flower-box-yellow-and-lilac-peonies\/#breadcrumb\",\"itemListElement\":[{\"@type\":\"ListItem\",\"position\":1,\"name\":\"Home\",\"item\":\"https:\/\/www.flowerstime.lt\/en\/\"},{\"@type\":\"ListItem\",\"position\":2,\"name\":\"Flowers delivery in Vilnius\",\"item\":\"https:\/\/www.flowerstime.lt\/en\/\"},{\"@type\":\"ListItem\",\"position\":3,\"name\":\"Soap flower box ,,Yellow and lilac peonies\u201c\"}]},{\"@type\":\"WebSite\",\"@id\":\"https:\/\/www.flowerstime.lt\/en\/#website\",\"url\":\"https:\/\/www.flowerstime.lt\/en\/\",\"name\":\"Flowers time - G\u0117li\u0173 pristatymas Vilniuje\",\"description\":\"\",\"potentialAction\":[{\"@type\":\"SearchAction\",\"target\":{\"@type\":\"EntryPoint\",\"urlTemplate\":\"https:\/\/www.flowerstime.lt\/en\/?s={search_term_string}\"},\"query-input\":{\"@type\":\"PropertyValueSpecification\",\"valueRequired\":true,\"valueName\":\"search_term_string\"}}],\"inLanguage\":\"en-US\"}]}<\/script>\n<!-- \/ Yoast SEO plugin. -->","yoast_head_json":{"title":"Soap flower box ,,Yellow and lilac peonies\u201c | Flowerstime.lt - flowers in Vilnius","description":"Soap flowers are a great alternative to real flowers. Just put them on your bedside table and admire, maintenance-free!","robots":{"index":"index","follow":"follow","max-snippet":"max-snippet:-1","max-image-preview":"max-image-preview:large","max-video-preview":"max-video-preview:-1"},"canonical":"https:\/\/www.flowerstime.lt\/en\/product\/soap-flower-box-yellow-and-lilac-peonies\/","og_locale":"en_US","og_type":"article","og_title":"Soap flower box ,,Yellow and lilac peonies\u201c | Flowerstime.lt - flowers in Vilnius","og_description":"Soap flowers are a great alternative to real flowers. Just put them on your bedside table and admire, maintenance-free!","og_url":"https:\/\/www.flowerstime.lt\/en\/product\/soap-flower-box-yellow-and-lilac-peonies\/","og_site_name":"Flowers time - G\u0117li\u0173 pristatymas Vilniuje","article_modified_time":"2023-07-24T09:50:24+00:00","og_image":[{"width":600,"height":600,"url":"https:\/\/www.flowerstime.lt\/wp-content\/uploads\/2023\/07\/geltoni-ir-alyviniai-muilo-bijunai-e1689830229486.jpg","type":"image\/jpeg"}],"twitter_card":"summary_large_image","schema":{"@context":"https:\/\/schema.org","@graph":[{"@type":"WebPage","@id":"https:\/\/www.flowerstime.lt\/en\/product\/soap-flower-box-yellow-and-lilac-peonies\/","url":"https:\/\/www.flowerstime.lt\/en\/product\/soap-flower-box-yellow-and-lilac-peonies\/","name":"Soap flower box ,,Yellow and lilac peonies\u201c | Flowerstime.lt - flowers in Vilnius","isPartOf":{"@id":"https:\/\/www.flowerstime.lt\/en\/#website"},"primaryImageOfPage":{"@id":"https:\/\/www.flowerstime.lt\/en\/product\/soap-flower-box-yellow-and-lilac-peonies\/#primaryimage"},"image":{"@id":"https:\/\/www.flowerstime.lt\/en\/product\/soap-flower-box-yellow-and-lilac-peonies\/#primaryimage"},"thumbnailUrl":"https:\/\/www.flowerstime.lt\/wp-content\/uploads\/2023\/07\/geltoni-ir-alyviniai-muilo-bijunai-e1689830229486.jpg","datePublished":"2023-07-20T05:15:04+00:00","dateModified":"2023-07-24T09:50:24+00:00","description":"Soap flowers are a great alternative to real flowers. Just put them on your bedside table and admire, maintenance-free!","breadcrumb":{"@id":"https:\/\/www.flowerstime.lt\/en\/product\/soap-flower-box-yellow-and-lilac-peonies\/#breadcrumb"},"inLanguage":"en-US","potentialAction":[{"@type":"ReadAction","target":["https:\/\/www.flowerstime.lt\/en\/product\/soap-flower-box-yellow-and-lilac-peonies\/"]}]},{"@type":"ImageObject","inLanguage":"en-US","@id":"https:\/\/www.flowerstime.lt\/en\/product\/soap-flower-box-yellow-and-lilac-peonies\/#primaryimage","url":"https:\/\/www.flowerstime.lt\/wp-content\/uploads\/2023\/07\/geltoni-ir-alyviniai-muilo-bijunai-e1689830229486.jpg","contentUrl":"https:\/\/www.flowerstime.lt\/wp-content\/uploads\/2023\/07\/geltoni-ir-alyviniai-muilo-bijunai-e1689830229486.jpg","width":600,"height":600,"caption":"Muilo g\u0117li\u0173 d\u0117\u017eut\u0117 ,,Geltoni ir alyviniai bij\u016bnai\""},{"@type":"BreadcrumbList","@id":"https:\/\/www.flowerstime.lt\/en\/product\/soap-flower-box-yellow-and-lilac-peonies\/#breadcrumb","itemListElement":[{"@type":"ListItem","position":1,"name":"Home","item":"https:\/\/www.flowerstime.lt\/en\/"},{"@type":"ListItem","position":2,"name":"Flowers delivery in Vilnius","item":"https:\/\/www.flowerstime.lt\/en\/"},{"@type":"ListItem","position":3,"name":"Soap flower box ,,Yellow and lilac peonies\u201c"}]},{"@type":"WebSite","@id":"https:\/\/www.flowerstime.lt\/en\/#website","url":"https:\/\/www.flowerstime.lt\/en\/","name":"Flowers time - G\u0117li\u0173 pristatymas Vilniuje","description":"","potentialAction":[{"@type":"SearchAction","target":{"@type":"EntryPoint","urlTemplate":"https:\/\/www.flowerstime.lt\/en\/?s={search_term_string}"},"query-input":{"@type":"PropertyValueSpecification","valueRequired":true,"valueName":"search_term_string"}}],"inLanguage":"en-US"}]}},"_links":{"self":[{"href":"https:\/\/www.flowerstime.lt\/en\/wp-json\/wp\/v2\/product\/10174","targetHints":{"allow":["GET"]}}],"collection":[{"href":"https:\/\/www.flowerstime.lt\/en\/wp-json\/wp\/v2\/product"}],"about":[{"href":"https:\/\/www.flowerstime.lt\/en\/wp-json\/wp\/v2\/types\/product"}],"wp:featuredmedia":[{"embeddable":true,"href":"https:\/\/www.flowerstime.lt\/en\/wp-json\/wp\/v2\/media\/10177"}],"wp:attachment":[{"href":"https:\/\/www.flowerstime.lt\/en\/wp-json\/wp\/v2\/media?parent=10174"}],"wp:term":[{"taxonomy":"product_brand","embeddable":true,"href":"https:\/\/www.flowerstime.lt\/en\/wp-json\/wp\/v2\/product_brand?post=10174"},{"taxonomy":"product_cat","embeddable":true,"href":"https:\/\/www.flowerstime.lt\/en\/wp-json\/wp\/v2\/product_cat?post=10174"},{"taxonomy":"product_tag","embeddable":true,"href":"https:\/\/www.flowerstime.lt\/en\/wp-json\/wp\/v2\/product_tag?post=10174"}],"curies":[{"name":"wp","href":"https:\/\/api.w.org\/{rel}","templated":true}]}}