{"id":12318,"date":"2025-11-23T13:07:33","date_gmt":"2025-11-23T10:07:33","guid":{"rendered":"https:\/\/www.flowerstime.lt\/produktas\/festive-box-christmas-magic\/"},"modified":"2025-11-23T13:07:33","modified_gmt":"2025-11-23T10:07:33","slug":"festive-box-christmas-magic","status":"publish","type":"product","link":"https:\/\/www.flowerstime.lt\/en\/product\/festive-box-christmas-magic\/","title":{"rendered":"Festive Box &#8220;Christmas Magic&#8221;"},"content":{"rendered":"","protected":false},"excerpt":{"rendered":"<p>A festive flower box with pine branches, red roses, a Nutcracker candle, and Christmas decorations. Coziness, elegance, and the true spirit of Christmas in one composition \u2013 a perfect gift for the holiday season.<\/p>\n<p>The composition may slightly differ from the photo provided.<\/p>\n","protected":false},"featured_media":12316,"template":"","meta":[],"product_brand":[],"product_cat":[110,109,111],"product_tag":[],"class_list":{"0":"post-12318","1":"product","2":"type-product","3":"status-publish","4":"has-post-thumbnail","6":"product_cat-flower-boxes","7":"product_cat-flowers","8":"product_cat-roses","9":"tm-no-options","10":"mk-info-sticky","12":"first","13":"outofstock","14":"taxable","15":"shipping-taxable","16":"purchasable","17":"product-type-simple"},"yoast_head":"<!-- This site is optimized with the Yoast SEO plugin v27.1.1 - https:\/\/yoast.com\/product\/yoast-seo-wordpress\/ -->\n<title>Festive Box &quot;Christmas Magic&quot; | Christmas Compositions | Flowers Time<\/title>\n<meta name=\"description\" content=\"The festive box is full of cozy Christmas spirit and elegant winter charm, creating a true holiday fairy tale with its look and atmosphere.\" \/>\n<meta name=\"robots\" content=\"index, follow, max-snippet:-1, max-image-preview:large, max-video-preview:-1\" \/>\n<link rel=\"canonical\" href=\"https:\/\/www.flowerstime.lt\/en\/product\/festive-box-christmas-magic\/\" \/>\n<meta property=\"og:locale\" content=\"en_US\" \/>\n<meta property=\"og:type\" content=\"article\" \/>\n<meta property=\"og:title\" content=\"Festive Box &quot;Christmas Magic&quot; | Christmas Compositions | Flowers Time\" \/>\n<meta property=\"og:description\" content=\"The festive box is full of cozy Christmas spirit and elegant winter charm, creating a true holiday fairy tale with its look and atmosphere.\" \/>\n<meta property=\"og:url\" content=\"https:\/\/www.flowerstime.lt\/en\/product\/festive-box-christmas-magic\/\" \/>\n<meta property=\"og:site_name\" content=\"Flowers time - G\u0117li\u0173 pristatymas Vilniuje\" \/>\n<meta property=\"og:image\" content=\"https:\/\/www.flowerstime.lt\/wp-content\/uploads\/2025\/11\/viber_image_2025-11-21_12-36-06-654.jpg\" \/>\n\t<meta property=\"og:image:width\" content=\"1600\" \/>\n\t<meta property=\"og:image:height\" content=\"1600\" \/>\n\t<meta property=\"og:image:type\" content=\"image\/jpeg\" \/>\n<meta name=\"twitter:card\" content=\"summary_large_image\" \/>\n<script type=\"application\/ld+json\" class=\"yoast-schema-graph\">{\"@context\":\"https:\/\/schema.org\",\"@graph\":[{\"@type\":\"WebPage\",\"@id\":\"https:\/\/www.flowerstime.lt\/en\/product\/festive-box-christmas-magic\/\",\"url\":\"https:\/\/www.flowerstime.lt\/en\/product\/festive-box-christmas-magic\/\",\"name\":\"Festive Box \\\"Christmas Magic\\\" | Christmas Compositions | Flowers Time\",\"isPartOf\":{\"@id\":\"https:\/\/www.flowerstime.lt\/en\/#website\"},\"primaryImageOfPage\":{\"@id\":\"https:\/\/www.flowerstime.lt\/en\/product\/festive-box-christmas-magic\/#primaryimage\"},\"image\":{\"@id\":\"https:\/\/www.flowerstime.lt\/en\/product\/festive-box-christmas-magic\/#primaryimage\"},\"thumbnailUrl\":\"https:\/\/www.flowerstime.lt\/wp-content\/uploads\/2025\/11\/viber_image_2025-11-21_12-36-06-654.jpg\",\"datePublished\":\"2025-11-23T10:07:33+00:00\",\"description\":\"The festive box is full of cozy Christmas spirit and elegant winter charm, creating a true holiday fairy tale with its look and atmosphere.\",\"breadcrumb\":{\"@id\":\"https:\/\/www.flowerstime.lt\/en\/product\/festive-box-christmas-magic\/#breadcrumb\"},\"inLanguage\":\"en-US\",\"potentialAction\":[{\"@type\":\"ReadAction\",\"target\":[\"https:\/\/www.flowerstime.lt\/en\/product\/festive-box-christmas-magic\/\"]}]},{\"@type\":\"ImageObject\",\"inLanguage\":\"en-US\",\"@id\":\"https:\/\/www.flowerstime.lt\/en\/product\/festive-box-christmas-magic\/#primaryimage\",\"url\":\"https:\/\/www.flowerstime.lt\/wp-content\/uploads\/2025\/11\/viber_image_2025-11-21_12-36-06-654.jpg\",\"contentUrl\":\"https:\/\/www.flowerstime.lt\/wp-content\/uploads\/2025\/11\/viber_image_2025-11-21_12-36-06-654.jpg\",\"width\":1600,\"height\":1600,\"caption\":\"\u0160ventin\u0117 d\u0117\u017eut\u0117 \u201eKal\u0117din\u0117 Magija\u201c\"},{\"@type\":\"BreadcrumbList\",\"@id\":\"https:\/\/www.flowerstime.lt\/en\/product\/festive-box-christmas-magic\/#breadcrumb\",\"itemListElement\":[{\"@type\":\"ListItem\",\"position\":1,\"name\":\"Home\",\"item\":\"https:\/\/www.flowerstime.lt\/en\/\"},{\"@type\":\"ListItem\",\"position\":2,\"name\":\"Flowers delivery in Vilnius\",\"item\":\"https:\/\/www.flowerstime.lt\/en\/\"},{\"@type\":\"ListItem\",\"position\":3,\"name\":\"Festive Box &#8220;Christmas Magic&#8221;\"}]},{\"@type\":\"WebSite\",\"@id\":\"https:\/\/www.flowerstime.lt\/en\/#website\",\"url\":\"https:\/\/www.flowerstime.lt\/en\/\",\"name\":\"Flowers time - G\u0117li\u0173 pristatymas Vilniuje\",\"description\":\"\",\"potentialAction\":[{\"@type\":\"SearchAction\",\"target\":{\"@type\":\"EntryPoint\",\"urlTemplate\":\"https:\/\/www.flowerstime.lt\/en\/?s={search_term_string}\"},\"query-input\":{\"@type\":\"PropertyValueSpecification\",\"valueRequired\":true,\"valueName\":\"search_term_string\"}}],\"inLanguage\":\"en-US\"}]}<\/script>\n<!-- \/ Yoast SEO plugin. -->","yoast_head_json":{"title":"Festive Box \"Christmas Magic\" | Christmas Compositions | Flowers Time","description":"The festive box is full of cozy Christmas spirit and elegant winter charm, creating a true holiday fairy tale with its look and atmosphere.","robots":{"index":"index","follow":"follow","max-snippet":"max-snippet:-1","max-image-preview":"max-image-preview:large","max-video-preview":"max-video-preview:-1"},"canonical":"https:\/\/www.flowerstime.lt\/en\/product\/festive-box-christmas-magic\/","og_locale":"en_US","og_type":"article","og_title":"Festive Box \"Christmas Magic\" | Christmas Compositions | Flowers Time","og_description":"The festive box is full of cozy Christmas spirit and elegant winter charm, creating a true holiday fairy tale with its look and atmosphere.","og_url":"https:\/\/www.flowerstime.lt\/en\/product\/festive-box-christmas-magic\/","og_site_name":"Flowers time - G\u0117li\u0173 pristatymas Vilniuje","og_image":[{"width":1600,"height":1600,"url":"https:\/\/www.flowerstime.lt\/wp-content\/uploads\/2025\/11\/viber_image_2025-11-21_12-36-06-654.jpg","type":"image\/jpeg"}],"twitter_card":"summary_large_image","schema":{"@context":"https:\/\/schema.org","@graph":[{"@type":"WebPage","@id":"https:\/\/www.flowerstime.lt\/en\/product\/festive-box-christmas-magic\/","url":"https:\/\/www.flowerstime.lt\/en\/product\/festive-box-christmas-magic\/","name":"Festive Box \"Christmas Magic\" | Christmas Compositions | Flowers Time","isPartOf":{"@id":"https:\/\/www.flowerstime.lt\/en\/#website"},"primaryImageOfPage":{"@id":"https:\/\/www.flowerstime.lt\/en\/product\/festive-box-christmas-magic\/#primaryimage"},"image":{"@id":"https:\/\/www.flowerstime.lt\/en\/product\/festive-box-christmas-magic\/#primaryimage"},"thumbnailUrl":"https:\/\/www.flowerstime.lt\/wp-content\/uploads\/2025\/11\/viber_image_2025-11-21_12-36-06-654.jpg","datePublished":"2025-11-23T10:07:33+00:00","description":"The festive box is full of cozy Christmas spirit and elegant winter charm, creating a true holiday fairy tale with its look and atmosphere.","breadcrumb":{"@id":"https:\/\/www.flowerstime.lt\/en\/product\/festive-box-christmas-magic\/#breadcrumb"},"inLanguage":"en-US","potentialAction":[{"@type":"ReadAction","target":["https:\/\/www.flowerstime.lt\/en\/product\/festive-box-christmas-magic\/"]}]},{"@type":"ImageObject","inLanguage":"en-US","@id":"https:\/\/www.flowerstime.lt\/en\/product\/festive-box-christmas-magic\/#primaryimage","url":"https:\/\/www.flowerstime.lt\/wp-content\/uploads\/2025\/11\/viber_image_2025-11-21_12-36-06-654.jpg","contentUrl":"https:\/\/www.flowerstime.lt\/wp-content\/uploads\/2025\/11\/viber_image_2025-11-21_12-36-06-654.jpg","width":1600,"height":1600,"caption":"\u0160ventin\u0117 d\u0117\u017eut\u0117 \u201eKal\u0117din\u0117 Magija\u201c"},{"@type":"BreadcrumbList","@id":"https:\/\/www.flowerstime.lt\/en\/product\/festive-box-christmas-magic\/#breadcrumb","itemListElement":[{"@type":"ListItem","position":1,"name":"Home","item":"https:\/\/www.flowerstime.lt\/en\/"},{"@type":"ListItem","position":2,"name":"Flowers delivery in Vilnius","item":"https:\/\/www.flowerstime.lt\/en\/"},{"@type":"ListItem","position":3,"name":"Festive Box &#8220;Christmas Magic&#8221;"}]},{"@type":"WebSite","@id":"https:\/\/www.flowerstime.lt\/en\/#website","url":"https:\/\/www.flowerstime.lt\/en\/","name":"Flowers time - G\u0117li\u0173 pristatymas Vilniuje","description":"","potentialAction":[{"@type":"SearchAction","target":{"@type":"EntryPoint","urlTemplate":"https:\/\/www.flowerstime.lt\/en\/?s={search_term_string}"},"query-input":{"@type":"PropertyValueSpecification","valueRequired":true,"valueName":"search_term_string"}}],"inLanguage":"en-US"}]}},"_links":{"self":[{"href":"https:\/\/www.flowerstime.lt\/en\/wp-json\/wp\/v2\/product\/12318","targetHints":{"allow":["GET"]}}],"collection":[{"href":"https:\/\/www.flowerstime.lt\/en\/wp-json\/wp\/v2\/product"}],"about":[{"href":"https:\/\/www.flowerstime.lt\/en\/wp-json\/wp\/v2\/types\/product"}],"wp:featuredmedia":[{"embeddable":true,"href":"https:\/\/www.flowerstime.lt\/en\/wp-json\/wp\/v2\/media\/12316"}],"wp:attachment":[{"href":"https:\/\/www.flowerstime.lt\/en\/wp-json\/wp\/v2\/media?parent=12318"}],"wp:term":[{"taxonomy":"product_brand","embeddable":true,"href":"https:\/\/www.flowerstime.lt\/en\/wp-json\/wp\/v2\/product_brand?post=12318"},{"taxonomy":"product_cat","embeddable":true,"href":"https:\/\/www.flowerstime.lt\/en\/wp-json\/wp\/v2\/product_cat?post=12318"},{"taxonomy":"product_tag","embeddable":true,"href":"https:\/\/www.flowerstime.lt\/en\/wp-json\/wp\/v2\/product_tag?post=12318"}],"curies":[{"name":"wp","href":"https:\/\/api.w.org\/{rel}","templated":true}]}}