{"id":7199,"date":"2020-03-31T08:09:41","date_gmt":"2020-03-31T05:09:41","guid":{"rendered":"https:\/\/www.flowerstime.lt\/produktas\/bouquet-of-pink-gypsophilas\/"},"modified":"2023-06-30T13:53:42","modified_gmt":"2023-06-30T10:53:42","slug":"bouquet-of-pink-gypsophilas","status":"publish","type":"product","link":"https:\/\/www.flowerstime.lt\/en\/product\/bouquet-of-pink-gypsophilas\/","title":{"rendered":"Bouquet of pink gypsophilas"},"content":{"rendered":"<p>A bouquet of pink gypsophila &#8211; like a soft cloud, best wishes. Surprise your loved one by giving a bouquet of these exceptional flowers, which will become a home decoration and will remind you of your beautiful wishes for a long time. You can choose the bouquet from several different sizes.<\/p>\n","protected":false},"excerpt":{"rendered":"<p>A bouquet of pink gypsophila &#8211; like a soft cloud, best wishes. Surprise your loved one by giving a bouquet of these exceptional flowers, which will become a home decoration and will remind you of your beautiful wishes for a long time. You can choose the bouquet from several different sizes.<\/p>\n","protected":false},"featured_media":10037,"template":"","meta":[],"product_brand":[],"product_cat":[113,109,197],"product_tag":[],"class_list":{"0":"post-7199","1":"product","2":"type-product","3":"status-publish","4":"has-post-thumbnail","6":"product_cat-bouquets","7":"product_cat-flowers","8":"product_cat-gypsophila","9":"tm-has-styled-variations","10":"tm-has-options","11":"mk-info-sticky","13":"first","14":"instock","15":"taxable","16":"shipping-taxable","17":"purchasable","18":"product-type-variable"},"yoast_head":"<!-- This site is optimized with the Yoast SEO plugin v27.1.1 - https:\/\/yoast.com\/product\/yoast-seo-wordpress\/ -->\n<title>Bouquet of pink gypsophilas | Flowers | Flowers time - Flowers delivery<\/title>\n<meta name=\"description\" content=\"A bouquet of pink gypsophila - like a soft cloud, best wishes. Surprise your loved one with this unique bouquet.\" \/>\n<meta name=\"robots\" content=\"index, follow, max-snippet:-1, max-image-preview:large, max-video-preview:-1\" \/>\n<link rel=\"canonical\" href=\"https:\/\/www.flowerstime.lt\/en\/product\/bouquet-of-pink-gypsophilas\/\" \/>\n<meta property=\"og:locale\" content=\"en_US\" \/>\n<meta property=\"og:type\" content=\"article\" \/>\n<meta property=\"og:title\" content=\"Bouquet of pink gypsophilas | Flowers | Flowers time - Flowers delivery\" \/>\n<meta property=\"og:description\" content=\"A bouquet of pink gypsophila - like a soft cloud, best wishes. Surprise your loved one with this unique bouquet.\" \/>\n<meta property=\"og:url\" content=\"https:\/\/www.flowerstime.lt\/en\/product\/bouquet-of-pink-gypsophilas\/\" \/>\n<meta property=\"og:site_name\" content=\"Flowers time - G\u0117li\u0173 pristatymas Vilniuje\" \/>\n<meta property=\"article:modified_time\" content=\"2023-06-30T10:53:42+00:00\" \/>\n<meta property=\"og:image\" content=\"https:\/\/www.flowerstime.lt\/wp-content\/uploads\/2020\/03\/gipsofiliju-puokste.jpg\" \/>\n\t<meta property=\"og:image:width\" content=\"600\" \/>\n\t<meta property=\"og:image:height\" content=\"600\" \/>\n\t<meta property=\"og:image:type\" content=\"image\/jpeg\" \/>\n<meta name=\"twitter:card\" content=\"summary_large_image\" \/>\n<script type=\"application\/ld+json\" class=\"yoast-schema-graph\">{\"@context\":\"https:\/\/schema.org\",\"@graph\":[{\"@type\":\"WebPage\",\"@id\":\"https:\/\/www.flowerstime.lt\/en\/product\/bouquet-of-pink-gypsophilas\/\",\"url\":\"https:\/\/www.flowerstime.lt\/en\/product\/bouquet-of-pink-gypsophilas\/\",\"name\":\"Bouquet of pink gypsophilas | Flowers | Flowers time - Flowers delivery\",\"isPartOf\":{\"@id\":\"https:\/\/www.flowerstime.lt\/en\/#website\"},\"primaryImageOfPage\":{\"@id\":\"https:\/\/www.flowerstime.lt\/en\/product\/bouquet-of-pink-gypsophilas\/#primaryimage\"},\"image\":{\"@id\":\"https:\/\/www.flowerstime.lt\/en\/product\/bouquet-of-pink-gypsophilas\/#primaryimage\"},\"thumbnailUrl\":\"https:\/\/www.flowerstime.lt\/wp-content\/uploads\/2020\/03\/gipsofiliju-puokste.jpg\",\"datePublished\":\"2020-03-31T05:09:41+00:00\",\"dateModified\":\"2023-06-30T10:53:42+00:00\",\"description\":\"A bouquet of pink gypsophila - like a soft cloud, best wishes. Surprise your loved one with this unique bouquet.\",\"breadcrumb\":{\"@id\":\"https:\/\/www.flowerstime.lt\/en\/product\/bouquet-of-pink-gypsophilas\/#breadcrumb\"},\"inLanguage\":\"en-US\",\"potentialAction\":[{\"@type\":\"ReadAction\",\"target\":[\"https:\/\/www.flowerstime.lt\/en\/product\/bouquet-of-pink-gypsophilas\/\"]}]},{\"@type\":\"ImageObject\",\"inLanguage\":\"en-US\",\"@id\":\"https:\/\/www.flowerstime.lt\/en\/product\/bouquet-of-pink-gypsophilas\/#primaryimage\",\"url\":\"https:\/\/www.flowerstime.lt\/wp-content\/uploads\/2020\/03\/gipsofiliju-puokste.jpg\",\"contentUrl\":\"https:\/\/www.flowerstime.lt\/wp-content\/uploads\/2020\/03\/gipsofiliju-puokste.jpg\",\"width\":600,\"height\":600,\"caption\":\"Ro\u017eini\u0173 gipsofilij\u0173 puok\u0161t\u0117\"},{\"@type\":\"BreadcrumbList\",\"@id\":\"https:\/\/www.flowerstime.lt\/en\/product\/bouquet-of-pink-gypsophilas\/#breadcrumb\",\"itemListElement\":[{\"@type\":\"ListItem\",\"position\":1,\"name\":\"Home\",\"item\":\"https:\/\/www.flowerstime.lt\/en\/\"},{\"@type\":\"ListItem\",\"position\":2,\"name\":\"Flowers delivery in Vilnius\",\"item\":\"https:\/\/www.flowerstime.lt\/en\/\"},{\"@type\":\"ListItem\",\"position\":3,\"name\":\"Bouquet of pink gypsophilas\"}]},{\"@type\":\"WebSite\",\"@id\":\"https:\/\/www.flowerstime.lt\/en\/#website\",\"url\":\"https:\/\/www.flowerstime.lt\/en\/\",\"name\":\"Flowers time - G\u0117li\u0173 pristatymas Vilniuje\",\"description\":\"\",\"potentialAction\":[{\"@type\":\"SearchAction\",\"target\":{\"@type\":\"EntryPoint\",\"urlTemplate\":\"https:\/\/www.flowerstime.lt\/en\/?s={search_term_string}\"},\"query-input\":{\"@type\":\"PropertyValueSpecification\",\"valueRequired\":true,\"valueName\":\"search_term_string\"}}],\"inLanguage\":\"en-US\"}]}<\/script>\n<!-- \/ Yoast SEO plugin. -->","yoast_head_json":{"title":"Bouquet of pink gypsophilas | Flowers | Flowers time - Flowers delivery","description":"A bouquet of pink gypsophila - like a soft cloud, best wishes. Surprise your loved one with this unique bouquet.","robots":{"index":"index","follow":"follow","max-snippet":"max-snippet:-1","max-image-preview":"max-image-preview:large","max-video-preview":"max-video-preview:-1"},"canonical":"https:\/\/www.flowerstime.lt\/en\/product\/bouquet-of-pink-gypsophilas\/","og_locale":"en_US","og_type":"article","og_title":"Bouquet of pink gypsophilas | Flowers | Flowers time - Flowers delivery","og_description":"A bouquet of pink gypsophila - like a soft cloud, best wishes. Surprise your loved one with this unique bouquet.","og_url":"https:\/\/www.flowerstime.lt\/en\/product\/bouquet-of-pink-gypsophilas\/","og_site_name":"Flowers time - G\u0117li\u0173 pristatymas Vilniuje","article_modified_time":"2023-06-30T10:53:42+00:00","og_image":[{"width":600,"height":600,"url":"https:\/\/www.flowerstime.lt\/wp-content\/uploads\/2020\/03\/gipsofiliju-puokste.jpg","type":"image\/jpeg"}],"twitter_card":"summary_large_image","schema":{"@context":"https:\/\/schema.org","@graph":[{"@type":"WebPage","@id":"https:\/\/www.flowerstime.lt\/en\/product\/bouquet-of-pink-gypsophilas\/","url":"https:\/\/www.flowerstime.lt\/en\/product\/bouquet-of-pink-gypsophilas\/","name":"Bouquet of pink gypsophilas | Flowers | Flowers time - Flowers delivery","isPartOf":{"@id":"https:\/\/www.flowerstime.lt\/en\/#website"},"primaryImageOfPage":{"@id":"https:\/\/www.flowerstime.lt\/en\/product\/bouquet-of-pink-gypsophilas\/#primaryimage"},"image":{"@id":"https:\/\/www.flowerstime.lt\/en\/product\/bouquet-of-pink-gypsophilas\/#primaryimage"},"thumbnailUrl":"https:\/\/www.flowerstime.lt\/wp-content\/uploads\/2020\/03\/gipsofiliju-puokste.jpg","datePublished":"2020-03-31T05:09:41+00:00","dateModified":"2023-06-30T10:53:42+00:00","description":"A bouquet of pink gypsophila - like a soft cloud, best wishes. Surprise your loved one with this unique bouquet.","breadcrumb":{"@id":"https:\/\/www.flowerstime.lt\/en\/product\/bouquet-of-pink-gypsophilas\/#breadcrumb"},"inLanguage":"en-US","potentialAction":[{"@type":"ReadAction","target":["https:\/\/www.flowerstime.lt\/en\/product\/bouquet-of-pink-gypsophilas\/"]}]},{"@type":"ImageObject","inLanguage":"en-US","@id":"https:\/\/www.flowerstime.lt\/en\/product\/bouquet-of-pink-gypsophilas\/#primaryimage","url":"https:\/\/www.flowerstime.lt\/wp-content\/uploads\/2020\/03\/gipsofiliju-puokste.jpg","contentUrl":"https:\/\/www.flowerstime.lt\/wp-content\/uploads\/2020\/03\/gipsofiliju-puokste.jpg","width":600,"height":600,"caption":"Ro\u017eini\u0173 gipsofilij\u0173 puok\u0161t\u0117"},{"@type":"BreadcrumbList","@id":"https:\/\/www.flowerstime.lt\/en\/product\/bouquet-of-pink-gypsophilas\/#breadcrumb","itemListElement":[{"@type":"ListItem","position":1,"name":"Home","item":"https:\/\/www.flowerstime.lt\/en\/"},{"@type":"ListItem","position":2,"name":"Flowers delivery in Vilnius","item":"https:\/\/www.flowerstime.lt\/en\/"},{"@type":"ListItem","position":3,"name":"Bouquet of pink gypsophilas"}]},{"@type":"WebSite","@id":"https:\/\/www.flowerstime.lt\/en\/#website","url":"https:\/\/www.flowerstime.lt\/en\/","name":"Flowers time - G\u0117li\u0173 pristatymas Vilniuje","description":"","potentialAction":[{"@type":"SearchAction","target":{"@type":"EntryPoint","urlTemplate":"https:\/\/www.flowerstime.lt\/en\/?s={search_term_string}"},"query-input":{"@type":"PropertyValueSpecification","valueRequired":true,"valueName":"search_term_string"}}],"inLanguage":"en-US"}]}},"_links":{"self":[{"href":"https:\/\/www.flowerstime.lt\/en\/wp-json\/wp\/v2\/product\/7199","targetHints":{"allow":["GET"]}}],"collection":[{"href":"https:\/\/www.flowerstime.lt\/en\/wp-json\/wp\/v2\/product"}],"about":[{"href":"https:\/\/www.flowerstime.lt\/en\/wp-json\/wp\/v2\/types\/product"}],"wp:featuredmedia":[{"embeddable":true,"href":"https:\/\/www.flowerstime.lt\/en\/wp-json\/wp\/v2\/media\/10037"}],"wp:attachment":[{"href":"https:\/\/www.flowerstime.lt\/en\/wp-json\/wp\/v2\/media?parent=7199"}],"wp:term":[{"taxonomy":"product_brand","embeddable":true,"href":"https:\/\/www.flowerstime.lt\/en\/wp-json\/wp\/v2\/product_brand?post=7199"},{"taxonomy":"product_cat","embeddable":true,"href":"https:\/\/www.flowerstime.lt\/en\/wp-json\/wp\/v2\/product_cat?post=7199"},{"taxonomy":"product_tag","embeddable":true,"href":"https:\/\/www.flowerstime.lt\/en\/wp-json\/wp\/v2\/product_tag?post=7199"}],"curies":[{"name":"wp","href":"https:\/\/api.w.org\/{rel}","templated":true}]}}