{"id":7441,"date":"2021-01-07T15:48:20","date_gmt":"2021-01-07T12:48:20","guid":{"rendered":"https:\/\/www.flowerstime.lt\/?post_type=product&#038;p=7441"},"modified":"2026-02-05T19:44:51","modified_gmt":"2026-02-05T16:44:51","slug":"medium-size-orange-sleeping-rose-under-glass","status":"publish","type":"product","link":"https:\/\/www.flowerstime.lt\/en\/product\/medium-size-orange-sleeping-rose-under-glass\/","title":{"rendered":"Medium size orange sleeping rose under glass"},"content":{"rendered":"<p>A medium-sized orange sleeping rose under glass is a great interior decoration for your home and a wonderful gift for various occasions. The advantage of this rose is that it does not need to be watered. The height of the sleeping rose is 22.5 cm.<\/p>\n","protected":false},"excerpt":{"rendered":"<p>A medium-sized orange sleeping rose under glass is a great interior decoration for your home and a wonderful gift for various occasions. The advantage of this rose is that it does not need to be watered. The height of the sleeping rose is 22.5 cm.<\/p>\n","protected":false},"featured_media":10213,"template":"","meta":[],"product_brand":[],"product_cat":[109,120],"product_tag":[],"class_list":{"0":"post-7441","1":"product","2":"type-product","3":"status-publish","4":"has-post-thumbnail","6":"product_cat-flowers","7":"product_cat-sleeping-roses","8":"tm-no-options","9":"mk-info-sticky","11":"first","12":"instock","13":"taxable","14":"shipping-taxable","15":"purchasable","16":"product-type-simple"},"yoast_head":"<!-- This site is optimized with the Yoast SEO plugin v27.1.1 - https:\/\/yoast.com\/product\/yoast-seo-wordpress\/ -->\n<title>Medium size orange sleeping rose under glass | Stabilized roses<\/title>\n<meta name=\"description\" content=\"Medium-sized orange sleeping rose - grown in a natural environment. Soaked in a special liquid, with the help of which it does not develop for several years.\" \/>\n<meta name=\"robots\" content=\"index, follow, max-snippet:-1, max-image-preview:large, max-video-preview:-1\" \/>\n<link rel=\"canonical\" href=\"https:\/\/www.flowerstime.lt\/en\/product\/medium-size-orange-sleeping-rose-under-glass\/\" \/>\n<meta property=\"og:locale\" content=\"en_US\" \/>\n<meta property=\"og:type\" content=\"article\" \/>\n<meta property=\"og:title\" content=\"Medium size orange sleeping rose under glass | Stabilized roses\" \/>\n<meta property=\"og:description\" content=\"Medium-sized orange sleeping rose - grown in a natural environment. Soaked in a special liquid, with the help of which it does not develop for several years.\" \/>\n<meta property=\"og:url\" content=\"https:\/\/www.flowerstime.lt\/en\/product\/medium-size-orange-sleeping-rose-under-glass\/\" \/>\n<meta property=\"og:site_name\" content=\"Flowers time - G\u0117li\u0173 pristatymas Vilniuje\" \/>\n<meta property=\"article:modified_time\" content=\"2026-02-05T16:44:51+00:00\" \/>\n<meta property=\"og:image\" content=\"https:\/\/www.flowerstime.lt\/wp-content\/uploads\/2021\/01\/oranzine-vidutine-mieganti-roze.jpg\" \/>\n\t<meta property=\"og:image:width\" content=\"600\" \/>\n\t<meta property=\"og:image:height\" content=\"600\" \/>\n\t<meta property=\"og:image:type\" content=\"image\/jpeg\" \/>\n<meta name=\"twitter:card\" content=\"summary_large_image\" \/>\n<script type=\"application\/ld+json\" class=\"yoast-schema-graph\">{\"@context\":\"https:\/\/schema.org\",\"@graph\":[{\"@type\":\"WebPage\",\"@id\":\"https:\/\/www.flowerstime.lt\/en\/product\/medium-size-orange-sleeping-rose-under-glass\/\",\"url\":\"https:\/\/www.flowerstime.lt\/en\/product\/medium-size-orange-sleeping-rose-under-glass\/\",\"name\":\"Medium size orange sleeping rose under glass | Stabilized roses\",\"isPartOf\":{\"@id\":\"https:\/\/www.flowerstime.lt\/en\/#website\"},\"primaryImageOfPage\":{\"@id\":\"https:\/\/www.flowerstime.lt\/en\/product\/medium-size-orange-sleeping-rose-under-glass\/#primaryimage\"},\"image\":{\"@id\":\"https:\/\/www.flowerstime.lt\/en\/product\/medium-size-orange-sleeping-rose-under-glass\/#primaryimage\"},\"thumbnailUrl\":\"https:\/\/www.flowerstime.lt\/wp-content\/uploads\/2021\/01\/oranzine-vidutine-mieganti-roze.jpg\",\"datePublished\":\"2021-01-07T12:48:20+00:00\",\"dateModified\":\"2026-02-05T16:44:51+00:00\",\"description\":\"Medium-sized orange sleeping rose - grown in a natural environment. Soaked in a special liquid, with the help of which it does not develop for several years.\",\"breadcrumb\":{\"@id\":\"https:\/\/www.flowerstime.lt\/en\/product\/medium-size-orange-sleeping-rose-under-glass\/#breadcrumb\"},\"inLanguage\":\"en-US\",\"potentialAction\":[{\"@type\":\"ReadAction\",\"target\":[\"https:\/\/www.flowerstime.lt\/en\/product\/medium-size-orange-sleeping-rose-under-glass\/\"]}]},{\"@type\":\"ImageObject\",\"inLanguage\":\"en-US\",\"@id\":\"https:\/\/www.flowerstime.lt\/en\/product\/medium-size-orange-sleeping-rose-under-glass\/#primaryimage\",\"url\":\"https:\/\/www.flowerstime.lt\/wp-content\/uploads\/2021\/01\/oranzine-vidutine-mieganti-roze.jpg\",\"contentUrl\":\"https:\/\/www.flowerstime.lt\/wp-content\/uploads\/2021\/01\/oranzine-vidutine-mieganti-roze.jpg\",\"width\":600,\"height\":600,\"caption\":\"Vidutin\u0117 oran\u017ein\u0117 mieganti ro\u017e\u0117\"},{\"@type\":\"BreadcrumbList\",\"@id\":\"https:\/\/www.flowerstime.lt\/en\/product\/medium-size-orange-sleeping-rose-under-glass\/#breadcrumb\",\"itemListElement\":[{\"@type\":\"ListItem\",\"position\":1,\"name\":\"Home\",\"item\":\"https:\/\/www.flowerstime.lt\/en\/\"},{\"@type\":\"ListItem\",\"position\":2,\"name\":\"Flowers delivery in Vilnius\",\"item\":\"https:\/\/www.flowerstime.lt\/en\/\"},{\"@type\":\"ListItem\",\"position\":3,\"name\":\"Medium size orange sleeping rose under glass\"}]},{\"@type\":\"WebSite\",\"@id\":\"https:\/\/www.flowerstime.lt\/en\/#website\",\"url\":\"https:\/\/www.flowerstime.lt\/en\/\",\"name\":\"Flowers time - G\u0117li\u0173 pristatymas Vilniuje\",\"description\":\"\",\"potentialAction\":[{\"@type\":\"SearchAction\",\"target\":{\"@type\":\"EntryPoint\",\"urlTemplate\":\"https:\/\/www.flowerstime.lt\/en\/?s={search_term_string}\"},\"query-input\":{\"@type\":\"PropertyValueSpecification\",\"valueRequired\":true,\"valueName\":\"search_term_string\"}}],\"inLanguage\":\"en-US\"}]}<\/script>\n<!-- \/ Yoast SEO plugin. -->","yoast_head_json":{"title":"Medium size orange sleeping rose under glass | Stabilized roses","description":"Medium-sized orange sleeping rose - grown in a natural environment. Soaked in a special liquid, with the help of which it does not develop for several years.","robots":{"index":"index","follow":"follow","max-snippet":"max-snippet:-1","max-image-preview":"max-image-preview:large","max-video-preview":"max-video-preview:-1"},"canonical":"https:\/\/www.flowerstime.lt\/en\/product\/medium-size-orange-sleeping-rose-under-glass\/","og_locale":"en_US","og_type":"article","og_title":"Medium size orange sleeping rose under glass | Stabilized roses","og_description":"Medium-sized orange sleeping rose - grown in a natural environment. Soaked in a special liquid, with the help of which it does not develop for several years.","og_url":"https:\/\/www.flowerstime.lt\/en\/product\/medium-size-orange-sleeping-rose-under-glass\/","og_site_name":"Flowers time - G\u0117li\u0173 pristatymas Vilniuje","article_modified_time":"2026-02-05T16:44:51+00:00","og_image":[{"width":600,"height":600,"url":"https:\/\/www.flowerstime.lt\/wp-content\/uploads\/2021\/01\/oranzine-vidutine-mieganti-roze.jpg","type":"image\/jpeg"}],"twitter_card":"summary_large_image","schema":{"@context":"https:\/\/schema.org","@graph":[{"@type":"WebPage","@id":"https:\/\/www.flowerstime.lt\/en\/product\/medium-size-orange-sleeping-rose-under-glass\/","url":"https:\/\/www.flowerstime.lt\/en\/product\/medium-size-orange-sleeping-rose-under-glass\/","name":"Medium size orange sleeping rose under glass | Stabilized roses","isPartOf":{"@id":"https:\/\/www.flowerstime.lt\/en\/#website"},"primaryImageOfPage":{"@id":"https:\/\/www.flowerstime.lt\/en\/product\/medium-size-orange-sleeping-rose-under-glass\/#primaryimage"},"image":{"@id":"https:\/\/www.flowerstime.lt\/en\/product\/medium-size-orange-sleeping-rose-under-glass\/#primaryimage"},"thumbnailUrl":"https:\/\/www.flowerstime.lt\/wp-content\/uploads\/2021\/01\/oranzine-vidutine-mieganti-roze.jpg","datePublished":"2021-01-07T12:48:20+00:00","dateModified":"2026-02-05T16:44:51+00:00","description":"Medium-sized orange sleeping rose - grown in a natural environment. Soaked in a special liquid, with the help of which it does not develop for several years.","breadcrumb":{"@id":"https:\/\/www.flowerstime.lt\/en\/product\/medium-size-orange-sleeping-rose-under-glass\/#breadcrumb"},"inLanguage":"en-US","potentialAction":[{"@type":"ReadAction","target":["https:\/\/www.flowerstime.lt\/en\/product\/medium-size-orange-sleeping-rose-under-glass\/"]}]},{"@type":"ImageObject","inLanguage":"en-US","@id":"https:\/\/www.flowerstime.lt\/en\/product\/medium-size-orange-sleeping-rose-under-glass\/#primaryimage","url":"https:\/\/www.flowerstime.lt\/wp-content\/uploads\/2021\/01\/oranzine-vidutine-mieganti-roze.jpg","contentUrl":"https:\/\/www.flowerstime.lt\/wp-content\/uploads\/2021\/01\/oranzine-vidutine-mieganti-roze.jpg","width":600,"height":600,"caption":"Vidutin\u0117 oran\u017ein\u0117 mieganti ro\u017e\u0117"},{"@type":"BreadcrumbList","@id":"https:\/\/www.flowerstime.lt\/en\/product\/medium-size-orange-sleeping-rose-under-glass\/#breadcrumb","itemListElement":[{"@type":"ListItem","position":1,"name":"Home","item":"https:\/\/www.flowerstime.lt\/en\/"},{"@type":"ListItem","position":2,"name":"Flowers delivery in Vilnius","item":"https:\/\/www.flowerstime.lt\/en\/"},{"@type":"ListItem","position":3,"name":"Medium size orange sleeping rose under glass"}]},{"@type":"WebSite","@id":"https:\/\/www.flowerstime.lt\/en\/#website","url":"https:\/\/www.flowerstime.lt\/en\/","name":"Flowers time - G\u0117li\u0173 pristatymas Vilniuje","description":"","potentialAction":[{"@type":"SearchAction","target":{"@type":"EntryPoint","urlTemplate":"https:\/\/www.flowerstime.lt\/en\/?s={search_term_string}"},"query-input":{"@type":"PropertyValueSpecification","valueRequired":true,"valueName":"search_term_string"}}],"inLanguage":"en-US"}]}},"_links":{"self":[{"href":"https:\/\/www.flowerstime.lt\/en\/wp-json\/wp\/v2\/product\/7441","targetHints":{"allow":["GET"]}}],"collection":[{"href":"https:\/\/www.flowerstime.lt\/en\/wp-json\/wp\/v2\/product"}],"about":[{"href":"https:\/\/www.flowerstime.lt\/en\/wp-json\/wp\/v2\/types\/product"}],"wp:featuredmedia":[{"embeddable":true,"href":"https:\/\/www.flowerstime.lt\/en\/wp-json\/wp\/v2\/media\/10213"}],"wp:attachment":[{"href":"https:\/\/www.flowerstime.lt\/en\/wp-json\/wp\/v2\/media?parent=7441"}],"wp:term":[{"taxonomy":"product_brand","embeddable":true,"href":"https:\/\/www.flowerstime.lt\/en\/wp-json\/wp\/v2\/product_brand?post=7441"},{"taxonomy":"product_cat","embeddable":true,"href":"https:\/\/www.flowerstime.lt\/en\/wp-json\/wp\/v2\/product_cat?post=7441"},{"taxonomy":"product_tag","embeddable":true,"href":"https:\/\/www.flowerstime.lt\/en\/wp-json\/wp\/v2\/product_tag?post=7441"}],"curies":[{"name":"wp","href":"https:\/\/api.w.org\/{rel}","templated":true}]}}