{"id":7566,"date":"2020-09-28T18:34:31","date_gmt":"2020-09-28T15:34:31","guid":{"rendered":"https:\/\/www.flowerstime.lt\/produktas\/bouquet-of-red-roses-and-sunflowers\/"},"modified":"2024-02-05T11:58:53","modified_gmt":"2024-02-05T08:58:53","slug":"bouquet-of-red-roses-and-sunflowers","status":"publish","type":"product","link":"https:\/\/www.flowerstime.lt\/en\/product\/bouquet-of-red-roses-and-sunflowers\/","title":{"rendered":"Bouquet of red roses and sunflowers"},"content":{"rendered":"<p>Elegance of roses with glowing yellow flowers. Surprise your loved ones with this eye-catching arrangement. A bouquet of fresh flowers for your celebration.<\/p>\n<p>You can choose the bouquet from several sizes:<\/p>\n<ul>\n<li>a small bouquet consists of 5 roses and 4 sunflowers;<\/li>\n<li>an average bouquet consists of 8 roses and 7 sunflowers;<\/li>\n<li>a large bouquet consists of 10 roses and 9 sunflowers.<\/li>\n<\/ul>\n","protected":false},"excerpt":{"rendered":"<p>Elegance of roses with glowing yellow flowers. Surprise your loved ones with this eye-catching arrangement. A bouquet of fresh flowers for your celebration. You can choose the bouquet from several sizes: a small bouquet consists of 5 roses and 4 sunflowers; an average bouquet consists of 8 roses and 7 sunflowers; a large bouquet consists [&hellip;]<\/p>\n","protected":false},"featured_media":8190,"template":"","meta":[],"product_brand":[],"product_cat":[113,109,111,130],"product_tag":[],"class_list":{"0":"post-7566","1":"product","2":"type-product","3":"status-publish","4":"has-post-thumbnail","6":"product_cat-bouquets","7":"product_cat-flowers","8":"product_cat-roses","9":"product_cat-sunflowers","10":"tm-has-styled-variations","11":"tm-has-options","12":"mk-info-sticky","14":"first","15":"instock","16":"taxable","17":"shipping-taxable","18":"purchasable","19":"product-type-variable"},"yoast_head":"<!-- This site is optimized with the Yoast SEO plugin v27.1.1 - https:\/\/yoast.com\/product\/yoast-seo-wordpress\/ -->\n<title>Bouquet of red roses and sunflowers | Flowerstime.lt<\/title>\n<meta name=\"description\" content=\"A bouquet of red roses and sunflowers is a stylish gift on the occasion of the holiday. Traditional rose elegance with glowing yellow sun flowers.\" \/>\n<meta name=\"robots\" content=\"index, follow, max-snippet:-1, max-image-preview:large, max-video-preview:-1\" \/>\n<link rel=\"canonical\" href=\"https:\/\/www.flowerstime.lt\/en\/product\/bouquet-of-red-roses-and-sunflowers\/\" \/>\n<meta property=\"og:locale\" content=\"en_US\" \/>\n<meta property=\"og:type\" content=\"article\" \/>\n<meta property=\"og:title\" content=\"Bouquet of red roses and sunflowers | Flowerstime.lt\" \/>\n<meta property=\"og:description\" content=\"A bouquet of red roses and sunflowers is a stylish gift on the occasion of the holiday. Traditional rose elegance with glowing yellow sun flowers.\" \/>\n<meta property=\"og:url\" content=\"https:\/\/www.flowerstime.lt\/en\/product\/bouquet-of-red-roses-and-sunflowers\/\" \/>\n<meta property=\"og:site_name\" content=\"Flowers time - G\u0117li\u0173 pristatymas Vilniuje\" \/>\n<meta property=\"article:modified_time\" content=\"2024-02-05T08:58:53+00:00\" \/>\n<meta property=\"og:image\" content=\"https:\/\/www.flowerstime.lt\/wp-content\/uploads\/2020\/09\/rozes-ir-saukegrazos.jpg\" \/>\n\t<meta property=\"og:image:width\" content=\"600\" \/>\n\t<meta property=\"og:image:height\" content=\"600\" \/>\n\t<meta property=\"og:image:type\" content=\"image\/jpeg\" \/>\n<meta name=\"twitter:card\" content=\"summary_large_image\" \/>\n<script type=\"application\/ld+json\" class=\"yoast-schema-graph\">{\"@context\":\"https:\/\/schema.org\",\"@graph\":[{\"@type\":\"WebPage\",\"@id\":\"https:\/\/www.flowerstime.lt\/en\/product\/bouquet-of-red-roses-and-sunflowers\/\",\"url\":\"https:\/\/www.flowerstime.lt\/en\/product\/bouquet-of-red-roses-and-sunflowers\/\",\"name\":\"Bouquet of red roses and sunflowers | Flowerstime.lt\",\"isPartOf\":{\"@id\":\"https:\/\/www.flowerstime.lt\/en\/#website\"},\"primaryImageOfPage\":{\"@id\":\"https:\/\/www.flowerstime.lt\/en\/product\/bouquet-of-red-roses-and-sunflowers\/#primaryimage\"},\"image\":{\"@id\":\"https:\/\/www.flowerstime.lt\/en\/product\/bouquet-of-red-roses-and-sunflowers\/#primaryimage\"},\"thumbnailUrl\":\"https:\/\/www.flowerstime.lt\/wp-content\/uploads\/2020\/09\/rozes-ir-saukegrazos.jpg\",\"datePublished\":\"2020-09-28T15:34:31+00:00\",\"dateModified\":\"2024-02-05T08:58:53+00:00\",\"description\":\"A bouquet of red roses and sunflowers is a stylish gift on the occasion of the holiday. Traditional rose elegance with glowing yellow sun flowers.\",\"breadcrumb\":{\"@id\":\"https:\/\/www.flowerstime.lt\/en\/product\/bouquet-of-red-roses-and-sunflowers\/#breadcrumb\"},\"inLanguage\":\"en-US\",\"potentialAction\":[{\"@type\":\"ReadAction\",\"target\":[\"https:\/\/www.flowerstime.lt\/en\/product\/bouquet-of-red-roses-and-sunflowers\/\"]}]},{\"@type\":\"ImageObject\",\"inLanguage\":\"en-US\",\"@id\":\"https:\/\/www.flowerstime.lt\/en\/product\/bouquet-of-red-roses-and-sunflowers\/#primaryimage\",\"url\":\"https:\/\/www.flowerstime.lt\/wp-content\/uploads\/2020\/09\/rozes-ir-saukegrazos.jpg\",\"contentUrl\":\"https:\/\/www.flowerstime.lt\/wp-content\/uploads\/2020\/09\/rozes-ir-saukegrazos.jpg\",\"width\":600,\"height\":600,\"caption\":\"Balt\u0173 ro\u017ei\u0173 ir saul\u0117gr\u0105\u017e\u0173 puok\u0161t\u0117\"},{\"@type\":\"BreadcrumbList\",\"@id\":\"https:\/\/www.flowerstime.lt\/en\/product\/bouquet-of-red-roses-and-sunflowers\/#breadcrumb\",\"itemListElement\":[{\"@type\":\"ListItem\",\"position\":1,\"name\":\"Home\",\"item\":\"https:\/\/www.flowerstime.lt\/en\/\"},{\"@type\":\"ListItem\",\"position\":2,\"name\":\"Flowers delivery in Vilnius\",\"item\":\"https:\/\/www.flowerstime.lt\/en\/\"},{\"@type\":\"ListItem\",\"position\":3,\"name\":\"Bouquet of red roses and sunflowers\"}]},{\"@type\":\"WebSite\",\"@id\":\"https:\/\/www.flowerstime.lt\/en\/#website\",\"url\":\"https:\/\/www.flowerstime.lt\/en\/\",\"name\":\"Flowers time - G\u0117li\u0173 pristatymas Vilniuje\",\"description\":\"\",\"potentialAction\":[{\"@type\":\"SearchAction\",\"target\":{\"@type\":\"EntryPoint\",\"urlTemplate\":\"https:\/\/www.flowerstime.lt\/en\/?s={search_term_string}\"},\"query-input\":{\"@type\":\"PropertyValueSpecification\",\"valueRequired\":true,\"valueName\":\"search_term_string\"}}],\"inLanguage\":\"en-US\"}]}<\/script>\n<!-- \/ Yoast SEO plugin. -->","yoast_head_json":{"title":"Bouquet of red roses and sunflowers | Flowerstime.lt","description":"A bouquet of red roses and sunflowers is a stylish gift on the occasion of the holiday. Traditional rose elegance with glowing yellow sun flowers.","robots":{"index":"index","follow":"follow","max-snippet":"max-snippet:-1","max-image-preview":"max-image-preview:large","max-video-preview":"max-video-preview:-1"},"canonical":"https:\/\/www.flowerstime.lt\/en\/product\/bouquet-of-red-roses-and-sunflowers\/","og_locale":"en_US","og_type":"article","og_title":"Bouquet of red roses and sunflowers | Flowerstime.lt","og_description":"A bouquet of red roses and sunflowers is a stylish gift on the occasion of the holiday. Traditional rose elegance with glowing yellow sun flowers.","og_url":"https:\/\/www.flowerstime.lt\/en\/product\/bouquet-of-red-roses-and-sunflowers\/","og_site_name":"Flowers time - G\u0117li\u0173 pristatymas Vilniuje","article_modified_time":"2024-02-05T08:58:53+00:00","og_image":[{"width":600,"height":600,"url":"https:\/\/www.flowerstime.lt\/wp-content\/uploads\/2020\/09\/rozes-ir-saukegrazos.jpg","type":"image\/jpeg"}],"twitter_card":"summary_large_image","schema":{"@context":"https:\/\/schema.org","@graph":[{"@type":"WebPage","@id":"https:\/\/www.flowerstime.lt\/en\/product\/bouquet-of-red-roses-and-sunflowers\/","url":"https:\/\/www.flowerstime.lt\/en\/product\/bouquet-of-red-roses-and-sunflowers\/","name":"Bouquet of red roses and sunflowers | Flowerstime.lt","isPartOf":{"@id":"https:\/\/www.flowerstime.lt\/en\/#website"},"primaryImageOfPage":{"@id":"https:\/\/www.flowerstime.lt\/en\/product\/bouquet-of-red-roses-and-sunflowers\/#primaryimage"},"image":{"@id":"https:\/\/www.flowerstime.lt\/en\/product\/bouquet-of-red-roses-and-sunflowers\/#primaryimage"},"thumbnailUrl":"https:\/\/www.flowerstime.lt\/wp-content\/uploads\/2020\/09\/rozes-ir-saukegrazos.jpg","datePublished":"2020-09-28T15:34:31+00:00","dateModified":"2024-02-05T08:58:53+00:00","description":"A bouquet of red roses and sunflowers is a stylish gift on the occasion of the holiday. Traditional rose elegance with glowing yellow sun flowers.","breadcrumb":{"@id":"https:\/\/www.flowerstime.lt\/en\/product\/bouquet-of-red-roses-and-sunflowers\/#breadcrumb"},"inLanguage":"en-US","potentialAction":[{"@type":"ReadAction","target":["https:\/\/www.flowerstime.lt\/en\/product\/bouquet-of-red-roses-and-sunflowers\/"]}]},{"@type":"ImageObject","inLanguage":"en-US","@id":"https:\/\/www.flowerstime.lt\/en\/product\/bouquet-of-red-roses-and-sunflowers\/#primaryimage","url":"https:\/\/www.flowerstime.lt\/wp-content\/uploads\/2020\/09\/rozes-ir-saukegrazos.jpg","contentUrl":"https:\/\/www.flowerstime.lt\/wp-content\/uploads\/2020\/09\/rozes-ir-saukegrazos.jpg","width":600,"height":600,"caption":"Balt\u0173 ro\u017ei\u0173 ir saul\u0117gr\u0105\u017e\u0173 puok\u0161t\u0117"},{"@type":"BreadcrumbList","@id":"https:\/\/www.flowerstime.lt\/en\/product\/bouquet-of-red-roses-and-sunflowers\/#breadcrumb","itemListElement":[{"@type":"ListItem","position":1,"name":"Home","item":"https:\/\/www.flowerstime.lt\/en\/"},{"@type":"ListItem","position":2,"name":"Flowers delivery in Vilnius","item":"https:\/\/www.flowerstime.lt\/en\/"},{"@type":"ListItem","position":3,"name":"Bouquet of red roses and sunflowers"}]},{"@type":"WebSite","@id":"https:\/\/www.flowerstime.lt\/en\/#website","url":"https:\/\/www.flowerstime.lt\/en\/","name":"Flowers time - G\u0117li\u0173 pristatymas Vilniuje","description":"","potentialAction":[{"@type":"SearchAction","target":{"@type":"EntryPoint","urlTemplate":"https:\/\/www.flowerstime.lt\/en\/?s={search_term_string}"},"query-input":{"@type":"PropertyValueSpecification","valueRequired":true,"valueName":"search_term_string"}}],"inLanguage":"en-US"}]}},"_links":{"self":[{"href":"https:\/\/www.flowerstime.lt\/en\/wp-json\/wp\/v2\/product\/7566","targetHints":{"allow":["GET"]}}],"collection":[{"href":"https:\/\/www.flowerstime.lt\/en\/wp-json\/wp\/v2\/product"}],"about":[{"href":"https:\/\/www.flowerstime.lt\/en\/wp-json\/wp\/v2\/types\/product"}],"wp:featuredmedia":[{"embeddable":true,"href":"https:\/\/www.flowerstime.lt\/en\/wp-json\/wp\/v2\/media\/8190"}],"wp:attachment":[{"href":"https:\/\/www.flowerstime.lt\/en\/wp-json\/wp\/v2\/media?parent=7566"}],"wp:term":[{"taxonomy":"product_brand","embeddable":true,"href":"https:\/\/www.flowerstime.lt\/en\/wp-json\/wp\/v2\/product_brand?post=7566"},{"taxonomy":"product_cat","embeddable":true,"href":"https:\/\/www.flowerstime.lt\/en\/wp-json\/wp\/v2\/product_cat?post=7566"},{"taxonomy":"product_tag","embeddable":true,"href":"https:\/\/www.flowerstime.lt\/en\/wp-json\/wp\/v2\/product_tag?post=7566"}],"curies":[{"name":"wp","href":"https:\/\/api.w.org\/{rel}","templated":true}]}}