{"id":7853,"date":"2023-03-28T12:11:01","date_gmt":"2023-03-28T09:11:01","guid":{"rendered":"https:\/\/www.flowerstime.lt\/produktas\/a-bouquet-of-coral-roses-and-lilac-eustomas\/"},"modified":"2025-02-18T16:58:35","modified_gmt":"2025-02-18T13:58:35","slug":"a-bouquet-of-coral-roses-and-lilac-eustomas","status":"publish","type":"product","link":"https:\/\/www.flowerstime.lt\/en\/product\/a-bouquet-of-coral-roses-and-lilac-eustomas\/","title":{"rendered":"A bouquet of coral roses and lilac eustomas"},"content":{"rendered":"<p id=\"tw-target-text\" class=\"tw-data-text tw-text-large tw-ta\" dir=\"ltr\" data-placeholder=\"Vertimas\"><span class=\"Y2IQFc\" lang=\"en\">Bright coral roses and petite lilac eustomas make an exceptionally unique bouquet. The roses make the bouquet appear elegant, and lilac eustomas give it playfulness. You will also find greenery in the bouquet, which enlivens and completes the whole picture. Order this bouquet for a loved one to make them happy.<\/span><\/p>\n","protected":false},"excerpt":{"rendered":"<p>Bright coral roses and petite lilac eustomas make an exceptionally unique bouquet. The roses make the bouquet appear elegant, and lilac eustomas give it playfulness. You will also find greenery in the bouquet, which enlivens and completes the whole picture. Order this bouquet for a loved one to make them happy.<\/p>\n","protected":false},"featured_media":7764,"template":"","meta":[],"product_brand":[],"product_cat":[113,118,109,111],"product_tag":[],"class_list":{"0":"post-7853","1":"product","2":"type-product","3":"status-publish","4":"has-post-thumbnail","6":"product_cat-bouquets","7":"product_cat-eustomas","8":"product_cat-flowers","9":"product_cat-roses","10":"tm-has-styled-variations","11":"tm-has-options","12":"mk-info-sticky","14":"first","15":"instock","16":"taxable","17":"shipping-taxable","18":"purchasable","19":"product-type-variable"},"yoast_head":"<!-- This site is optimized with the Yoast SEO plugin v27.1.1 - https:\/\/yoast.com\/product\/yoast-seo-wordpress\/ -->\n<title>A bouquet of coral roses and lilac eustomas | Flowerstime.lt - g\u0117l\u0117s Vilniuje<\/title>\n<meta name=\"description\" content=\"This bouquet is perfect for those who looking for something fresh and playful. Don&#039;t hesitate and order a bouquet for your beloved person right now.\" \/>\n<meta name=\"robots\" content=\"index, follow, max-snippet:-1, max-image-preview:large, max-video-preview:-1\" \/>\n<link rel=\"canonical\" href=\"https:\/\/www.flowerstime.lt\/en\/product\/a-bouquet-of-coral-roses-and-lilac-eustomas\/\" \/>\n<meta property=\"og:locale\" content=\"en_US\" \/>\n<meta property=\"og:type\" content=\"article\" \/>\n<meta property=\"og:title\" content=\"A bouquet of coral roses and lilac eustomas | Flowerstime.lt - g\u0117l\u0117s Vilniuje\" \/>\n<meta property=\"og:description\" content=\"This bouquet is perfect for those who looking for something fresh and playful. Don&#039;t hesitate and order a bouquet for your beloved person right now.\" \/>\n<meta property=\"og:url\" content=\"https:\/\/www.flowerstime.lt\/en\/product\/a-bouquet-of-coral-roses-and-lilac-eustomas\/\" \/>\n<meta property=\"og:site_name\" content=\"Flowers time - G\u0117li\u0173 pristatymas Vilniuje\" \/>\n<meta property=\"article:modified_time\" content=\"2025-02-18T13:58:35+00:00\" \/>\n<meta property=\"og:image\" content=\"https:\/\/www.flowerstime.lt\/wp-content\/uploads\/2023\/03\/koralines-rozes-su-eustomom.jpg\" \/>\n\t<meta property=\"og:image:width\" content=\"600\" \/>\n\t<meta property=\"og:image:height\" content=\"600\" \/>\n\t<meta property=\"og:image:type\" content=\"image\/jpeg\" \/>\n<meta name=\"twitter:card\" content=\"summary_large_image\" \/>\n<script type=\"application\/ld+json\" class=\"yoast-schema-graph\">{\"@context\":\"https:\/\/schema.org\",\"@graph\":[{\"@type\":\"WebPage\",\"@id\":\"https:\/\/www.flowerstime.lt\/en\/product\/a-bouquet-of-coral-roses-and-lilac-eustomas\/\",\"url\":\"https:\/\/www.flowerstime.lt\/en\/product\/a-bouquet-of-coral-roses-and-lilac-eustomas\/\",\"name\":\"A bouquet of coral roses and lilac eustomas | Flowerstime.lt - g\u0117l\u0117s Vilniuje\",\"isPartOf\":{\"@id\":\"https:\/\/www.flowerstime.lt\/en\/#website\"},\"primaryImageOfPage\":{\"@id\":\"https:\/\/www.flowerstime.lt\/en\/product\/a-bouquet-of-coral-roses-and-lilac-eustomas\/#primaryimage\"},\"image\":{\"@id\":\"https:\/\/www.flowerstime.lt\/en\/product\/a-bouquet-of-coral-roses-and-lilac-eustomas\/#primaryimage\"},\"thumbnailUrl\":\"https:\/\/www.flowerstime.lt\/wp-content\/uploads\/2023\/03\/koralines-rozes-su-eustomom.jpg\",\"datePublished\":\"2023-03-28T09:11:01+00:00\",\"dateModified\":\"2025-02-18T13:58:35+00:00\",\"description\":\"This bouquet is perfect for those who looking for something fresh and playful. Don't hesitate and order a bouquet for your beloved person right now.\",\"breadcrumb\":{\"@id\":\"https:\/\/www.flowerstime.lt\/en\/product\/a-bouquet-of-coral-roses-and-lilac-eustomas\/#breadcrumb\"},\"inLanguage\":\"en-US\",\"potentialAction\":[{\"@type\":\"ReadAction\",\"target\":[\"https:\/\/www.flowerstime.lt\/en\/product\/a-bouquet-of-coral-roses-and-lilac-eustomas\/\"]}]},{\"@type\":\"ImageObject\",\"inLanguage\":\"en-US\",\"@id\":\"https:\/\/www.flowerstime.lt\/en\/product\/a-bouquet-of-coral-roses-and-lilac-eustomas\/#primaryimage\",\"url\":\"https:\/\/www.flowerstime.lt\/wp-content\/uploads\/2023\/03\/koralines-rozes-su-eustomom.jpg\",\"contentUrl\":\"https:\/\/www.flowerstime.lt\/wp-content\/uploads\/2023\/03\/koralines-rozes-su-eustomom.jpg\",\"width\":600,\"height\":600,\"caption\":\"Koralini\u0173 ro\u017ei\u0173 ir alyvini\u0173 eustom\u0173 puok\u0161t\u0117\"},{\"@type\":\"BreadcrumbList\",\"@id\":\"https:\/\/www.flowerstime.lt\/en\/product\/a-bouquet-of-coral-roses-and-lilac-eustomas\/#breadcrumb\",\"itemListElement\":[{\"@type\":\"ListItem\",\"position\":1,\"name\":\"Home\",\"item\":\"https:\/\/www.flowerstime.lt\/en\/\"},{\"@type\":\"ListItem\",\"position\":2,\"name\":\"Flowers delivery in Vilnius\",\"item\":\"https:\/\/www.flowerstime.lt\/en\/\"},{\"@type\":\"ListItem\",\"position\":3,\"name\":\"A bouquet of coral roses and lilac eustomas\"}]},{\"@type\":\"WebSite\",\"@id\":\"https:\/\/www.flowerstime.lt\/en\/#website\",\"url\":\"https:\/\/www.flowerstime.lt\/en\/\",\"name\":\"Flowers time - G\u0117li\u0173 pristatymas Vilniuje\",\"description\":\"\",\"potentialAction\":[{\"@type\":\"SearchAction\",\"target\":{\"@type\":\"EntryPoint\",\"urlTemplate\":\"https:\/\/www.flowerstime.lt\/en\/?s={search_term_string}\"},\"query-input\":{\"@type\":\"PropertyValueSpecification\",\"valueRequired\":true,\"valueName\":\"search_term_string\"}}],\"inLanguage\":\"en-US\"}]}<\/script>\n<!-- \/ Yoast SEO plugin. -->","yoast_head_json":{"title":"A bouquet of coral roses and lilac eustomas | Flowerstime.lt - g\u0117l\u0117s Vilniuje","description":"This bouquet is perfect for those who looking for something fresh and playful. Don't hesitate and order a bouquet for your beloved person right now.","robots":{"index":"index","follow":"follow","max-snippet":"max-snippet:-1","max-image-preview":"max-image-preview:large","max-video-preview":"max-video-preview:-1"},"canonical":"https:\/\/www.flowerstime.lt\/en\/product\/a-bouquet-of-coral-roses-and-lilac-eustomas\/","og_locale":"en_US","og_type":"article","og_title":"A bouquet of coral roses and lilac eustomas | Flowerstime.lt - g\u0117l\u0117s Vilniuje","og_description":"This bouquet is perfect for those who looking for something fresh and playful. Don't hesitate and order a bouquet for your beloved person right now.","og_url":"https:\/\/www.flowerstime.lt\/en\/product\/a-bouquet-of-coral-roses-and-lilac-eustomas\/","og_site_name":"Flowers time - G\u0117li\u0173 pristatymas Vilniuje","article_modified_time":"2025-02-18T13:58:35+00:00","og_image":[{"width":600,"height":600,"url":"https:\/\/www.flowerstime.lt\/wp-content\/uploads\/2023\/03\/koralines-rozes-su-eustomom.jpg","type":"image\/jpeg"}],"twitter_card":"summary_large_image","schema":{"@context":"https:\/\/schema.org","@graph":[{"@type":"WebPage","@id":"https:\/\/www.flowerstime.lt\/en\/product\/a-bouquet-of-coral-roses-and-lilac-eustomas\/","url":"https:\/\/www.flowerstime.lt\/en\/product\/a-bouquet-of-coral-roses-and-lilac-eustomas\/","name":"A bouquet of coral roses and lilac eustomas | Flowerstime.lt - g\u0117l\u0117s Vilniuje","isPartOf":{"@id":"https:\/\/www.flowerstime.lt\/en\/#website"},"primaryImageOfPage":{"@id":"https:\/\/www.flowerstime.lt\/en\/product\/a-bouquet-of-coral-roses-and-lilac-eustomas\/#primaryimage"},"image":{"@id":"https:\/\/www.flowerstime.lt\/en\/product\/a-bouquet-of-coral-roses-and-lilac-eustomas\/#primaryimage"},"thumbnailUrl":"https:\/\/www.flowerstime.lt\/wp-content\/uploads\/2023\/03\/koralines-rozes-su-eustomom.jpg","datePublished":"2023-03-28T09:11:01+00:00","dateModified":"2025-02-18T13:58:35+00:00","description":"This bouquet is perfect for those who looking for something fresh and playful. Don't hesitate and order a bouquet for your beloved person right now.","breadcrumb":{"@id":"https:\/\/www.flowerstime.lt\/en\/product\/a-bouquet-of-coral-roses-and-lilac-eustomas\/#breadcrumb"},"inLanguage":"en-US","potentialAction":[{"@type":"ReadAction","target":["https:\/\/www.flowerstime.lt\/en\/product\/a-bouquet-of-coral-roses-and-lilac-eustomas\/"]}]},{"@type":"ImageObject","inLanguage":"en-US","@id":"https:\/\/www.flowerstime.lt\/en\/product\/a-bouquet-of-coral-roses-and-lilac-eustomas\/#primaryimage","url":"https:\/\/www.flowerstime.lt\/wp-content\/uploads\/2023\/03\/koralines-rozes-su-eustomom.jpg","contentUrl":"https:\/\/www.flowerstime.lt\/wp-content\/uploads\/2023\/03\/koralines-rozes-su-eustomom.jpg","width":600,"height":600,"caption":"Koralini\u0173 ro\u017ei\u0173 ir alyvini\u0173 eustom\u0173 puok\u0161t\u0117"},{"@type":"BreadcrumbList","@id":"https:\/\/www.flowerstime.lt\/en\/product\/a-bouquet-of-coral-roses-and-lilac-eustomas\/#breadcrumb","itemListElement":[{"@type":"ListItem","position":1,"name":"Home","item":"https:\/\/www.flowerstime.lt\/en\/"},{"@type":"ListItem","position":2,"name":"Flowers delivery in Vilnius","item":"https:\/\/www.flowerstime.lt\/en\/"},{"@type":"ListItem","position":3,"name":"A bouquet of coral roses and lilac eustomas"}]},{"@type":"WebSite","@id":"https:\/\/www.flowerstime.lt\/en\/#website","url":"https:\/\/www.flowerstime.lt\/en\/","name":"Flowers time - G\u0117li\u0173 pristatymas Vilniuje","description":"","potentialAction":[{"@type":"SearchAction","target":{"@type":"EntryPoint","urlTemplate":"https:\/\/www.flowerstime.lt\/en\/?s={search_term_string}"},"query-input":{"@type":"PropertyValueSpecification","valueRequired":true,"valueName":"search_term_string"}}],"inLanguage":"en-US"}]}},"_links":{"self":[{"href":"https:\/\/www.flowerstime.lt\/en\/wp-json\/wp\/v2\/product\/7853","targetHints":{"allow":["GET"]}}],"collection":[{"href":"https:\/\/www.flowerstime.lt\/en\/wp-json\/wp\/v2\/product"}],"about":[{"href":"https:\/\/www.flowerstime.lt\/en\/wp-json\/wp\/v2\/types\/product"}],"wp:featuredmedia":[{"embeddable":true,"href":"https:\/\/www.flowerstime.lt\/en\/wp-json\/wp\/v2\/media\/7764"}],"wp:attachment":[{"href":"https:\/\/www.flowerstime.lt\/en\/wp-json\/wp\/v2\/media?parent=7853"}],"wp:term":[{"taxonomy":"product_brand","embeddable":true,"href":"https:\/\/www.flowerstime.lt\/en\/wp-json\/wp\/v2\/product_brand?post=7853"},{"taxonomy":"product_cat","embeddable":true,"href":"https:\/\/www.flowerstime.lt\/en\/wp-json\/wp\/v2\/product_cat?post=7853"},{"taxonomy":"product_tag","embeddable":true,"href":"https:\/\/www.flowerstime.lt\/en\/wp-json\/wp\/v2\/product_tag?post=7853"}],"curies":[{"name":"wp","href":"https:\/\/api.w.org\/{rel}","templated":true}]}}