{"id":7869,"date":"2023-03-28T11:30:17","date_gmt":"2023-03-28T08:30:17","guid":{"rendered":"https:\/\/www.flowerstime.lt\/produktas\/a-bouquet-of-pink-carnations-and-mini-roses\/"},"modified":"2025-01-31T17:12:19","modified_gmt":"2025-01-31T14:12:19","slug":"a-bouquet-of-pink-carnations-and-mini-roses","status":"publish","type":"product","link":"https:\/\/www.flowerstime.lt\/en\/product\/a-bouquet-of-pink-carnations-and-mini-roses\/","title":{"rendered":"A bouquet of pink carnations and mini roses"},"content":{"rendered":"<p id=\"tw-target-text\" class=\"tw-data-text tw-text-large tw-ta\" dir=\"ltr\" data-placeholder=\"Vertimas\"><span class=\"Y2IQFc\" lang=\"en\">Pink carnations and light mini roses create the image of a soft and fresh bouquet, while large eucalyptus branches add elegance to the composition. The combination is perfect for both men and women.<\/span><\/p>\n","protected":false},"excerpt":{"rendered":"<p>Pink carnations and light mini roses create the image of a soft and fresh bouquet, while large eucalyptus branches add elegance to the composition. The combination is perfect for both men and women.<\/p>\n","protected":false},"featured_media":7747,"template":"","meta":[],"product_brand":[],"product_cat":[113,115,109],"product_tag":[],"class_list":{"0":"post-7869","1":"product","2":"type-product","3":"status-publish","4":"has-post-thumbnail","6":"product_cat-bouquets","7":"product_cat-carnations","8":"product_cat-flowers","9":"tm-has-styled-variations","10":"tm-has-options","11":"mk-info-sticky","13":"first","14":"instock","15":"taxable","16":"shipping-taxable","17":"purchasable","18":"product-type-variable"},"yoast_head":"<!-- This site is optimized with the Yoast SEO plugin v27.1.1 - https:\/\/yoast.com\/product\/yoast-seo-wordpress\/ -->\n<title>A bouquet of pink carnations and mini roses | Flowerstime.lt<\/title>\n<meta name=\"description\" content=\"Looking for an elegant bouquet to congratulate a loved one? A bouquet of pink carnations and mini roses is what you need.\" \/>\n<meta name=\"robots\" content=\"index, follow, max-snippet:-1, max-image-preview:large, max-video-preview:-1\" \/>\n<link rel=\"canonical\" href=\"https:\/\/www.flowerstime.lt\/en\/product\/a-bouquet-of-pink-carnations-and-mini-roses\/\" \/>\n<meta property=\"og:locale\" content=\"en_US\" \/>\n<meta property=\"og:type\" content=\"article\" \/>\n<meta property=\"og:title\" content=\"A bouquet of pink carnations and mini roses | Flowerstime.lt\" \/>\n<meta property=\"og:description\" content=\"Looking for an elegant bouquet to congratulate a loved one? A bouquet of pink carnations and mini roses is what you need.\" \/>\n<meta property=\"og:url\" content=\"https:\/\/www.flowerstime.lt\/en\/product\/a-bouquet-of-pink-carnations-and-mini-roses\/\" \/>\n<meta property=\"og:site_name\" content=\"Flowers time - G\u0117li\u0173 pristatymas Vilniuje\" \/>\n<meta property=\"article:modified_time\" content=\"2025-01-31T14:12:19+00:00\" \/>\n<meta property=\"og:image\" content=\"https:\/\/www.flowerstime.lt\/wp-content\/uploads\/2023\/03\/smulkiu-roziu-ir-gvazdiku-puokste-e1679992200350.jpg\" \/>\n\t<meta property=\"og:image:width\" content=\"600\" \/>\n\t<meta property=\"og:image:height\" content=\"600\" \/>\n\t<meta property=\"og:image:type\" content=\"image\/jpeg\" \/>\n<meta name=\"twitter:card\" content=\"summary_large_image\" \/>\n<script type=\"application\/ld+json\" class=\"yoast-schema-graph\">{\"@context\":\"https:\/\/schema.org\",\"@graph\":[{\"@type\":\"WebPage\",\"@id\":\"https:\/\/www.flowerstime.lt\/en\/product\/a-bouquet-of-pink-carnations-and-mini-roses\/\",\"url\":\"https:\/\/www.flowerstime.lt\/en\/product\/a-bouquet-of-pink-carnations-and-mini-roses\/\",\"name\":\"A bouquet of pink carnations and mini roses | Flowerstime.lt\",\"isPartOf\":{\"@id\":\"https:\/\/www.flowerstime.lt\/en\/#website\"},\"primaryImageOfPage\":{\"@id\":\"https:\/\/www.flowerstime.lt\/en\/product\/a-bouquet-of-pink-carnations-and-mini-roses\/#primaryimage\"},\"image\":{\"@id\":\"https:\/\/www.flowerstime.lt\/en\/product\/a-bouquet-of-pink-carnations-and-mini-roses\/#primaryimage\"},\"thumbnailUrl\":\"https:\/\/www.flowerstime.lt\/wp-content\/uploads\/2023\/03\/smulkiu-roziu-ir-gvazdiku-puokste-e1679992200350.jpg\",\"datePublished\":\"2023-03-28T08:30:17+00:00\",\"dateModified\":\"2025-01-31T14:12:19+00:00\",\"description\":\"Looking for an elegant bouquet to congratulate a loved one? A bouquet of pink carnations and mini roses is what you need.\",\"breadcrumb\":{\"@id\":\"https:\/\/www.flowerstime.lt\/en\/product\/a-bouquet-of-pink-carnations-and-mini-roses\/#breadcrumb\"},\"inLanguage\":\"en-US\",\"potentialAction\":[{\"@type\":\"ReadAction\",\"target\":[\"https:\/\/www.flowerstime.lt\/en\/product\/a-bouquet-of-pink-carnations-and-mini-roses\/\"]}]},{\"@type\":\"ImageObject\",\"inLanguage\":\"en-US\",\"@id\":\"https:\/\/www.flowerstime.lt\/en\/product\/a-bouquet-of-pink-carnations-and-mini-roses\/#primaryimage\",\"url\":\"https:\/\/www.flowerstime.lt\/wp-content\/uploads\/2023\/03\/smulkiu-roziu-ir-gvazdiku-puokste-e1679992200350.jpg\",\"contentUrl\":\"https:\/\/www.flowerstime.lt\/wp-content\/uploads\/2023\/03\/smulkiu-roziu-ir-gvazdiku-puokste-e1679992200350.jpg\",\"width\":600,\"height\":600,\"caption\":\"Ro\u017eini\u0173 gvazdik\u0173 ir smulkia\u017eied\u017ei\u0173 ro\u017ei\u0173 puok\u0161t\u0117\"},{\"@type\":\"BreadcrumbList\",\"@id\":\"https:\/\/www.flowerstime.lt\/en\/product\/a-bouquet-of-pink-carnations-and-mini-roses\/#breadcrumb\",\"itemListElement\":[{\"@type\":\"ListItem\",\"position\":1,\"name\":\"Home\",\"item\":\"https:\/\/www.flowerstime.lt\/en\/\"},{\"@type\":\"ListItem\",\"position\":2,\"name\":\"Flowers delivery in Vilnius\",\"item\":\"https:\/\/www.flowerstime.lt\/en\/\"},{\"@type\":\"ListItem\",\"position\":3,\"name\":\"A bouquet of pink carnations and mini roses\"}]},{\"@type\":\"WebSite\",\"@id\":\"https:\/\/www.flowerstime.lt\/en\/#website\",\"url\":\"https:\/\/www.flowerstime.lt\/en\/\",\"name\":\"Flowers time - G\u0117li\u0173 pristatymas Vilniuje\",\"description\":\"\",\"potentialAction\":[{\"@type\":\"SearchAction\",\"target\":{\"@type\":\"EntryPoint\",\"urlTemplate\":\"https:\/\/www.flowerstime.lt\/en\/?s={search_term_string}\"},\"query-input\":{\"@type\":\"PropertyValueSpecification\",\"valueRequired\":true,\"valueName\":\"search_term_string\"}}],\"inLanguage\":\"en-US\"}]}<\/script>\n<!-- \/ Yoast SEO plugin. -->","yoast_head_json":{"title":"A bouquet of pink carnations and mini roses | Flowerstime.lt","description":"Looking for an elegant bouquet to congratulate a loved one? A bouquet of pink carnations and mini roses is what you need.","robots":{"index":"index","follow":"follow","max-snippet":"max-snippet:-1","max-image-preview":"max-image-preview:large","max-video-preview":"max-video-preview:-1"},"canonical":"https:\/\/www.flowerstime.lt\/en\/product\/a-bouquet-of-pink-carnations-and-mini-roses\/","og_locale":"en_US","og_type":"article","og_title":"A bouquet of pink carnations and mini roses | Flowerstime.lt","og_description":"Looking for an elegant bouquet to congratulate a loved one? A bouquet of pink carnations and mini roses is what you need.","og_url":"https:\/\/www.flowerstime.lt\/en\/product\/a-bouquet-of-pink-carnations-and-mini-roses\/","og_site_name":"Flowers time - G\u0117li\u0173 pristatymas Vilniuje","article_modified_time":"2025-01-31T14:12:19+00:00","og_image":[{"width":600,"height":600,"url":"https:\/\/www.flowerstime.lt\/wp-content\/uploads\/2023\/03\/smulkiu-roziu-ir-gvazdiku-puokste-e1679992200350.jpg","type":"image\/jpeg"}],"twitter_card":"summary_large_image","schema":{"@context":"https:\/\/schema.org","@graph":[{"@type":"WebPage","@id":"https:\/\/www.flowerstime.lt\/en\/product\/a-bouquet-of-pink-carnations-and-mini-roses\/","url":"https:\/\/www.flowerstime.lt\/en\/product\/a-bouquet-of-pink-carnations-and-mini-roses\/","name":"A bouquet of pink carnations and mini roses | Flowerstime.lt","isPartOf":{"@id":"https:\/\/www.flowerstime.lt\/en\/#website"},"primaryImageOfPage":{"@id":"https:\/\/www.flowerstime.lt\/en\/product\/a-bouquet-of-pink-carnations-and-mini-roses\/#primaryimage"},"image":{"@id":"https:\/\/www.flowerstime.lt\/en\/product\/a-bouquet-of-pink-carnations-and-mini-roses\/#primaryimage"},"thumbnailUrl":"https:\/\/www.flowerstime.lt\/wp-content\/uploads\/2023\/03\/smulkiu-roziu-ir-gvazdiku-puokste-e1679992200350.jpg","datePublished":"2023-03-28T08:30:17+00:00","dateModified":"2025-01-31T14:12:19+00:00","description":"Looking for an elegant bouquet to congratulate a loved one? A bouquet of pink carnations and mini roses is what you need.","breadcrumb":{"@id":"https:\/\/www.flowerstime.lt\/en\/product\/a-bouquet-of-pink-carnations-and-mini-roses\/#breadcrumb"},"inLanguage":"en-US","potentialAction":[{"@type":"ReadAction","target":["https:\/\/www.flowerstime.lt\/en\/product\/a-bouquet-of-pink-carnations-and-mini-roses\/"]}]},{"@type":"ImageObject","inLanguage":"en-US","@id":"https:\/\/www.flowerstime.lt\/en\/product\/a-bouquet-of-pink-carnations-and-mini-roses\/#primaryimage","url":"https:\/\/www.flowerstime.lt\/wp-content\/uploads\/2023\/03\/smulkiu-roziu-ir-gvazdiku-puokste-e1679992200350.jpg","contentUrl":"https:\/\/www.flowerstime.lt\/wp-content\/uploads\/2023\/03\/smulkiu-roziu-ir-gvazdiku-puokste-e1679992200350.jpg","width":600,"height":600,"caption":"Ro\u017eini\u0173 gvazdik\u0173 ir smulkia\u017eied\u017ei\u0173 ro\u017ei\u0173 puok\u0161t\u0117"},{"@type":"BreadcrumbList","@id":"https:\/\/www.flowerstime.lt\/en\/product\/a-bouquet-of-pink-carnations-and-mini-roses\/#breadcrumb","itemListElement":[{"@type":"ListItem","position":1,"name":"Home","item":"https:\/\/www.flowerstime.lt\/en\/"},{"@type":"ListItem","position":2,"name":"Flowers delivery in Vilnius","item":"https:\/\/www.flowerstime.lt\/en\/"},{"@type":"ListItem","position":3,"name":"A bouquet of pink carnations and mini roses"}]},{"@type":"WebSite","@id":"https:\/\/www.flowerstime.lt\/en\/#website","url":"https:\/\/www.flowerstime.lt\/en\/","name":"Flowers time - G\u0117li\u0173 pristatymas Vilniuje","description":"","potentialAction":[{"@type":"SearchAction","target":{"@type":"EntryPoint","urlTemplate":"https:\/\/www.flowerstime.lt\/en\/?s={search_term_string}"},"query-input":{"@type":"PropertyValueSpecification","valueRequired":true,"valueName":"search_term_string"}}],"inLanguage":"en-US"}]}},"_links":{"self":[{"href":"https:\/\/www.flowerstime.lt\/en\/wp-json\/wp\/v2\/product\/7869","targetHints":{"allow":["GET"]}}],"collection":[{"href":"https:\/\/www.flowerstime.lt\/en\/wp-json\/wp\/v2\/product"}],"about":[{"href":"https:\/\/www.flowerstime.lt\/en\/wp-json\/wp\/v2\/types\/product"}],"wp:featuredmedia":[{"embeddable":true,"href":"https:\/\/www.flowerstime.lt\/en\/wp-json\/wp\/v2\/media\/7747"}],"wp:attachment":[{"href":"https:\/\/www.flowerstime.lt\/en\/wp-json\/wp\/v2\/media?parent=7869"}],"wp:term":[{"taxonomy":"product_brand","embeddable":true,"href":"https:\/\/www.flowerstime.lt\/en\/wp-json\/wp\/v2\/product_brand?post=7869"},{"taxonomy":"product_cat","embeddable":true,"href":"https:\/\/www.flowerstime.lt\/en\/wp-json\/wp\/v2\/product_cat?post=7869"},{"taxonomy":"product_tag","embeddable":true,"href":"https:\/\/www.flowerstime.lt\/en\/wp-json\/wp\/v2\/product_tag?post=7869"}],"curies":[{"name":"wp","href":"https:\/\/api.w.org\/{rel}","templated":true}]}}