{"id":7927,"date":"2023-03-28T10:12:44","date_gmt":"2023-03-28T07:12:44","guid":{"rendered":"https:\/\/www.flowerstime.lt\/produktas\/a-bouquet-of-white-ranunculus-and-lilac-tulips\/"},"modified":"2025-02-05T18:02:45","modified_gmt":"2025-02-05T15:02:45","slug":"a-bouquet-of-white-ranunculus-and-lilac-tulips","status":"publish","type":"product","link":"https:\/\/www.flowerstime.lt\/en\/product\/a-bouquet-of-white-ranunculus-and-lilac-tulips\/","title":{"rendered":"A bouquet of white ranunculus and lilac tulips"},"content":{"rendered":"<p id=\"tw-target-text\" class=\"tw-data-text tw-text-large tw-ta\" dir=\"ltr\" data-placeholder=\"Vertimas\"><span class=\"Y2IQFc\" lang=\"en\">White ranunculus and lilac tulips combined together with large eucalyptuses form a very beautiful and delicate combination of colors. We have no doubt that every person will be left with a smile on their face after receiving this wonderful flower arrangement. The bouquet is suitable for a birthday, wedding, baptism or any other celebration.\u00a0<\/span><\/p>\n","protected":false},"excerpt":{"rendered":"<p>White ranunculus and lilac tulips combined together with large eucalyptuses form a very beautiful and delicate combination of colors. We have no doubt that every person will be left with a smile on their face after receiving this wonderful flower arrangement. The bouquet is suitable for a birthday, wedding, baptism or any other celebration.\u00a0<\/p>\n","protected":false},"featured_media":7733,"template":"","meta":[],"product_brand":[],"product_cat":[113,109,114],"product_tag":[],"class_list":{"0":"post-7927","1":"product","2":"type-product","3":"status-publish","4":"has-post-thumbnail","6":"product_cat-bouquets","7":"product_cat-flowers","8":"product_cat-tulips","9":"tm-has-styled-variations","10":"tm-has-options","11":"mk-info-sticky","13":"first","14":"outofstock","15":"taxable","16":"shipping-taxable","17":"purchasable","18":"product-type-variable"},"yoast_head":"<!-- This site is optimized with the Yoast SEO plugin v27.1.1 - https:\/\/yoast.com\/product\/yoast-seo-wordpress\/ -->\n<title>A bouquet of white ranunculus and lilac tulips | Flowerstime.lt - g\u0117l\u0117s Vilniuje<\/title>\n<meta name=\"description\" content=\"White ranunculus and lilac tulips combined with large eucalyptuses will appeal to creative people who like uniqueness.\" \/>\n<meta name=\"robots\" content=\"index, follow, max-snippet:-1, max-image-preview:large, max-video-preview:-1\" \/>\n<link rel=\"canonical\" href=\"https:\/\/www.flowerstime.lt\/en\/product\/a-bouquet-of-white-ranunculus-and-lilac-tulips\/\" \/>\n<meta property=\"og:locale\" content=\"en_US\" \/>\n<meta property=\"og:type\" content=\"article\" \/>\n<meta property=\"og:title\" content=\"A bouquet of white ranunculus and lilac tulips | Flowerstime.lt - g\u0117l\u0117s Vilniuje\" \/>\n<meta property=\"og:description\" content=\"White ranunculus and lilac tulips combined with large eucalyptuses will appeal to creative people who like uniqueness.\" \/>\n<meta property=\"og:url\" content=\"https:\/\/www.flowerstime.lt\/en\/product\/a-bouquet-of-white-ranunculus-and-lilac-tulips\/\" \/>\n<meta property=\"og:site_name\" content=\"Flowers time - G\u0117li\u0173 pristatymas Vilniuje\" \/>\n<meta property=\"article:modified_time\" content=\"2025-02-05T15:02:45+00:00\" \/>\n<meta property=\"og:image\" content=\"https:\/\/www.flowerstime.lt\/wp-content\/uploads\/2023\/03\/vedrynai-su-tulpemis.jpg\" \/>\n\t<meta property=\"og:image:width\" content=\"600\" \/>\n\t<meta property=\"og:image:height\" content=\"600\" \/>\n\t<meta property=\"og:image:type\" content=\"image\/jpeg\" \/>\n<meta name=\"twitter:card\" content=\"summary_large_image\" \/>\n<script type=\"application\/ld+json\" class=\"yoast-schema-graph\">{\"@context\":\"https:\/\/schema.org\",\"@graph\":[{\"@type\":\"WebPage\",\"@id\":\"https:\/\/www.flowerstime.lt\/en\/product\/a-bouquet-of-white-ranunculus-and-lilac-tulips\/\",\"url\":\"https:\/\/www.flowerstime.lt\/en\/product\/a-bouquet-of-white-ranunculus-and-lilac-tulips\/\",\"name\":\"A bouquet of white ranunculus and lilac tulips | Flowerstime.lt - g\u0117l\u0117s Vilniuje\",\"isPartOf\":{\"@id\":\"https:\/\/www.flowerstime.lt\/en\/#website\"},\"primaryImageOfPage\":{\"@id\":\"https:\/\/www.flowerstime.lt\/en\/product\/a-bouquet-of-white-ranunculus-and-lilac-tulips\/#primaryimage\"},\"image\":{\"@id\":\"https:\/\/www.flowerstime.lt\/en\/product\/a-bouquet-of-white-ranunculus-and-lilac-tulips\/#primaryimage\"},\"thumbnailUrl\":\"https:\/\/www.flowerstime.lt\/wp-content\/uploads\/2023\/03\/vedrynai-su-tulpemis.jpg\",\"datePublished\":\"2023-03-28T07:12:44+00:00\",\"dateModified\":\"2025-02-05T15:02:45+00:00\",\"description\":\"White ranunculus and lilac tulips combined with large eucalyptuses will appeal to creative people who like uniqueness.\",\"breadcrumb\":{\"@id\":\"https:\/\/www.flowerstime.lt\/en\/product\/a-bouquet-of-white-ranunculus-and-lilac-tulips\/#breadcrumb\"},\"inLanguage\":\"en-US\",\"potentialAction\":[{\"@type\":\"ReadAction\",\"target\":[\"https:\/\/www.flowerstime.lt\/en\/product\/a-bouquet-of-white-ranunculus-and-lilac-tulips\/\"]}]},{\"@type\":\"ImageObject\",\"inLanguage\":\"en-US\",\"@id\":\"https:\/\/www.flowerstime.lt\/en\/product\/a-bouquet-of-white-ranunculus-and-lilac-tulips\/#primaryimage\",\"url\":\"https:\/\/www.flowerstime.lt\/wp-content\/uploads\/2023\/03\/vedrynai-su-tulpemis.jpg\",\"contentUrl\":\"https:\/\/www.flowerstime.lt\/wp-content\/uploads\/2023\/03\/vedrynai-su-tulpemis.jpg\",\"width\":600,\"height\":600,\"caption\":\"Balt\u0173 v\u0117dryn\u0173 ir alyvini\u0173 tulpi\u0173 puok\u0161t\u0117\"},{\"@type\":\"BreadcrumbList\",\"@id\":\"https:\/\/www.flowerstime.lt\/en\/product\/a-bouquet-of-white-ranunculus-and-lilac-tulips\/#breadcrumb\",\"itemListElement\":[{\"@type\":\"ListItem\",\"position\":1,\"name\":\"Home\",\"item\":\"https:\/\/www.flowerstime.lt\/en\/\"},{\"@type\":\"ListItem\",\"position\":2,\"name\":\"Flowers delivery in Vilnius\",\"item\":\"https:\/\/www.flowerstime.lt\/en\/\"},{\"@type\":\"ListItem\",\"position\":3,\"name\":\"A bouquet of white ranunculus and lilac tulips\"}]},{\"@type\":\"WebSite\",\"@id\":\"https:\/\/www.flowerstime.lt\/en\/#website\",\"url\":\"https:\/\/www.flowerstime.lt\/en\/\",\"name\":\"Flowers time - G\u0117li\u0173 pristatymas Vilniuje\",\"description\":\"\",\"potentialAction\":[{\"@type\":\"SearchAction\",\"target\":{\"@type\":\"EntryPoint\",\"urlTemplate\":\"https:\/\/www.flowerstime.lt\/en\/?s={search_term_string}\"},\"query-input\":{\"@type\":\"PropertyValueSpecification\",\"valueRequired\":true,\"valueName\":\"search_term_string\"}}],\"inLanguage\":\"en-US\"}]}<\/script>\n<!-- \/ Yoast SEO plugin. -->","yoast_head_json":{"title":"A bouquet of white ranunculus and lilac tulips | Flowerstime.lt - g\u0117l\u0117s Vilniuje","description":"White ranunculus and lilac tulips combined with large eucalyptuses will appeal to creative people who like uniqueness.","robots":{"index":"index","follow":"follow","max-snippet":"max-snippet:-1","max-image-preview":"max-image-preview:large","max-video-preview":"max-video-preview:-1"},"canonical":"https:\/\/www.flowerstime.lt\/en\/product\/a-bouquet-of-white-ranunculus-and-lilac-tulips\/","og_locale":"en_US","og_type":"article","og_title":"A bouquet of white ranunculus and lilac tulips | Flowerstime.lt - g\u0117l\u0117s Vilniuje","og_description":"White ranunculus and lilac tulips combined with large eucalyptuses will appeal to creative people who like uniqueness.","og_url":"https:\/\/www.flowerstime.lt\/en\/product\/a-bouquet-of-white-ranunculus-and-lilac-tulips\/","og_site_name":"Flowers time - G\u0117li\u0173 pristatymas Vilniuje","article_modified_time":"2025-02-05T15:02:45+00:00","og_image":[{"width":600,"height":600,"url":"https:\/\/www.flowerstime.lt\/wp-content\/uploads\/2023\/03\/vedrynai-su-tulpemis.jpg","type":"image\/jpeg"}],"twitter_card":"summary_large_image","schema":{"@context":"https:\/\/schema.org","@graph":[{"@type":"WebPage","@id":"https:\/\/www.flowerstime.lt\/en\/product\/a-bouquet-of-white-ranunculus-and-lilac-tulips\/","url":"https:\/\/www.flowerstime.lt\/en\/product\/a-bouquet-of-white-ranunculus-and-lilac-tulips\/","name":"A bouquet of white ranunculus and lilac tulips | Flowerstime.lt - g\u0117l\u0117s Vilniuje","isPartOf":{"@id":"https:\/\/www.flowerstime.lt\/en\/#website"},"primaryImageOfPage":{"@id":"https:\/\/www.flowerstime.lt\/en\/product\/a-bouquet-of-white-ranunculus-and-lilac-tulips\/#primaryimage"},"image":{"@id":"https:\/\/www.flowerstime.lt\/en\/product\/a-bouquet-of-white-ranunculus-and-lilac-tulips\/#primaryimage"},"thumbnailUrl":"https:\/\/www.flowerstime.lt\/wp-content\/uploads\/2023\/03\/vedrynai-su-tulpemis.jpg","datePublished":"2023-03-28T07:12:44+00:00","dateModified":"2025-02-05T15:02:45+00:00","description":"White ranunculus and lilac tulips combined with large eucalyptuses will appeal to creative people who like uniqueness.","breadcrumb":{"@id":"https:\/\/www.flowerstime.lt\/en\/product\/a-bouquet-of-white-ranunculus-and-lilac-tulips\/#breadcrumb"},"inLanguage":"en-US","potentialAction":[{"@type":"ReadAction","target":["https:\/\/www.flowerstime.lt\/en\/product\/a-bouquet-of-white-ranunculus-and-lilac-tulips\/"]}]},{"@type":"ImageObject","inLanguage":"en-US","@id":"https:\/\/www.flowerstime.lt\/en\/product\/a-bouquet-of-white-ranunculus-and-lilac-tulips\/#primaryimage","url":"https:\/\/www.flowerstime.lt\/wp-content\/uploads\/2023\/03\/vedrynai-su-tulpemis.jpg","contentUrl":"https:\/\/www.flowerstime.lt\/wp-content\/uploads\/2023\/03\/vedrynai-su-tulpemis.jpg","width":600,"height":600,"caption":"Balt\u0173 v\u0117dryn\u0173 ir alyvini\u0173 tulpi\u0173 puok\u0161t\u0117"},{"@type":"BreadcrumbList","@id":"https:\/\/www.flowerstime.lt\/en\/product\/a-bouquet-of-white-ranunculus-and-lilac-tulips\/#breadcrumb","itemListElement":[{"@type":"ListItem","position":1,"name":"Home","item":"https:\/\/www.flowerstime.lt\/en\/"},{"@type":"ListItem","position":2,"name":"Flowers delivery in Vilnius","item":"https:\/\/www.flowerstime.lt\/en\/"},{"@type":"ListItem","position":3,"name":"A bouquet of white ranunculus and lilac tulips"}]},{"@type":"WebSite","@id":"https:\/\/www.flowerstime.lt\/en\/#website","url":"https:\/\/www.flowerstime.lt\/en\/","name":"Flowers time - G\u0117li\u0173 pristatymas Vilniuje","description":"","potentialAction":[{"@type":"SearchAction","target":{"@type":"EntryPoint","urlTemplate":"https:\/\/www.flowerstime.lt\/en\/?s={search_term_string}"},"query-input":{"@type":"PropertyValueSpecification","valueRequired":true,"valueName":"search_term_string"}}],"inLanguage":"en-US"}]}},"_links":{"self":[{"href":"https:\/\/www.flowerstime.lt\/en\/wp-json\/wp\/v2\/product\/7927","targetHints":{"allow":["GET"]}}],"collection":[{"href":"https:\/\/www.flowerstime.lt\/en\/wp-json\/wp\/v2\/product"}],"about":[{"href":"https:\/\/www.flowerstime.lt\/en\/wp-json\/wp\/v2\/types\/product"}],"wp:featuredmedia":[{"embeddable":true,"href":"https:\/\/www.flowerstime.lt\/en\/wp-json\/wp\/v2\/media\/7733"}],"wp:attachment":[{"href":"https:\/\/www.flowerstime.lt\/en\/wp-json\/wp\/v2\/media?parent=7927"}],"wp:term":[{"taxonomy":"product_brand","embeddable":true,"href":"https:\/\/www.flowerstime.lt\/en\/wp-json\/wp\/v2\/product_brand?post=7927"},{"taxonomy":"product_cat","embeddable":true,"href":"https:\/\/www.flowerstime.lt\/en\/wp-json\/wp\/v2\/product_cat?post=7927"},{"taxonomy":"product_tag","embeddable":true,"href":"https:\/\/www.flowerstime.lt\/en\/wp-json\/wp\/v2\/product_tag?post=7927"}],"curies":[{"name":"wp","href":"https:\/\/api.w.org\/{rel}","templated":true}]}}