{"id":7935,"date":"2023-03-27T17:28:29","date_gmt":"2023-03-27T14:28:29","guid":{"rendered":"https:\/\/www.flowerstime.lt\/produktas\/a-bouquet-of-ranunculus-stock-flowers-and-goldenrods\/"},"modified":"2025-02-05T18:02:52","modified_gmt":"2025-02-05T15:02:52","slug":"a-bouquet-of-ranunculus-stock-flowers-and-goldenrods","status":"publish","type":"product","link":"https:\/\/www.flowerstime.lt\/en\/product\/a-bouquet-of-ranunculus-stock-flowers-and-goldenrods\/","title":{"rendered":"A bouquet of ranunculus, stock flowers and goldenrods"},"content":{"rendered":"<p>White ranunculus, fragrant lilac colored stock flowers and pink goldenrods form a delicate, romantic and elegant combination. A bouquet of exquisite beauty for an equally exquisite woman.<\/p>\n","protected":false},"excerpt":{"rendered":"<p>White ranunculus, fragrant lilac colored stock flowers and pink goldenrods form a delicate, romantic and elegant combination. A bouquet of exquisite beauty for an equally exquisite woman.<\/p>\n","protected":false},"featured_media":7725,"template":"","meta":[],"product_brand":[],"product_cat":[113,109],"product_tag":[],"class_list":{"0":"post-7935","1":"product","2":"type-product","3":"status-publish","4":"has-post-thumbnail","6":"product_cat-bouquets","7":"product_cat-flowers","8":"tm-has-styled-variations","9":"tm-has-options","10":"mk-info-sticky","12":"first","13":"outofstock","14":"taxable","15":"shipping-taxable","16":"purchasable","17":"product-type-variable"},"yoast_head":"<!-- This site is optimized with the Yoast SEO plugin v27.1.1 - https:\/\/yoast.com\/product\/yoast-seo-wordpress\/ -->\n<title>A bouquet of ranunculus, stock flowers and goldenrods | Flowerstime.lt - g\u0117l\u0117s Vilniuje<\/title>\n<meta name=\"description\" content=\"This bouquet of amazing beauty will charm every woman. Gift it to your loved one and surprise them!\" \/>\n<meta name=\"robots\" content=\"index, follow, max-snippet:-1, max-image-preview:large, max-video-preview:-1\" \/>\n<link rel=\"canonical\" href=\"https:\/\/www.flowerstime.lt\/en\/product\/a-bouquet-of-ranunculus-stock-flowers-and-goldenrods\/\" \/>\n<meta property=\"og:locale\" content=\"en_US\" \/>\n<meta property=\"og:type\" content=\"article\" \/>\n<meta property=\"og:title\" content=\"A bouquet of ranunculus, stock flowers and goldenrods | Flowerstime.lt - g\u0117l\u0117s Vilniuje\" \/>\n<meta property=\"og:description\" content=\"This bouquet of amazing beauty will charm every woman. Gift it to your loved one and surprise them!\" \/>\n<meta property=\"og:url\" content=\"https:\/\/www.flowerstime.lt\/en\/product\/a-bouquet-of-ranunculus-stock-flowers-and-goldenrods\/\" \/>\n<meta property=\"og:site_name\" content=\"Flowers time - G\u0117li\u0173 pristatymas Vilniuje\" \/>\n<meta property=\"article:modified_time\" content=\"2025-02-05T15:02:52+00:00\" \/>\n<meta property=\"og:image\" content=\"https:\/\/www.flowerstime.lt\/wp-content\/uploads\/2023\/03\/vedrynaileukonijosrykstenes.jpg\" \/>\n\t<meta property=\"og:image:width\" content=\"600\" \/>\n\t<meta property=\"og:image:height\" content=\"600\" \/>\n\t<meta property=\"og:image:type\" content=\"image\/jpeg\" \/>\n<meta name=\"twitter:card\" content=\"summary_large_image\" \/>\n<script type=\"application\/ld+json\" class=\"yoast-schema-graph\">{\"@context\":\"https:\/\/schema.org\",\"@graph\":[{\"@type\":\"WebPage\",\"@id\":\"https:\/\/www.flowerstime.lt\/en\/product\/a-bouquet-of-ranunculus-stock-flowers-and-goldenrods\/\",\"url\":\"https:\/\/www.flowerstime.lt\/en\/product\/a-bouquet-of-ranunculus-stock-flowers-and-goldenrods\/\",\"name\":\"A bouquet of ranunculus, stock flowers and goldenrods | Flowerstime.lt - g\u0117l\u0117s Vilniuje\",\"isPartOf\":{\"@id\":\"https:\/\/www.flowerstime.lt\/en\/#website\"},\"primaryImageOfPage\":{\"@id\":\"https:\/\/www.flowerstime.lt\/en\/product\/a-bouquet-of-ranunculus-stock-flowers-and-goldenrods\/#primaryimage\"},\"image\":{\"@id\":\"https:\/\/www.flowerstime.lt\/en\/product\/a-bouquet-of-ranunculus-stock-flowers-and-goldenrods\/#primaryimage\"},\"thumbnailUrl\":\"https:\/\/www.flowerstime.lt\/wp-content\/uploads\/2023\/03\/vedrynaileukonijosrykstenes.jpg\",\"datePublished\":\"2023-03-27T14:28:29+00:00\",\"dateModified\":\"2025-02-05T15:02:52+00:00\",\"description\":\"This bouquet of amazing beauty will charm every woman. Gift it to your loved one and surprise them!\",\"breadcrumb\":{\"@id\":\"https:\/\/www.flowerstime.lt\/en\/product\/a-bouquet-of-ranunculus-stock-flowers-and-goldenrods\/#breadcrumb\"},\"inLanguage\":\"en-US\",\"potentialAction\":[{\"@type\":\"ReadAction\",\"target\":[\"https:\/\/www.flowerstime.lt\/en\/product\/a-bouquet-of-ranunculus-stock-flowers-and-goldenrods\/\"]}]},{\"@type\":\"ImageObject\",\"inLanguage\":\"en-US\",\"@id\":\"https:\/\/www.flowerstime.lt\/en\/product\/a-bouquet-of-ranunculus-stock-flowers-and-goldenrods\/#primaryimage\",\"url\":\"https:\/\/www.flowerstime.lt\/wp-content\/uploads\/2023\/03\/vedrynaileukonijosrykstenes.jpg\",\"contentUrl\":\"https:\/\/www.flowerstime.lt\/wp-content\/uploads\/2023\/03\/vedrynaileukonijosrykstenes.jpg\",\"width\":600,\"height\":600,\"caption\":\"V\u0117dryn\u0173, leukonij\u0173 ir ryk\u0161teni\u0173 puok\u0161t\u0117\"},{\"@type\":\"BreadcrumbList\",\"@id\":\"https:\/\/www.flowerstime.lt\/en\/product\/a-bouquet-of-ranunculus-stock-flowers-and-goldenrods\/#breadcrumb\",\"itemListElement\":[{\"@type\":\"ListItem\",\"position\":1,\"name\":\"Home\",\"item\":\"https:\/\/www.flowerstime.lt\/en\/\"},{\"@type\":\"ListItem\",\"position\":2,\"name\":\"Flowers delivery in Vilnius\",\"item\":\"https:\/\/www.flowerstime.lt\/en\/\"},{\"@type\":\"ListItem\",\"position\":3,\"name\":\"A bouquet of ranunculus, stock flowers and goldenrods\"}]},{\"@type\":\"WebSite\",\"@id\":\"https:\/\/www.flowerstime.lt\/en\/#website\",\"url\":\"https:\/\/www.flowerstime.lt\/en\/\",\"name\":\"Flowers time - G\u0117li\u0173 pristatymas Vilniuje\",\"description\":\"\",\"potentialAction\":[{\"@type\":\"SearchAction\",\"target\":{\"@type\":\"EntryPoint\",\"urlTemplate\":\"https:\/\/www.flowerstime.lt\/en\/?s={search_term_string}\"},\"query-input\":{\"@type\":\"PropertyValueSpecification\",\"valueRequired\":true,\"valueName\":\"search_term_string\"}}],\"inLanguage\":\"en-US\"}]}<\/script>\n<!-- \/ Yoast SEO plugin. -->","yoast_head_json":{"title":"A bouquet of ranunculus, stock flowers and goldenrods | Flowerstime.lt - g\u0117l\u0117s Vilniuje","description":"This bouquet of amazing beauty will charm every woman. Gift it to your loved one and surprise them!","robots":{"index":"index","follow":"follow","max-snippet":"max-snippet:-1","max-image-preview":"max-image-preview:large","max-video-preview":"max-video-preview:-1"},"canonical":"https:\/\/www.flowerstime.lt\/en\/product\/a-bouquet-of-ranunculus-stock-flowers-and-goldenrods\/","og_locale":"en_US","og_type":"article","og_title":"A bouquet of ranunculus, stock flowers and goldenrods | Flowerstime.lt - g\u0117l\u0117s Vilniuje","og_description":"This bouquet of amazing beauty will charm every woman. Gift it to your loved one and surprise them!","og_url":"https:\/\/www.flowerstime.lt\/en\/product\/a-bouquet-of-ranunculus-stock-flowers-and-goldenrods\/","og_site_name":"Flowers time - G\u0117li\u0173 pristatymas Vilniuje","article_modified_time":"2025-02-05T15:02:52+00:00","og_image":[{"width":600,"height":600,"url":"https:\/\/www.flowerstime.lt\/wp-content\/uploads\/2023\/03\/vedrynaileukonijosrykstenes.jpg","type":"image\/jpeg"}],"twitter_card":"summary_large_image","schema":{"@context":"https:\/\/schema.org","@graph":[{"@type":"WebPage","@id":"https:\/\/www.flowerstime.lt\/en\/product\/a-bouquet-of-ranunculus-stock-flowers-and-goldenrods\/","url":"https:\/\/www.flowerstime.lt\/en\/product\/a-bouquet-of-ranunculus-stock-flowers-and-goldenrods\/","name":"A bouquet of ranunculus, stock flowers and goldenrods | Flowerstime.lt - g\u0117l\u0117s Vilniuje","isPartOf":{"@id":"https:\/\/www.flowerstime.lt\/en\/#website"},"primaryImageOfPage":{"@id":"https:\/\/www.flowerstime.lt\/en\/product\/a-bouquet-of-ranunculus-stock-flowers-and-goldenrods\/#primaryimage"},"image":{"@id":"https:\/\/www.flowerstime.lt\/en\/product\/a-bouquet-of-ranunculus-stock-flowers-and-goldenrods\/#primaryimage"},"thumbnailUrl":"https:\/\/www.flowerstime.lt\/wp-content\/uploads\/2023\/03\/vedrynaileukonijosrykstenes.jpg","datePublished":"2023-03-27T14:28:29+00:00","dateModified":"2025-02-05T15:02:52+00:00","description":"This bouquet of amazing beauty will charm every woman. Gift it to your loved one and surprise them!","breadcrumb":{"@id":"https:\/\/www.flowerstime.lt\/en\/product\/a-bouquet-of-ranunculus-stock-flowers-and-goldenrods\/#breadcrumb"},"inLanguage":"en-US","potentialAction":[{"@type":"ReadAction","target":["https:\/\/www.flowerstime.lt\/en\/product\/a-bouquet-of-ranunculus-stock-flowers-and-goldenrods\/"]}]},{"@type":"ImageObject","inLanguage":"en-US","@id":"https:\/\/www.flowerstime.lt\/en\/product\/a-bouquet-of-ranunculus-stock-flowers-and-goldenrods\/#primaryimage","url":"https:\/\/www.flowerstime.lt\/wp-content\/uploads\/2023\/03\/vedrynaileukonijosrykstenes.jpg","contentUrl":"https:\/\/www.flowerstime.lt\/wp-content\/uploads\/2023\/03\/vedrynaileukonijosrykstenes.jpg","width":600,"height":600,"caption":"V\u0117dryn\u0173, leukonij\u0173 ir ryk\u0161teni\u0173 puok\u0161t\u0117"},{"@type":"BreadcrumbList","@id":"https:\/\/www.flowerstime.lt\/en\/product\/a-bouquet-of-ranunculus-stock-flowers-and-goldenrods\/#breadcrumb","itemListElement":[{"@type":"ListItem","position":1,"name":"Home","item":"https:\/\/www.flowerstime.lt\/en\/"},{"@type":"ListItem","position":2,"name":"Flowers delivery in Vilnius","item":"https:\/\/www.flowerstime.lt\/en\/"},{"@type":"ListItem","position":3,"name":"A bouquet of ranunculus, stock flowers and goldenrods"}]},{"@type":"WebSite","@id":"https:\/\/www.flowerstime.lt\/en\/#website","url":"https:\/\/www.flowerstime.lt\/en\/","name":"Flowers time - G\u0117li\u0173 pristatymas Vilniuje","description":"","potentialAction":[{"@type":"SearchAction","target":{"@type":"EntryPoint","urlTemplate":"https:\/\/www.flowerstime.lt\/en\/?s={search_term_string}"},"query-input":{"@type":"PropertyValueSpecification","valueRequired":true,"valueName":"search_term_string"}}],"inLanguage":"en-US"}]}},"_links":{"self":[{"href":"https:\/\/www.flowerstime.lt\/en\/wp-json\/wp\/v2\/product\/7935","targetHints":{"allow":["GET"]}}],"collection":[{"href":"https:\/\/www.flowerstime.lt\/en\/wp-json\/wp\/v2\/product"}],"about":[{"href":"https:\/\/www.flowerstime.lt\/en\/wp-json\/wp\/v2\/types\/product"}],"wp:featuredmedia":[{"embeddable":true,"href":"https:\/\/www.flowerstime.lt\/en\/wp-json\/wp\/v2\/media\/7725"}],"wp:attachment":[{"href":"https:\/\/www.flowerstime.lt\/en\/wp-json\/wp\/v2\/media?parent=7935"}],"wp:term":[{"taxonomy":"product_brand","embeddable":true,"href":"https:\/\/www.flowerstime.lt\/en\/wp-json\/wp\/v2\/product_brand?post=7935"},{"taxonomy":"product_cat","embeddable":true,"href":"https:\/\/www.flowerstime.lt\/en\/wp-json\/wp\/v2\/product_cat?post=7935"},{"taxonomy":"product_tag","embeddable":true,"href":"https:\/\/www.flowerstime.lt\/en\/wp-json\/wp\/v2\/product_tag?post=7935"}],"curies":[{"name":"wp","href":"https:\/\/api.w.org\/{rel}","templated":true}]}}