{"id":8142,"date":"2023-05-11T13:18:49","date_gmt":"2023-05-11T10:18:49","guid":{"rendered":"https:\/\/www.flowerstime.lt\/?post_type=product&#038;p=8142"},"modified":"2024-02-05T11:57:07","modified_gmt":"2024-02-05T08:57:07","slug":"a-bouquet-of-red-roses-and-daisies","status":"publish","type":"product","link":"https:\/\/www.flowerstime.lt\/en\/product\/a-bouquet-of-red-roses-and-daisies\/","title":{"rendered":"A bouquet of red roses and daisies"},"content":{"rendered":"<p id=\"tw-target-text\" class=\"tw-data-text tw-text-large tw-ta\" dir=\"ltr\" data-placeholder=\"Translation\"><span class=\"Y2IQFc\" lang=\"en\">A bouquet of red roses and daisies creates an original, classic and simple combination. Red roses look elegant and contrasting next to dainty daisies. We have no doubt that the bouquet will impress every recipient.<\/span><\/p>\n","protected":false},"excerpt":{"rendered":"<p>A bouquet of red roses and daisies creates an original, classic and simple combination. Red roses look elegant and contrasting next to dainty daisies. We have no doubt that the bouquet will impress every recipient.<\/p>\n","protected":false},"featured_media":8765,"template":"","meta":[],"product_brand":[],"product_cat":[113,253,109,111],"product_tag":[],"class_list":{"0":"post-8142","1":"product","2":"type-product","3":"status-publish","4":"has-post-thumbnail","6":"product_cat-bouquets","7":"product_cat-daisies","8":"product_cat-flowers","9":"product_cat-roses","10":"tm-has-styled-variations","11":"tm-has-options","12":"mk-info-sticky","14":"first","15":"outofstock","16":"taxable","17":"shipping-taxable","18":"purchasable","19":"product-type-variable"},"yoast_head":"<!-- This site is optimized with the Yoast SEO plugin v27.1.1 - https:\/\/yoast.com\/product\/yoast-seo-wordpress\/ -->\n<title>A bouquet of red roses and daisies | Flowerstime.lt - g\u0117l\u0117s Vilniuje<\/title>\n<meta name=\"description\" content=\"Order a luxurious smelling bouquet of red roses and daisies that will surely impress every woman.\" \/>\n<meta name=\"robots\" content=\"index, follow, max-snippet:-1, max-image-preview:large, max-video-preview:-1\" \/>\n<link rel=\"canonical\" href=\"https:\/\/www.flowerstime.lt\/en\/product\/a-bouquet-of-red-roses-and-daisies\/\" \/>\n<meta property=\"og:locale\" content=\"en_US\" \/>\n<meta property=\"og:type\" content=\"article\" \/>\n<meta property=\"og:title\" content=\"A bouquet of red roses and daisies | Flowerstime.lt - g\u0117l\u0117s Vilniuje\" \/>\n<meta property=\"og:description\" content=\"Order a luxurious smelling bouquet of red roses and daisies that will surely impress every woman.\" \/>\n<meta property=\"og:url\" content=\"https:\/\/www.flowerstime.lt\/en\/product\/a-bouquet-of-red-roses-and-daisies\/\" \/>\n<meta property=\"og:site_name\" content=\"Flowers time - G\u0117li\u0173 pristatymas Vilniuje\" \/>\n<meta property=\"article:modified_time\" content=\"2024-02-05T08:57:07+00:00\" \/>\n<meta property=\"og:image\" content=\"https:\/\/www.flowerstime.lt\/wp-content\/uploads\/2023\/05\/raudonos-rozes-su-ramunelem-e1685968645206.jpg\" \/>\n\t<meta property=\"og:image:width\" content=\"600\" \/>\n\t<meta property=\"og:image:height\" content=\"600\" \/>\n\t<meta property=\"og:image:type\" content=\"image\/jpeg\" \/>\n<meta name=\"twitter:card\" content=\"summary_large_image\" \/>\n<script type=\"application\/ld+json\" class=\"yoast-schema-graph\">{\"@context\":\"https:\/\/schema.org\",\"@graph\":[{\"@type\":\"WebPage\",\"@id\":\"https:\/\/www.flowerstime.lt\/en\/product\/a-bouquet-of-red-roses-and-daisies\/\",\"url\":\"https:\/\/www.flowerstime.lt\/en\/product\/a-bouquet-of-red-roses-and-daisies\/\",\"name\":\"A bouquet of red roses and daisies | Flowerstime.lt - g\u0117l\u0117s Vilniuje\",\"isPartOf\":{\"@id\":\"https:\/\/www.flowerstime.lt\/en\/#website\"},\"primaryImageOfPage\":{\"@id\":\"https:\/\/www.flowerstime.lt\/en\/product\/a-bouquet-of-red-roses-and-daisies\/#primaryimage\"},\"image\":{\"@id\":\"https:\/\/www.flowerstime.lt\/en\/product\/a-bouquet-of-red-roses-and-daisies\/#primaryimage\"},\"thumbnailUrl\":\"https:\/\/www.flowerstime.lt\/wp-content\/uploads\/2023\/05\/raudonos-rozes-su-ramunelem-e1685968645206.jpg\",\"datePublished\":\"2023-05-11T10:18:49+00:00\",\"dateModified\":\"2024-02-05T08:57:07+00:00\",\"description\":\"Order a luxurious smelling bouquet of red roses and daisies that will surely impress every woman.\",\"breadcrumb\":{\"@id\":\"https:\/\/www.flowerstime.lt\/en\/product\/a-bouquet-of-red-roses-and-daisies\/#breadcrumb\"},\"inLanguage\":\"en-US\",\"potentialAction\":[{\"@type\":\"ReadAction\",\"target\":[\"https:\/\/www.flowerstime.lt\/en\/product\/a-bouquet-of-red-roses-and-daisies\/\"]}]},{\"@type\":\"ImageObject\",\"inLanguage\":\"en-US\",\"@id\":\"https:\/\/www.flowerstime.lt\/en\/product\/a-bouquet-of-red-roses-and-daisies\/#primaryimage\",\"url\":\"https:\/\/www.flowerstime.lt\/wp-content\/uploads\/2023\/05\/raudonos-rozes-su-ramunelem-e1685968645206.jpg\",\"contentUrl\":\"https:\/\/www.flowerstime.lt\/wp-content\/uploads\/2023\/05\/raudonos-rozes-su-ramunelem-e1685968645206.jpg\",\"width\":600,\"height\":600,\"caption\":\"Raudon\u0173 ro\u017ei\u0173 ir ramun\u0117li\u0173 puok\u0161t\u0117\"},{\"@type\":\"BreadcrumbList\",\"@id\":\"https:\/\/www.flowerstime.lt\/en\/product\/a-bouquet-of-red-roses-and-daisies\/#breadcrumb\",\"itemListElement\":[{\"@type\":\"ListItem\",\"position\":1,\"name\":\"Home\",\"item\":\"https:\/\/www.flowerstime.lt\/en\/\"},{\"@type\":\"ListItem\",\"position\":2,\"name\":\"Flowers delivery in Vilnius\",\"item\":\"https:\/\/www.flowerstime.lt\/en\/\"},{\"@type\":\"ListItem\",\"position\":3,\"name\":\"A bouquet of red roses and daisies\"}]},{\"@type\":\"WebSite\",\"@id\":\"https:\/\/www.flowerstime.lt\/en\/#website\",\"url\":\"https:\/\/www.flowerstime.lt\/en\/\",\"name\":\"Flowers time - G\u0117li\u0173 pristatymas Vilniuje\",\"description\":\"\",\"potentialAction\":[{\"@type\":\"SearchAction\",\"target\":{\"@type\":\"EntryPoint\",\"urlTemplate\":\"https:\/\/www.flowerstime.lt\/en\/?s={search_term_string}\"},\"query-input\":{\"@type\":\"PropertyValueSpecification\",\"valueRequired\":true,\"valueName\":\"search_term_string\"}}],\"inLanguage\":\"en-US\"}]}<\/script>\n<!-- \/ Yoast SEO plugin. -->","yoast_head_json":{"title":"A bouquet of red roses and daisies | Flowerstime.lt - g\u0117l\u0117s Vilniuje","description":"Order a luxurious smelling bouquet of red roses and daisies that will surely impress every woman.","robots":{"index":"index","follow":"follow","max-snippet":"max-snippet:-1","max-image-preview":"max-image-preview:large","max-video-preview":"max-video-preview:-1"},"canonical":"https:\/\/www.flowerstime.lt\/en\/product\/a-bouquet-of-red-roses-and-daisies\/","og_locale":"en_US","og_type":"article","og_title":"A bouquet of red roses and daisies | Flowerstime.lt - g\u0117l\u0117s Vilniuje","og_description":"Order a luxurious smelling bouquet of red roses and daisies that will surely impress every woman.","og_url":"https:\/\/www.flowerstime.lt\/en\/product\/a-bouquet-of-red-roses-and-daisies\/","og_site_name":"Flowers time - G\u0117li\u0173 pristatymas Vilniuje","article_modified_time":"2024-02-05T08:57:07+00:00","og_image":[{"width":600,"height":600,"url":"https:\/\/www.flowerstime.lt\/wp-content\/uploads\/2023\/05\/raudonos-rozes-su-ramunelem-e1685968645206.jpg","type":"image\/jpeg"}],"twitter_card":"summary_large_image","schema":{"@context":"https:\/\/schema.org","@graph":[{"@type":"WebPage","@id":"https:\/\/www.flowerstime.lt\/en\/product\/a-bouquet-of-red-roses-and-daisies\/","url":"https:\/\/www.flowerstime.lt\/en\/product\/a-bouquet-of-red-roses-and-daisies\/","name":"A bouquet of red roses and daisies | Flowerstime.lt - g\u0117l\u0117s Vilniuje","isPartOf":{"@id":"https:\/\/www.flowerstime.lt\/en\/#website"},"primaryImageOfPage":{"@id":"https:\/\/www.flowerstime.lt\/en\/product\/a-bouquet-of-red-roses-and-daisies\/#primaryimage"},"image":{"@id":"https:\/\/www.flowerstime.lt\/en\/product\/a-bouquet-of-red-roses-and-daisies\/#primaryimage"},"thumbnailUrl":"https:\/\/www.flowerstime.lt\/wp-content\/uploads\/2023\/05\/raudonos-rozes-su-ramunelem-e1685968645206.jpg","datePublished":"2023-05-11T10:18:49+00:00","dateModified":"2024-02-05T08:57:07+00:00","description":"Order a luxurious smelling bouquet of red roses and daisies that will surely impress every woman.","breadcrumb":{"@id":"https:\/\/www.flowerstime.lt\/en\/product\/a-bouquet-of-red-roses-and-daisies\/#breadcrumb"},"inLanguage":"en-US","potentialAction":[{"@type":"ReadAction","target":["https:\/\/www.flowerstime.lt\/en\/product\/a-bouquet-of-red-roses-and-daisies\/"]}]},{"@type":"ImageObject","inLanguage":"en-US","@id":"https:\/\/www.flowerstime.lt\/en\/product\/a-bouquet-of-red-roses-and-daisies\/#primaryimage","url":"https:\/\/www.flowerstime.lt\/wp-content\/uploads\/2023\/05\/raudonos-rozes-su-ramunelem-e1685968645206.jpg","contentUrl":"https:\/\/www.flowerstime.lt\/wp-content\/uploads\/2023\/05\/raudonos-rozes-su-ramunelem-e1685968645206.jpg","width":600,"height":600,"caption":"Raudon\u0173 ro\u017ei\u0173 ir ramun\u0117li\u0173 puok\u0161t\u0117"},{"@type":"BreadcrumbList","@id":"https:\/\/www.flowerstime.lt\/en\/product\/a-bouquet-of-red-roses-and-daisies\/#breadcrumb","itemListElement":[{"@type":"ListItem","position":1,"name":"Home","item":"https:\/\/www.flowerstime.lt\/en\/"},{"@type":"ListItem","position":2,"name":"Flowers delivery in Vilnius","item":"https:\/\/www.flowerstime.lt\/en\/"},{"@type":"ListItem","position":3,"name":"A bouquet of red roses and daisies"}]},{"@type":"WebSite","@id":"https:\/\/www.flowerstime.lt\/en\/#website","url":"https:\/\/www.flowerstime.lt\/en\/","name":"Flowers time - G\u0117li\u0173 pristatymas Vilniuje","description":"","potentialAction":[{"@type":"SearchAction","target":{"@type":"EntryPoint","urlTemplate":"https:\/\/www.flowerstime.lt\/en\/?s={search_term_string}"},"query-input":{"@type":"PropertyValueSpecification","valueRequired":true,"valueName":"search_term_string"}}],"inLanguage":"en-US"}]}},"_links":{"self":[{"href":"https:\/\/www.flowerstime.lt\/en\/wp-json\/wp\/v2\/product\/8142","targetHints":{"allow":["GET"]}}],"collection":[{"href":"https:\/\/www.flowerstime.lt\/en\/wp-json\/wp\/v2\/product"}],"about":[{"href":"https:\/\/www.flowerstime.lt\/en\/wp-json\/wp\/v2\/types\/product"}],"wp:featuredmedia":[{"embeddable":true,"href":"https:\/\/www.flowerstime.lt\/en\/wp-json\/wp\/v2\/media\/8765"}],"wp:attachment":[{"href":"https:\/\/www.flowerstime.lt\/en\/wp-json\/wp\/v2\/media?parent=8142"}],"wp:term":[{"taxonomy":"product_brand","embeddable":true,"href":"https:\/\/www.flowerstime.lt\/en\/wp-json\/wp\/v2\/product_brand?post=8142"},{"taxonomy":"product_cat","embeddable":true,"href":"https:\/\/www.flowerstime.lt\/en\/wp-json\/wp\/v2\/product_cat?post=8142"},{"taxonomy":"product_tag","embeddable":true,"href":"https:\/\/www.flowerstime.lt\/en\/wp-json\/wp\/v2\/product_tag?post=8142"}],"curies":[{"name":"wp","href":"https:\/\/api.w.org\/{rel}","templated":true}]}}