{"id":8525,"date":"2023-06-02T10:24:13","date_gmt":"2023-06-02T07:24:13","guid":{"rendered":"https:\/\/www.flowerstime.lt\/?post_type=product&#038;p=8525"},"modified":"2023-07-24T14:24:25","modified_gmt":"2023-07-24T11:24:25","slug":"striped-helium-balloon-congrats-grad","status":"publish","type":"product","link":"https:\/\/www.flowerstime.lt\/en\/product\/striped-helium-balloon-congrats-grad\/","title":{"rendered":"Striped helium balloon \u201eCongrats grad!\u201c"},"content":{"rendered":"","protected":false},"excerpt":{"rendered":"","protected":false},"featured_media":8522,"template":"","meta":[],"product_brand":[],"product_cat":[645,123],"product_tag":[],"class_list":{"0":"post-8525","1":"product","2":"type-product","3":"status-publish","4":"has-post-thumbnail","6":"product_cat-foil","7":"product_cat-helium-balloons","8":"tm-no-options","9":"mk-info-sticky","11":"first","12":"instock","13":"taxable","14":"shipping-taxable","15":"purchasable","16":"product-type-simple"},"yoast_head":"<!-- This site is optimized with the Yoast SEO plugin v27.1.1 - https:\/\/yoast.com\/product\/yoast-seo-wordpress\/ -->\n<title>Striped helium balloon \u201eCongrats grad!\u201c | Helium balloons | FlowersTime<\/title>\n<meta name=\"description\" content=\"Congratulate your loved ones on the occasion of the graduation ceremony. Order online at www.flowerstime.lt\" \/>\n<meta name=\"robots\" content=\"index, follow, max-snippet:-1, max-image-preview:large, max-video-preview:-1\" \/>\n<link rel=\"canonical\" href=\"https:\/\/www.flowerstime.lt\/en\/product\/striped-helium-balloon-congrats-grad\/\" \/>\n<meta property=\"og:locale\" content=\"en_US\" \/>\n<meta property=\"og:type\" content=\"article\" \/>\n<meta property=\"og:title\" content=\"Striped helium balloon \u201eCongrats grad!\u201c | Helium balloons | FlowersTime\" \/>\n<meta property=\"og:description\" content=\"Congratulate your loved ones on the occasion of the graduation ceremony. Order online at www.flowerstime.lt\" \/>\n<meta property=\"og:url\" content=\"https:\/\/www.flowerstime.lt\/en\/product\/striped-helium-balloon-congrats-grad\/\" \/>\n<meta property=\"og:site_name\" content=\"Flowers time - G\u0117li\u0173 pristatymas Vilniuje\" \/>\n<meta property=\"article:modified_time\" content=\"2023-07-24T11:24:25+00:00\" \/>\n<meta property=\"og:image\" content=\"https:\/\/www.flowerstime.lt\/wp-content\/uploads\/2023\/05\/dryzuotas-heliu-balionas-congrats-grad.png\" \/>\n\t<meta property=\"og:image:width\" content=\"600\" \/>\n\t<meta property=\"og:image:height\" content=\"600\" \/>\n\t<meta property=\"og:image:type\" content=\"image\/png\" \/>\n<meta name=\"twitter:card\" content=\"summary_large_image\" \/>\n<script type=\"application\/ld+json\" class=\"yoast-schema-graph\">{\"@context\":\"https:\/\/schema.org\",\"@graph\":[{\"@type\":\"WebPage\",\"@id\":\"https:\/\/www.flowerstime.lt\/en\/product\/striped-helium-balloon-congrats-grad\/\",\"url\":\"https:\/\/www.flowerstime.lt\/en\/product\/striped-helium-balloon-congrats-grad\/\",\"name\":\"Striped helium balloon \u201eCongrats grad!\u201c | Helium balloons | FlowersTime\",\"isPartOf\":{\"@id\":\"https:\/\/www.flowerstime.lt\/en\/#website\"},\"primaryImageOfPage\":{\"@id\":\"https:\/\/www.flowerstime.lt\/en\/product\/striped-helium-balloon-congrats-grad\/#primaryimage\"},\"image\":{\"@id\":\"https:\/\/www.flowerstime.lt\/en\/product\/striped-helium-balloon-congrats-grad\/#primaryimage\"},\"thumbnailUrl\":\"https:\/\/www.flowerstime.lt\/wp-content\/uploads\/2023\/05\/dryzuotas-heliu-balionas-congrats-grad.png\",\"datePublished\":\"2023-06-02T07:24:13+00:00\",\"dateModified\":\"2023-07-24T11:24:25+00:00\",\"description\":\"Congratulate your loved ones on the occasion of the graduation ceremony. Order online at www.flowerstime.lt\",\"breadcrumb\":{\"@id\":\"https:\/\/www.flowerstime.lt\/en\/product\/striped-helium-balloon-congrats-grad\/#breadcrumb\"},\"inLanguage\":\"en-US\",\"potentialAction\":[{\"@type\":\"ReadAction\",\"target\":[\"https:\/\/www.flowerstime.lt\/en\/product\/striped-helium-balloon-congrats-grad\/\"]}]},{\"@type\":\"ImageObject\",\"inLanguage\":\"en-US\",\"@id\":\"https:\/\/www.flowerstime.lt\/en\/product\/striped-helium-balloon-congrats-grad\/#primaryimage\",\"url\":\"https:\/\/www.flowerstime.lt\/wp-content\/uploads\/2023\/05\/dryzuotas-heliu-balionas-congrats-grad.png\",\"contentUrl\":\"https:\/\/www.flowerstime.lt\/wp-content\/uploads\/2023\/05\/dryzuotas-heliu-balionas-congrats-grad.png\",\"width\":600,\"height\":600,\"caption\":\"Dry\u017euotas diplom\u0173 \u012fteikimo \u0161vent\u0117s balionas \u201eCongrats grad\u201c\"},{\"@type\":\"BreadcrumbList\",\"@id\":\"https:\/\/www.flowerstime.lt\/en\/product\/striped-helium-balloon-congrats-grad\/#breadcrumb\",\"itemListElement\":[{\"@type\":\"ListItem\",\"position\":1,\"name\":\"Home\",\"item\":\"https:\/\/www.flowerstime.lt\/en\/\"},{\"@type\":\"ListItem\",\"position\":2,\"name\":\"Flowers delivery in Vilnius\",\"item\":\"https:\/\/www.flowerstime.lt\/en\/\"},{\"@type\":\"ListItem\",\"position\":3,\"name\":\"Striped helium balloon \u201eCongrats grad!\u201c\"}]},{\"@type\":\"WebSite\",\"@id\":\"https:\/\/www.flowerstime.lt\/en\/#website\",\"url\":\"https:\/\/www.flowerstime.lt\/en\/\",\"name\":\"Flowers time - G\u0117li\u0173 pristatymas Vilniuje\",\"description\":\"\",\"potentialAction\":[{\"@type\":\"SearchAction\",\"target\":{\"@type\":\"EntryPoint\",\"urlTemplate\":\"https:\/\/www.flowerstime.lt\/en\/?s={search_term_string}\"},\"query-input\":{\"@type\":\"PropertyValueSpecification\",\"valueRequired\":true,\"valueName\":\"search_term_string\"}}],\"inLanguage\":\"en-US\"}]}<\/script>\n<!-- \/ Yoast SEO plugin. -->","yoast_head_json":{"title":"Striped helium balloon \u201eCongrats grad!\u201c | Helium balloons | FlowersTime","description":"Congratulate your loved ones on the occasion of the graduation ceremony. Order online at www.flowerstime.lt","robots":{"index":"index","follow":"follow","max-snippet":"max-snippet:-1","max-image-preview":"max-image-preview:large","max-video-preview":"max-video-preview:-1"},"canonical":"https:\/\/www.flowerstime.lt\/en\/product\/striped-helium-balloon-congrats-grad\/","og_locale":"en_US","og_type":"article","og_title":"Striped helium balloon \u201eCongrats grad!\u201c | Helium balloons | FlowersTime","og_description":"Congratulate your loved ones on the occasion of the graduation ceremony. Order online at www.flowerstime.lt","og_url":"https:\/\/www.flowerstime.lt\/en\/product\/striped-helium-balloon-congrats-grad\/","og_site_name":"Flowers time - G\u0117li\u0173 pristatymas Vilniuje","article_modified_time":"2023-07-24T11:24:25+00:00","og_image":[{"width":600,"height":600,"url":"https:\/\/www.flowerstime.lt\/wp-content\/uploads\/2023\/05\/dryzuotas-heliu-balionas-congrats-grad.png","type":"image\/png"}],"twitter_card":"summary_large_image","schema":{"@context":"https:\/\/schema.org","@graph":[{"@type":"WebPage","@id":"https:\/\/www.flowerstime.lt\/en\/product\/striped-helium-balloon-congrats-grad\/","url":"https:\/\/www.flowerstime.lt\/en\/product\/striped-helium-balloon-congrats-grad\/","name":"Striped helium balloon \u201eCongrats grad!\u201c | Helium balloons | FlowersTime","isPartOf":{"@id":"https:\/\/www.flowerstime.lt\/en\/#website"},"primaryImageOfPage":{"@id":"https:\/\/www.flowerstime.lt\/en\/product\/striped-helium-balloon-congrats-grad\/#primaryimage"},"image":{"@id":"https:\/\/www.flowerstime.lt\/en\/product\/striped-helium-balloon-congrats-grad\/#primaryimage"},"thumbnailUrl":"https:\/\/www.flowerstime.lt\/wp-content\/uploads\/2023\/05\/dryzuotas-heliu-balionas-congrats-grad.png","datePublished":"2023-06-02T07:24:13+00:00","dateModified":"2023-07-24T11:24:25+00:00","description":"Congratulate your loved ones on the occasion of the graduation ceremony. Order online at www.flowerstime.lt","breadcrumb":{"@id":"https:\/\/www.flowerstime.lt\/en\/product\/striped-helium-balloon-congrats-grad\/#breadcrumb"},"inLanguage":"en-US","potentialAction":[{"@type":"ReadAction","target":["https:\/\/www.flowerstime.lt\/en\/product\/striped-helium-balloon-congrats-grad\/"]}]},{"@type":"ImageObject","inLanguage":"en-US","@id":"https:\/\/www.flowerstime.lt\/en\/product\/striped-helium-balloon-congrats-grad\/#primaryimage","url":"https:\/\/www.flowerstime.lt\/wp-content\/uploads\/2023\/05\/dryzuotas-heliu-balionas-congrats-grad.png","contentUrl":"https:\/\/www.flowerstime.lt\/wp-content\/uploads\/2023\/05\/dryzuotas-heliu-balionas-congrats-grad.png","width":600,"height":600,"caption":"Dry\u017euotas diplom\u0173 \u012fteikimo \u0161vent\u0117s balionas \u201eCongrats grad\u201c"},{"@type":"BreadcrumbList","@id":"https:\/\/www.flowerstime.lt\/en\/product\/striped-helium-balloon-congrats-grad\/#breadcrumb","itemListElement":[{"@type":"ListItem","position":1,"name":"Home","item":"https:\/\/www.flowerstime.lt\/en\/"},{"@type":"ListItem","position":2,"name":"Flowers delivery in Vilnius","item":"https:\/\/www.flowerstime.lt\/en\/"},{"@type":"ListItem","position":3,"name":"Striped helium balloon \u201eCongrats grad!\u201c"}]},{"@type":"WebSite","@id":"https:\/\/www.flowerstime.lt\/en\/#website","url":"https:\/\/www.flowerstime.lt\/en\/","name":"Flowers time - G\u0117li\u0173 pristatymas Vilniuje","description":"","potentialAction":[{"@type":"SearchAction","target":{"@type":"EntryPoint","urlTemplate":"https:\/\/www.flowerstime.lt\/en\/?s={search_term_string}"},"query-input":{"@type":"PropertyValueSpecification","valueRequired":true,"valueName":"search_term_string"}}],"inLanguage":"en-US"}]}},"_links":{"self":[{"href":"https:\/\/www.flowerstime.lt\/en\/wp-json\/wp\/v2\/product\/8525","targetHints":{"allow":["GET"]}}],"collection":[{"href":"https:\/\/www.flowerstime.lt\/en\/wp-json\/wp\/v2\/product"}],"about":[{"href":"https:\/\/www.flowerstime.lt\/en\/wp-json\/wp\/v2\/types\/product"}],"wp:featuredmedia":[{"embeddable":true,"href":"https:\/\/www.flowerstime.lt\/en\/wp-json\/wp\/v2\/media\/8522"}],"wp:attachment":[{"href":"https:\/\/www.flowerstime.lt\/en\/wp-json\/wp\/v2\/media?parent=8525"}],"wp:term":[{"taxonomy":"product_brand","embeddable":true,"href":"https:\/\/www.flowerstime.lt\/en\/wp-json\/wp\/v2\/product_brand?post=8525"},{"taxonomy":"product_cat","embeddable":true,"href":"https:\/\/www.flowerstime.lt\/en\/wp-json\/wp\/v2\/product_cat?post=8525"},{"taxonomy":"product_tag","embeddable":true,"href":"https:\/\/www.flowerstime.lt\/en\/wp-json\/wp\/v2\/product_tag?post=8525"}],"curies":[{"name":"wp","href":"https:\/\/api.w.org\/{rel}","templated":true}]}}