{"id":9624,"date":"2023-06-13T14:26:40","date_gmt":"2023-06-13T11:26:40","guid":{"rendered":"https:\/\/www.flowerstime.lt\/produktas\/a-box-of-pink-hydrangeas-and-purple-babys-breath-flowers\/"},"modified":"2023-06-29T09:42:19","modified_gmt":"2023-06-29T06:42:19","slug":"a-box-of-pink-hydrangeas-and-purple-babys-breath-flowers","status":"publish","type":"product","link":"https:\/\/www.flowerstime.lt\/en\/product\/a-box-of-pink-hydrangeas-and-purple-babys-breath-flowers\/","title":{"rendered":"A box of pink hydrangeas and purple baby&#8217;s breath flowers"},"content":{"rendered":"<p id=\"tw-target-text\" class=\"tw-data-text tw-text-large tw-ta\" dir=\"ltr\" data-placeholder=\"Vertimas\"><span class=\"Y2IQFc\" lang=\"en\">A cute and beautiful box made of fluffy and light hydrangea and small purple baby&#8217;s breath flowers. These flowers form a romantic arrangement that will make a lovely gift or decoration at your celebration.<\/span><\/p>\n","protected":false},"excerpt":{"rendered":"<p>A cute and beautiful box made of fluffy and light hydrangea and small purple baby&#8217;s breath flowers. These flowers form a romantic arrangement that will make a lovely gift or decoration at your celebration.<\/p>\n","protected":false},"featured_media":8948,"template":"","meta":[],"product_brand":[],"product_cat":[110,109,197],"product_tag":[],"class_list":{"0":"post-9624","1":"product","2":"type-product","3":"status-publish","4":"has-post-thumbnail","6":"product_cat-flower-boxes","7":"product_cat-flowers","8":"product_cat-gypsophila","9":"tm-no-options","10":"mk-info-sticky","12":"first","13":"outofstock","14":"taxable","15":"shipping-taxable","16":"purchasable","17":"product-type-simple"},"yoast_head":"<!-- This site is optimized with the Yoast SEO plugin v27.1.1 - https:\/\/yoast.com\/product\/yoast-seo-wordpress\/ -->\n<title>A box of pink hydrangeas and purple baby&#039;s breath flowers | Flowerstime.lt - g\u0117l\u0117s Vilniuje<\/title>\n<meta name=\"description\" content=\"This box is a great choice if you are looking for a cute and romantic gift for your loved one. Order now.\" \/>\n<meta name=\"robots\" content=\"index, follow, max-snippet:-1, max-image-preview:large, max-video-preview:-1\" \/>\n<link rel=\"canonical\" href=\"https:\/\/www.flowerstime.lt\/en\/product\/a-box-of-pink-hydrangeas-and-purple-babys-breath-flowers\/\" \/>\n<meta property=\"og:locale\" content=\"en_US\" \/>\n<meta property=\"og:type\" content=\"article\" \/>\n<meta property=\"og:title\" content=\"A box of pink hydrangeas and purple baby&#039;s breath flowers | Flowerstime.lt - g\u0117l\u0117s Vilniuje\" \/>\n<meta property=\"og:description\" content=\"This box is a great choice if you are looking for a cute and romantic gift for your loved one. Order now.\" \/>\n<meta property=\"og:url\" content=\"https:\/\/www.flowerstime.lt\/en\/product\/a-box-of-pink-hydrangeas-and-purple-babys-breath-flowers\/\" \/>\n<meta property=\"og:site_name\" content=\"Flowers time - G\u0117li\u0173 pristatymas Vilniuje\" \/>\n<meta property=\"article:modified_time\" content=\"2023-06-29T06:42:19+00:00\" \/>\n<meta property=\"og:image\" content=\"https:\/\/www.flowerstime.lt\/wp-content\/uploads\/2023\/06\/guboja-su-hortenzija-e1686655369323.jpg\" \/>\n\t<meta property=\"og:image:width\" content=\"600\" \/>\n\t<meta property=\"og:image:height\" content=\"600\" \/>\n\t<meta property=\"og:image:type\" content=\"image\/jpeg\" \/>\n<meta name=\"twitter:card\" content=\"summary_large_image\" \/>\n<script type=\"application\/ld+json\" class=\"yoast-schema-graph\">{\"@context\":\"https:\/\/schema.org\",\"@graph\":[{\"@type\":\"WebPage\",\"@id\":\"https:\/\/www.flowerstime.lt\/en\/product\/a-box-of-pink-hydrangeas-and-purple-babys-breath-flowers\/\",\"url\":\"https:\/\/www.flowerstime.lt\/en\/product\/a-box-of-pink-hydrangeas-and-purple-babys-breath-flowers\/\",\"name\":\"A box of pink hydrangeas and purple baby's breath flowers | Flowerstime.lt - g\u0117l\u0117s Vilniuje\",\"isPartOf\":{\"@id\":\"https:\/\/www.flowerstime.lt\/en\/#website\"},\"primaryImageOfPage\":{\"@id\":\"https:\/\/www.flowerstime.lt\/en\/product\/a-box-of-pink-hydrangeas-and-purple-babys-breath-flowers\/#primaryimage\"},\"image\":{\"@id\":\"https:\/\/www.flowerstime.lt\/en\/product\/a-box-of-pink-hydrangeas-and-purple-babys-breath-flowers\/#primaryimage\"},\"thumbnailUrl\":\"https:\/\/www.flowerstime.lt\/wp-content\/uploads\/2023\/06\/guboja-su-hortenzija-e1686655369323.jpg\",\"datePublished\":\"2023-06-13T11:26:40+00:00\",\"dateModified\":\"2023-06-29T06:42:19+00:00\",\"description\":\"This box is a great choice if you are looking for a cute and romantic gift for your loved one. Order now.\",\"breadcrumb\":{\"@id\":\"https:\/\/www.flowerstime.lt\/en\/product\/a-box-of-pink-hydrangeas-and-purple-babys-breath-flowers\/#breadcrumb\"},\"inLanguage\":\"en-US\",\"potentialAction\":[{\"@type\":\"ReadAction\",\"target\":[\"https:\/\/www.flowerstime.lt\/en\/product\/a-box-of-pink-hydrangeas-and-purple-babys-breath-flowers\/\"]}]},{\"@type\":\"ImageObject\",\"inLanguage\":\"en-US\",\"@id\":\"https:\/\/www.flowerstime.lt\/en\/product\/a-box-of-pink-hydrangeas-and-purple-babys-breath-flowers\/#primaryimage\",\"url\":\"https:\/\/www.flowerstime.lt\/wp-content\/uploads\/2023\/06\/guboja-su-hortenzija-e1686655369323.jpg\",\"contentUrl\":\"https:\/\/www.flowerstime.lt\/wp-content\/uploads\/2023\/06\/guboja-su-hortenzija-e1686655369323.jpg\",\"width\":600,\"height\":600,\"caption\":\"Ro\u017ein\u0117 hortenzija ir violetin\u0117s gubojos d\u0117\u017eut\u0117je\"},{\"@type\":\"BreadcrumbList\",\"@id\":\"https:\/\/www.flowerstime.lt\/en\/product\/a-box-of-pink-hydrangeas-and-purple-babys-breath-flowers\/#breadcrumb\",\"itemListElement\":[{\"@type\":\"ListItem\",\"position\":1,\"name\":\"Home\",\"item\":\"https:\/\/www.flowerstime.lt\/en\/\"},{\"@type\":\"ListItem\",\"position\":2,\"name\":\"Flowers delivery in Vilnius\",\"item\":\"https:\/\/www.flowerstime.lt\/en\/\"},{\"@type\":\"ListItem\",\"position\":3,\"name\":\"A box of pink hydrangeas and purple baby&#8217;s breath flowers\"}]},{\"@type\":\"WebSite\",\"@id\":\"https:\/\/www.flowerstime.lt\/en\/#website\",\"url\":\"https:\/\/www.flowerstime.lt\/en\/\",\"name\":\"Flowers time - G\u0117li\u0173 pristatymas Vilniuje\",\"description\":\"\",\"potentialAction\":[{\"@type\":\"SearchAction\",\"target\":{\"@type\":\"EntryPoint\",\"urlTemplate\":\"https:\/\/www.flowerstime.lt\/en\/?s={search_term_string}\"},\"query-input\":{\"@type\":\"PropertyValueSpecification\",\"valueRequired\":true,\"valueName\":\"search_term_string\"}}],\"inLanguage\":\"en-US\"}]}<\/script>\n<!-- \/ Yoast SEO plugin. -->","yoast_head_json":{"title":"A box of pink hydrangeas and purple baby's breath flowers | Flowerstime.lt - g\u0117l\u0117s Vilniuje","description":"This box is a great choice if you are looking for a cute and romantic gift for your loved one. Order now.","robots":{"index":"index","follow":"follow","max-snippet":"max-snippet:-1","max-image-preview":"max-image-preview:large","max-video-preview":"max-video-preview:-1"},"canonical":"https:\/\/www.flowerstime.lt\/en\/product\/a-box-of-pink-hydrangeas-and-purple-babys-breath-flowers\/","og_locale":"en_US","og_type":"article","og_title":"A box of pink hydrangeas and purple baby's breath flowers | Flowerstime.lt - g\u0117l\u0117s Vilniuje","og_description":"This box is a great choice if you are looking for a cute and romantic gift for your loved one. Order now.","og_url":"https:\/\/www.flowerstime.lt\/en\/product\/a-box-of-pink-hydrangeas-and-purple-babys-breath-flowers\/","og_site_name":"Flowers time - G\u0117li\u0173 pristatymas Vilniuje","article_modified_time":"2023-06-29T06:42:19+00:00","og_image":[{"width":600,"height":600,"url":"https:\/\/www.flowerstime.lt\/wp-content\/uploads\/2023\/06\/guboja-su-hortenzija-e1686655369323.jpg","type":"image\/jpeg"}],"twitter_card":"summary_large_image","schema":{"@context":"https:\/\/schema.org","@graph":[{"@type":"WebPage","@id":"https:\/\/www.flowerstime.lt\/en\/product\/a-box-of-pink-hydrangeas-and-purple-babys-breath-flowers\/","url":"https:\/\/www.flowerstime.lt\/en\/product\/a-box-of-pink-hydrangeas-and-purple-babys-breath-flowers\/","name":"A box of pink hydrangeas and purple baby's breath flowers | Flowerstime.lt - g\u0117l\u0117s Vilniuje","isPartOf":{"@id":"https:\/\/www.flowerstime.lt\/en\/#website"},"primaryImageOfPage":{"@id":"https:\/\/www.flowerstime.lt\/en\/product\/a-box-of-pink-hydrangeas-and-purple-babys-breath-flowers\/#primaryimage"},"image":{"@id":"https:\/\/www.flowerstime.lt\/en\/product\/a-box-of-pink-hydrangeas-and-purple-babys-breath-flowers\/#primaryimage"},"thumbnailUrl":"https:\/\/www.flowerstime.lt\/wp-content\/uploads\/2023\/06\/guboja-su-hortenzija-e1686655369323.jpg","datePublished":"2023-06-13T11:26:40+00:00","dateModified":"2023-06-29T06:42:19+00:00","description":"This box is a great choice if you are looking for a cute and romantic gift for your loved one. Order now.","breadcrumb":{"@id":"https:\/\/www.flowerstime.lt\/en\/product\/a-box-of-pink-hydrangeas-and-purple-babys-breath-flowers\/#breadcrumb"},"inLanguage":"en-US","potentialAction":[{"@type":"ReadAction","target":["https:\/\/www.flowerstime.lt\/en\/product\/a-box-of-pink-hydrangeas-and-purple-babys-breath-flowers\/"]}]},{"@type":"ImageObject","inLanguage":"en-US","@id":"https:\/\/www.flowerstime.lt\/en\/product\/a-box-of-pink-hydrangeas-and-purple-babys-breath-flowers\/#primaryimage","url":"https:\/\/www.flowerstime.lt\/wp-content\/uploads\/2023\/06\/guboja-su-hortenzija-e1686655369323.jpg","contentUrl":"https:\/\/www.flowerstime.lt\/wp-content\/uploads\/2023\/06\/guboja-su-hortenzija-e1686655369323.jpg","width":600,"height":600,"caption":"Ro\u017ein\u0117 hortenzija ir violetin\u0117s gubojos d\u0117\u017eut\u0117je"},{"@type":"BreadcrumbList","@id":"https:\/\/www.flowerstime.lt\/en\/product\/a-box-of-pink-hydrangeas-and-purple-babys-breath-flowers\/#breadcrumb","itemListElement":[{"@type":"ListItem","position":1,"name":"Home","item":"https:\/\/www.flowerstime.lt\/en\/"},{"@type":"ListItem","position":2,"name":"Flowers delivery in Vilnius","item":"https:\/\/www.flowerstime.lt\/en\/"},{"@type":"ListItem","position":3,"name":"A box of pink hydrangeas and purple baby&#8217;s breath flowers"}]},{"@type":"WebSite","@id":"https:\/\/www.flowerstime.lt\/en\/#website","url":"https:\/\/www.flowerstime.lt\/en\/","name":"Flowers time - G\u0117li\u0173 pristatymas Vilniuje","description":"","potentialAction":[{"@type":"SearchAction","target":{"@type":"EntryPoint","urlTemplate":"https:\/\/www.flowerstime.lt\/en\/?s={search_term_string}"},"query-input":{"@type":"PropertyValueSpecification","valueRequired":true,"valueName":"search_term_string"}}],"inLanguage":"en-US"}]}},"_links":{"self":[{"href":"https:\/\/www.flowerstime.lt\/en\/wp-json\/wp\/v2\/product\/9624","targetHints":{"allow":["GET"]}}],"collection":[{"href":"https:\/\/www.flowerstime.lt\/en\/wp-json\/wp\/v2\/product"}],"about":[{"href":"https:\/\/www.flowerstime.lt\/en\/wp-json\/wp\/v2\/types\/product"}],"wp:featuredmedia":[{"embeddable":true,"href":"https:\/\/www.flowerstime.lt\/en\/wp-json\/wp\/v2\/media\/8948"}],"wp:attachment":[{"href":"https:\/\/www.flowerstime.lt\/en\/wp-json\/wp\/v2\/media?parent=9624"}],"wp:term":[{"taxonomy":"product_brand","embeddable":true,"href":"https:\/\/www.flowerstime.lt\/en\/wp-json\/wp\/v2\/product_brand?post=9624"},{"taxonomy":"product_cat","embeddable":true,"href":"https:\/\/www.flowerstime.lt\/en\/wp-json\/wp\/v2\/product_cat?post=9624"},{"taxonomy":"product_tag","embeddable":true,"href":"https:\/\/www.flowerstime.lt\/en\/wp-json\/wp\/v2\/product_tag?post=9624"}],"curies":[{"name":"wp","href":"https:\/\/api.w.org\/{rel}","templated":true}]}}