{"id":9657,"date":"2023-06-06T11:27:37","date_gmt":"2023-06-06T08:27:37","guid":{"rendered":"https:\/\/www.flowerstime.lt\/produktas\/a-bouquet-of-alstromerias-in-one-color\/"},"modified":"2026-02-13T22:33:58","modified_gmt":"2026-02-13T19:33:58","slug":"a-bouquet-of-alstromerias-in-one-color","status":"publish","type":"product","link":"https:\/\/www.flowerstime.lt\/en\/product\/a-bouquet-of-alstromerias-in-one-color\/","title":{"rendered":"A bouquet of alstromerias in one color"},"content":{"rendered":"<p id=\"tw-target-text\" class=\"tw-data-text tw-text-large tw-ta\" dir=\"ltr\" data-placeholder=\"Vertimas\"><span class=\"Y2IQFc\" lang=\"en\">A bouquet of\u00a0 alstromerias look summery and playful. These flowers that radiate luxury are suitable for both men and women, depending on the color of the flowers.<\/span><\/p>\n","protected":false},"excerpt":{"rendered":"<p>A bouquet of\u00a0 alstromerias look summery and playful. These flowers that radiate luxury are suitable for both men and women, depending on the color of the flowers.<\/p>\n","protected":false},"featured_media":8801,"template":"","meta":[],"product_brand":[],"product_cat":[121,113,109],"product_tag":[],"class_list":{"0":"post-9657","1":"product","2":"type-product","3":"status-publish","4":"has-post-thumbnail","6":"product_cat-alstroemerias","7":"product_cat-bouquets","8":"product_cat-flowers","9":"tm-has-styled-variations","10":"tm-has-options","11":"mk-info-sticky","13":"first","14":"instock","15":"taxable","16":"shipping-taxable","17":"purchasable","18":"product-type-variable"},"yoast_head":"<!-- This site is optimized with the Yoast SEO plugin v27.1.1 - https:\/\/yoast.com\/product\/yoast-seo-wordpress\/ -->\n<title>A bouquet of alstromerias in one color | Flowerstime.lt - g\u0117li\u0173 pristatymas<\/title>\n<meta name=\"description\" content=\"Summery, fresh and luxurious - alstromerias are suitable for congratulating your loved ones on various occasions.\" \/>\n<meta name=\"robots\" content=\"index, follow, max-snippet:-1, max-image-preview:large, max-video-preview:-1\" \/>\n<link rel=\"canonical\" href=\"https:\/\/www.flowerstime.lt\/en\/product\/a-bouquet-of-alstromerias-in-one-color\/\" \/>\n<meta property=\"og:locale\" content=\"en_US\" \/>\n<meta property=\"og:type\" content=\"article\" \/>\n<meta property=\"og:title\" content=\"A bouquet of alstromerias in one color | Flowerstime.lt - g\u0117li\u0173 pristatymas\" \/>\n<meta property=\"og:description\" content=\"Summery, fresh and luxurious - alstromerias are suitable for congratulating your loved ones on various occasions.\" \/>\n<meta property=\"og:url\" content=\"https:\/\/www.flowerstime.lt\/en\/product\/a-bouquet-of-alstromerias-in-one-color\/\" \/>\n<meta property=\"og:site_name\" content=\"Flowers time - G\u0117li\u0173 pristatymas Vilniuje\" \/>\n<meta property=\"article:modified_time\" content=\"2026-02-13T19:33:58+00:00\" \/>\n<meta property=\"og:image\" content=\"https:\/\/www.flowerstime.lt\/wp-content\/uploads\/2023\/06\/alstromeriju-puokste-e1686040011622.jpg\" \/>\n\t<meta property=\"og:image:width\" content=\"600\" \/>\n\t<meta property=\"og:image:height\" content=\"600\" \/>\n\t<meta property=\"og:image:type\" content=\"image\/jpeg\" \/>\n<meta name=\"twitter:card\" content=\"summary_large_image\" \/>\n<script type=\"application\/ld+json\" class=\"yoast-schema-graph\">{\"@context\":\"https:\/\/schema.org\",\"@graph\":[{\"@type\":\"WebPage\",\"@id\":\"https:\/\/www.flowerstime.lt\/en\/product\/a-bouquet-of-alstromerias-in-one-color\/\",\"url\":\"https:\/\/www.flowerstime.lt\/en\/product\/a-bouquet-of-alstromerias-in-one-color\/\",\"name\":\"A bouquet of alstromerias in one color | Flowerstime.lt - g\u0117li\u0173 pristatymas\",\"isPartOf\":{\"@id\":\"https:\/\/www.flowerstime.lt\/en\/#website\"},\"primaryImageOfPage\":{\"@id\":\"https:\/\/www.flowerstime.lt\/en\/product\/a-bouquet-of-alstromerias-in-one-color\/#primaryimage\"},\"image\":{\"@id\":\"https:\/\/www.flowerstime.lt\/en\/product\/a-bouquet-of-alstromerias-in-one-color\/#primaryimage\"},\"thumbnailUrl\":\"https:\/\/www.flowerstime.lt\/wp-content\/uploads\/2023\/06\/alstromeriju-puokste-e1686040011622.jpg\",\"datePublished\":\"2023-06-06T08:27:37+00:00\",\"dateModified\":\"2026-02-13T19:33:58+00:00\",\"description\":\"Summery, fresh and luxurious - alstromerias are suitable for congratulating your loved ones on various occasions.\",\"breadcrumb\":{\"@id\":\"https:\/\/www.flowerstime.lt\/en\/product\/a-bouquet-of-alstromerias-in-one-color\/#breadcrumb\"},\"inLanguage\":\"en-US\",\"potentialAction\":[{\"@type\":\"ReadAction\",\"target\":[\"https:\/\/www.flowerstime.lt\/en\/product\/a-bouquet-of-alstromerias-in-one-color\/\"]}]},{\"@type\":\"ImageObject\",\"inLanguage\":\"en-US\",\"@id\":\"https:\/\/www.flowerstime.lt\/en\/product\/a-bouquet-of-alstromerias-in-one-color\/#primaryimage\",\"url\":\"https:\/\/www.flowerstime.lt\/wp-content\/uploads\/2023\/06\/alstromeriju-puokste-e1686040011622.jpg\",\"contentUrl\":\"https:\/\/www.flowerstime.lt\/wp-content\/uploads\/2023\/06\/alstromeriju-puokste-e1686040011622.jpg\",\"width\":600,\"height\":600,\"caption\":\"Vienspalv\u0117 alstromerij\u0173 puok\u0161t\u0117\"},{\"@type\":\"BreadcrumbList\",\"@id\":\"https:\/\/www.flowerstime.lt\/en\/product\/a-bouquet-of-alstromerias-in-one-color\/#breadcrumb\",\"itemListElement\":[{\"@type\":\"ListItem\",\"position\":1,\"name\":\"Home\",\"item\":\"https:\/\/www.flowerstime.lt\/en\/\"},{\"@type\":\"ListItem\",\"position\":2,\"name\":\"Flowers delivery in Vilnius\",\"item\":\"https:\/\/www.flowerstime.lt\/en\/\"},{\"@type\":\"ListItem\",\"position\":3,\"name\":\"A bouquet of alstromerias in one color\"}]},{\"@type\":\"WebSite\",\"@id\":\"https:\/\/www.flowerstime.lt\/en\/#website\",\"url\":\"https:\/\/www.flowerstime.lt\/en\/\",\"name\":\"Flowers time - G\u0117li\u0173 pristatymas Vilniuje\",\"description\":\"\",\"potentialAction\":[{\"@type\":\"SearchAction\",\"target\":{\"@type\":\"EntryPoint\",\"urlTemplate\":\"https:\/\/www.flowerstime.lt\/en\/?s={search_term_string}\"},\"query-input\":{\"@type\":\"PropertyValueSpecification\",\"valueRequired\":true,\"valueName\":\"search_term_string\"}}],\"inLanguage\":\"en-US\"}]}<\/script>\n<!-- \/ Yoast SEO plugin. -->","yoast_head_json":{"title":"A bouquet of alstromerias in one color | Flowerstime.lt - g\u0117li\u0173 pristatymas","description":"Summery, fresh and luxurious - alstromerias are suitable for congratulating your loved ones on various occasions.","robots":{"index":"index","follow":"follow","max-snippet":"max-snippet:-1","max-image-preview":"max-image-preview:large","max-video-preview":"max-video-preview:-1"},"canonical":"https:\/\/www.flowerstime.lt\/en\/product\/a-bouquet-of-alstromerias-in-one-color\/","og_locale":"en_US","og_type":"article","og_title":"A bouquet of alstromerias in one color | Flowerstime.lt - g\u0117li\u0173 pristatymas","og_description":"Summery, fresh and luxurious - alstromerias are suitable for congratulating your loved ones on various occasions.","og_url":"https:\/\/www.flowerstime.lt\/en\/product\/a-bouquet-of-alstromerias-in-one-color\/","og_site_name":"Flowers time - G\u0117li\u0173 pristatymas Vilniuje","article_modified_time":"2026-02-13T19:33:58+00:00","og_image":[{"width":600,"height":600,"url":"https:\/\/www.flowerstime.lt\/wp-content\/uploads\/2023\/06\/alstromeriju-puokste-e1686040011622.jpg","type":"image\/jpeg"}],"twitter_card":"summary_large_image","schema":{"@context":"https:\/\/schema.org","@graph":[{"@type":"WebPage","@id":"https:\/\/www.flowerstime.lt\/en\/product\/a-bouquet-of-alstromerias-in-one-color\/","url":"https:\/\/www.flowerstime.lt\/en\/product\/a-bouquet-of-alstromerias-in-one-color\/","name":"A bouquet of alstromerias in one color | Flowerstime.lt - g\u0117li\u0173 pristatymas","isPartOf":{"@id":"https:\/\/www.flowerstime.lt\/en\/#website"},"primaryImageOfPage":{"@id":"https:\/\/www.flowerstime.lt\/en\/product\/a-bouquet-of-alstromerias-in-one-color\/#primaryimage"},"image":{"@id":"https:\/\/www.flowerstime.lt\/en\/product\/a-bouquet-of-alstromerias-in-one-color\/#primaryimage"},"thumbnailUrl":"https:\/\/www.flowerstime.lt\/wp-content\/uploads\/2023\/06\/alstromeriju-puokste-e1686040011622.jpg","datePublished":"2023-06-06T08:27:37+00:00","dateModified":"2026-02-13T19:33:58+00:00","description":"Summery, fresh and luxurious - alstromerias are suitable for congratulating your loved ones on various occasions.","breadcrumb":{"@id":"https:\/\/www.flowerstime.lt\/en\/product\/a-bouquet-of-alstromerias-in-one-color\/#breadcrumb"},"inLanguage":"en-US","potentialAction":[{"@type":"ReadAction","target":["https:\/\/www.flowerstime.lt\/en\/product\/a-bouquet-of-alstromerias-in-one-color\/"]}]},{"@type":"ImageObject","inLanguage":"en-US","@id":"https:\/\/www.flowerstime.lt\/en\/product\/a-bouquet-of-alstromerias-in-one-color\/#primaryimage","url":"https:\/\/www.flowerstime.lt\/wp-content\/uploads\/2023\/06\/alstromeriju-puokste-e1686040011622.jpg","contentUrl":"https:\/\/www.flowerstime.lt\/wp-content\/uploads\/2023\/06\/alstromeriju-puokste-e1686040011622.jpg","width":600,"height":600,"caption":"Vienspalv\u0117 alstromerij\u0173 puok\u0161t\u0117"},{"@type":"BreadcrumbList","@id":"https:\/\/www.flowerstime.lt\/en\/product\/a-bouquet-of-alstromerias-in-one-color\/#breadcrumb","itemListElement":[{"@type":"ListItem","position":1,"name":"Home","item":"https:\/\/www.flowerstime.lt\/en\/"},{"@type":"ListItem","position":2,"name":"Flowers delivery in Vilnius","item":"https:\/\/www.flowerstime.lt\/en\/"},{"@type":"ListItem","position":3,"name":"A bouquet of alstromerias in one color"}]},{"@type":"WebSite","@id":"https:\/\/www.flowerstime.lt\/en\/#website","url":"https:\/\/www.flowerstime.lt\/en\/","name":"Flowers time - G\u0117li\u0173 pristatymas Vilniuje","description":"","potentialAction":[{"@type":"SearchAction","target":{"@type":"EntryPoint","urlTemplate":"https:\/\/www.flowerstime.lt\/en\/?s={search_term_string}"},"query-input":{"@type":"PropertyValueSpecification","valueRequired":true,"valueName":"search_term_string"}}],"inLanguage":"en-US"}]}},"_links":{"self":[{"href":"https:\/\/www.flowerstime.lt\/en\/wp-json\/wp\/v2\/product\/9657","targetHints":{"allow":["GET"]}}],"collection":[{"href":"https:\/\/www.flowerstime.lt\/en\/wp-json\/wp\/v2\/product"}],"about":[{"href":"https:\/\/www.flowerstime.lt\/en\/wp-json\/wp\/v2\/types\/product"}],"wp:featuredmedia":[{"embeddable":true,"href":"https:\/\/www.flowerstime.lt\/en\/wp-json\/wp\/v2\/media\/8801"}],"wp:attachment":[{"href":"https:\/\/www.flowerstime.lt\/en\/wp-json\/wp\/v2\/media?parent=9657"}],"wp:term":[{"taxonomy":"product_brand","embeddable":true,"href":"https:\/\/www.flowerstime.lt\/en\/wp-json\/wp\/v2\/product_brand?post=9657"},{"taxonomy":"product_cat","embeddable":true,"href":"https:\/\/www.flowerstime.lt\/en\/wp-json\/wp\/v2\/product_cat?post=9657"},{"taxonomy":"product_tag","embeddable":true,"href":"https:\/\/www.flowerstime.lt\/en\/wp-json\/wp\/v2\/product_tag?post=9657"}],"curies":[{"name":"wp","href":"https:\/\/api.w.org\/{rel}","templated":true}]}}