{"id":12457,"date":"2026-02-27T17:35:44","date_gmt":"2026-02-27T14:35:44","guid":{"rendered":"https:\/\/www.flowerstime.lt\/?post_type=product&#038;p=12457"},"modified":"2026-02-27T18:58:36","modified_gmt":"2026-02-27T15:58:36","slug":"%d0%b1%d1%83%d0%ba%d0%b5%d1%82-%d0%b8%d0%b7-%d0%b1%d0%b5%d0%bb%d1%8b%d1%85-%d1%82%d1%8e%d0%bb%d1%8c%d0%bf%d0%b0%d0%bd%d0%be%d0%b2-%d0%b8-%d1%85%d0%b0%d0%bc%d0%b5%d0%bb%d0%b0%d1%86%d0%b8%d1%83%d0%bc","status":"publish","type":"product","link":"https:\/\/www.flowerstime.lt\/ru\/\u043f\u0440\u043e\u0434\u0443\u043a\u0442\/%d0%b1%d1%83%d0%ba%d0%b5%d1%82-%d0%b8%d0%b7-%d0%b1%d0%b5%d0%bb%d1%8b%d1%85-%d1%82%d1%8e%d0%bb%d1%8c%d0%bf%d0%b0%d0%bd%d0%be%d0%b2-%d0%b8-%d1%85%d0%b0%d0%bc%d0%b5%d0%bb%d0%b0%d1%86%d0%b8%d1%83%d0%bc\/","title":{"rendered":"\u0411\u0443\u043a\u0435\u0442 \u0438\u0437 \u0431\u0435\u043b\u044b\u0445 \u0442\u044e\u043b\u044c\u043f\u0430\u043d\u043e\u0432 \u0438 \u0445\u0430\u043c\u0435\u043b\u0430\u0446\u0438\u0443\u043c\u0430"},"content":{"rendered":"","protected":false},"excerpt":{"rendered":"<p>\u041c\u0430\u043b\u0435\u043d\u044c\u043a\u0438\u0439 \u0431\u0443\u043a\u0435\u0442 \u2013 13 \u0442\u044e\u043b\u044c\u043f\u0430\u043d\u043e\u0432 \u0438 3 \u0445\u0430\u043c\u0435\u043b\u0430\u0446\u0438\u0443\u043c\u0430;<\/p>\n<p>\u0421\u0440\u0435\u0434\u043d\u0438\u0439 \u0431\u0443\u043a\u0435\u0442 \u2013 25 \u0442\u044e\u043b\u044c\u043f\u0430\u043d\u043e\u0432 \u0438 4 \u0445\u0430\u043c\u0435\u043b\u0430\u0446\u0438\u0443\u043c\u0430;<\/p>\n<p>\u0411\u043e\u043b\u044c\u0448\u043e\u0439 \u0431\u0443\u043a\u0435\u0442 \u2013 41 \u0442\u044e\u043b\u044c\u043f\u0430\u043d \u0438 6 \u0445\u0430\u043c\u0435\u043b\u0430\u0446\u0438\u0443\u043c\u043e\u0432.<\/p>\n","protected":false},"featured_media":12464,"template":"","meta":[],"product_brand":[],"product_cat":[149,153,139],"product_tag":[],"class_list":{"0":"post-12457","1":"product","2":"type-product","3":"status-publish","4":"has-post-thumbnail","6":"product_cat-149","7":"product_cat-153","8":"product_cat-139","9":"tm-has-styled-variations","10":"tm-has-options","11":"mk-info-sticky","13":"first","14":"instock","15":"taxable","16":"shipping-taxable","17":"purchasable","18":"product-type-variable"},"yoast_head":"<!-- This site is optimized with the Yoast SEO plugin v27.1.1 - https:\/\/yoast.com\/product\/yoast-seo-wordpress\/ -->\n<title>\u0411\u0443\u043a\u0435\u0442 \u0438\u0437 \u0431\u0435\u043b\u044b\u0445 \u0442\u044e\u043b\u044c\u043f\u0430\u043d\u043e\u0432 \u0438 \u0445\u0430\u043c\u0435\u043b\u0430\u0446\u0438\u0443\u043c\u0430 | Flowers Time<\/title>\n<meta name=\"description\" content=\"\u0425\u043e\u0442\u0438\u0442\u0435 \u0443\u0434\u0438\u0432\u0438\u0442\u044c \u0441\u0432\u043e\u0438\u0445 \u0431\u043b\u0438\u0437\u043a\u0438\u0445 \u044d\u043a\u0441\u043a\u043b\u044e\u0437\u0438\u0432\u043d\u044b\u043c \u0431\u0443\u043a\u0435\u0442\u043e\u043c? \u0411\u0435\u043b\u044b\u0435 \u0442\u044e\u043b\u044c\u043f\u0430\u043d\u044b \u0438 \u0430\u0440\u043e\u043c\u0430\u0442\u043d\u044b\u0435 \u0445\u0430\u043c\u0435\u043b\u0430\u0446\u0438\u0443\u043c\u0430 \u043f\u043e\u0440\u0430\u0434\u0443\u044e\u0442 \u043a\u0430\u0436\u0434\u043e\u0433\u043e!\" \/>\n<meta name=\"robots\" content=\"index, follow, max-snippet:-1, max-image-preview:large, max-video-preview:-1\" \/>\n<link rel=\"canonical\" href=\"https:\/\/www.flowerstime.lt\/ru\/\u043f\u0440\u043e\u0434\u0443\u043a\u0442\/%d0%b1%d1%83%d0%ba%d0%b5%d1%82-%d0%b8%d0%b7-%d0%b1%d0%b5%d0%bb%d1%8b%d1%85-%d1%82%d1%8e%d0%bb%d1%8c%d0%bf%d0%b0%d0%bd%d0%be%d0%b2-%d0%b8-%d1%85%d0%b0%d0%bc%d0%b5%d0%bb%d0%b0%d1%86%d0%b8%d1%83%d0%bc\/\" \/>\n<meta property=\"og:locale\" content=\"ru_RU\" \/>\n<meta property=\"og:type\" content=\"article\" \/>\n<meta property=\"og:title\" content=\"\u0411\u0443\u043a\u0435\u0442 \u0438\u0437 \u0431\u0435\u043b\u044b\u0445 \u0442\u044e\u043b\u044c\u043f\u0430\u043d\u043e\u0432 \u0438 \u0445\u0430\u043c\u0435\u043b\u0430\u0446\u0438\u0443\u043c\u0430 | Flowers Time\" \/>\n<meta property=\"og:description\" content=\"\u0425\u043e\u0442\u0438\u0442\u0435 \u0443\u0434\u0438\u0432\u0438\u0442\u044c \u0441\u0432\u043e\u0438\u0445 \u0431\u043b\u0438\u0437\u043a\u0438\u0445 \u044d\u043a\u0441\u043a\u043b\u044e\u0437\u0438\u0432\u043d\u044b\u043c \u0431\u0443\u043a\u0435\u0442\u043e\u043c? \u0411\u0435\u043b\u044b\u0435 \u0442\u044e\u043b\u044c\u043f\u0430\u043d\u044b \u0438 \u0430\u0440\u043e\u043c\u0430\u0442\u043d\u044b\u0435 \u0445\u0430\u043c\u0435\u043b\u0430\u0446\u0438\u0443\u043c\u0430 \u043f\u043e\u0440\u0430\u0434\u0443\u044e\u0442 \u043a\u0430\u0436\u0434\u043e\u0433\u043e!\" \/>\n<meta property=\"og:url\" content=\"https:\/\/www.flowerstime.lt\/ru\/\u043f\u0440\u043e\u0434\u0443\u043a\u0442\/%d0%b1%d1%83%d0%ba%d0%b5%d1%82-%d0%b8%d0%b7-%d0%b1%d0%b5%d0%bb%d1%8b%d1%85-%d1%82%d1%8e%d0%bb%d1%8c%d0%bf%d0%b0%d0%bd%d0%be%d0%b2-%d0%b8-%d1%85%d0%b0%d0%bc%d0%b5%d0%bb%d0%b0%d1%86%d0%b8%d1%83%d0%bc\/\" \/>\n<meta property=\"og:site_name\" content=\"Flowers time - G\u0117li\u0173 pristatymas Vilniuje\" \/>\n<meta property=\"article:modified_time\" content=\"2026-02-27T15:58:36+00:00\" \/>\n<meta property=\"og:image\" content=\"https:\/\/www.flowerstime.lt\/wp-content\/uploads\/2026\/02\/baltos-tulpes-ir-vaskageles-geles-merginai.jpg\" \/>\n\t<meta property=\"og:image:width\" content=\"1600\" \/>\n\t<meta property=\"og:image:height\" content=\"1600\" \/>\n\t<meta property=\"og:image:type\" content=\"image\/jpeg\" \/>\n<meta name=\"twitter:card\" content=\"summary_large_image\" \/>\n<script type=\"application\/ld+json\" class=\"yoast-schema-graph\">{\"@context\":\"https:\/\/schema.org\",\"@graph\":[{\"@type\":\"WebPage\",\"@id\":\"https:\/\/www.flowerstime.lt\/ru\/\u043f\u0440\u043e\u0434\u0443\u043a\u0442\/%d0%b1%d1%83%d0%ba%d0%b5%d1%82-%d0%b8%d0%b7-%d0%b1%d0%b5%d0%bb%d1%8b%d1%85-%d1%82%d1%8e%d0%bb%d1%8c%d0%bf%d0%b0%d0%bd%d0%be%d0%b2-%d0%b8-%d1%85%d0%b0%d0%bc%d0%b5%d0%bb%d0%b0%d1%86%d0%b8%d1%83%d0%bc\/\",\"url\":\"https:\/\/www.flowerstime.lt\/ru\/\u043f\u0440\u043e\u0434\u0443\u043a\u0442\/%d0%b1%d1%83%d0%ba%d0%b5%d1%82-%d0%b8%d0%b7-%d0%b1%d0%b5%d0%bb%d1%8b%d1%85-%d1%82%d1%8e%d0%bb%d1%8c%d0%bf%d0%b0%d0%bd%d0%be%d0%b2-%d0%b8-%d1%85%d0%b0%d0%bc%d0%b5%d0%bb%d0%b0%d1%86%d0%b8%d1%83%d0%bc\/\",\"name\":\"\u0411\u0443\u043a\u0435\u0442 \u0438\u0437 \u0431\u0435\u043b\u044b\u0445 \u0442\u044e\u043b\u044c\u043f\u0430\u043d\u043e\u0432 \u0438 \u0445\u0430\u043c\u0435\u043b\u0430\u0446\u0438\u0443\u043c\u0430 | Flowers Time\",\"isPartOf\":{\"@id\":\"https:\/\/www.flowerstime.lt\/ru\/#website\"},\"primaryImageOfPage\":{\"@id\":\"https:\/\/www.flowerstime.lt\/ru\/\u043f\u0440\u043e\u0434\u0443\u043a\u0442\/%d0%b1%d1%83%d0%ba%d0%b5%d1%82-%d0%b8%d0%b7-%d0%b1%d0%b5%d0%bb%d1%8b%d1%85-%d1%82%d1%8e%d0%bb%d1%8c%d0%bf%d0%b0%d0%bd%d0%be%d0%b2-%d0%b8-%d1%85%d0%b0%d0%bc%d0%b5%d0%bb%d0%b0%d1%86%d0%b8%d1%83%d0%bc\/#primaryimage\"},\"image\":{\"@id\":\"https:\/\/www.flowerstime.lt\/ru\/\u043f\u0440\u043e\u0434\u0443\u043a\u0442\/%d0%b1%d1%83%d0%ba%d0%b5%d1%82-%d0%b8%d0%b7-%d0%b1%d0%b5%d0%bb%d1%8b%d1%85-%d1%82%d1%8e%d0%bb%d1%8c%d0%bf%d0%b0%d0%bd%d0%be%d0%b2-%d0%b8-%d1%85%d0%b0%d0%bc%d0%b5%d0%bb%d0%b0%d1%86%d0%b8%d1%83%d0%bc\/#primaryimage\"},\"thumbnailUrl\":\"https:\/\/www.flowerstime.lt\/wp-content\/uploads\/2026\/02\/baltos-tulpes-ir-vaskageles-geles-merginai.jpg\",\"datePublished\":\"2026-02-27T14:35:44+00:00\",\"dateModified\":\"2026-02-27T15:58:36+00:00\",\"description\":\"\u0425\u043e\u0442\u0438\u0442\u0435 \u0443\u0434\u0438\u0432\u0438\u0442\u044c \u0441\u0432\u043e\u0438\u0445 \u0431\u043b\u0438\u0437\u043a\u0438\u0445 \u044d\u043a\u0441\u043a\u043b\u044e\u0437\u0438\u0432\u043d\u044b\u043c \u0431\u0443\u043a\u0435\u0442\u043e\u043c? \u0411\u0435\u043b\u044b\u0435 \u0442\u044e\u043b\u044c\u043f\u0430\u043d\u044b \u0438 \u0430\u0440\u043e\u043c\u0430\u0442\u043d\u044b\u0435 \u0445\u0430\u043c\u0435\u043b\u0430\u0446\u0438\u0443\u043c\u0430 \u043f\u043e\u0440\u0430\u0434\u0443\u044e\u0442 \u043a\u0430\u0436\u0434\u043e\u0433\u043e!\",\"breadcrumb\":{\"@id\":\"https:\/\/www.flowerstime.lt\/ru\/\u043f\u0440\u043e\u0434\u0443\u043a\u0442\/%d0%b1%d1%83%d0%ba%d0%b5%d1%82-%d0%b8%d0%b7-%d0%b1%d0%b5%d0%bb%d1%8b%d1%85-%d1%82%d1%8e%d0%bb%d1%8c%d0%bf%d0%b0%d0%bd%d0%be%d0%b2-%d0%b8-%d1%85%d0%b0%d0%bc%d0%b5%d0%bb%d0%b0%d1%86%d0%b8%d1%83%d0%bc\/#breadcrumb\"},\"inLanguage\":\"ru-RU\",\"potentialAction\":[{\"@type\":\"ReadAction\",\"target\":[\"https:\/\/www.flowerstime.lt\/ru\/\u043f\u0440\u043e\u0434\u0443\u043a\u0442\/%d0%b1%d1%83%d0%ba%d0%b5%d1%82-%d0%b8%d0%b7-%d0%b1%d0%b5%d0%bb%d1%8b%d1%85-%d1%82%d1%8e%d0%bb%d1%8c%d0%bf%d0%b0%d0%bd%d0%be%d0%b2-%d0%b8-%d1%85%d0%b0%d0%bc%d0%b5%d0%bb%d0%b0%d1%86%d0%b8%d1%83%d0%bc\/\"]}]},{\"@type\":\"ImageObject\",\"inLanguage\":\"ru-RU\",\"@id\":\"https:\/\/www.flowerstime.lt\/ru\/\u043f\u0440\u043e\u0434\u0443\u043a\u0442\/%d0%b1%d1%83%d0%ba%d0%b5%d1%82-%d0%b8%d0%b7-%d0%b1%d0%b5%d0%bb%d1%8b%d1%85-%d1%82%d1%8e%d0%bb%d1%8c%d0%bf%d0%b0%d0%bd%d0%be%d0%b2-%d0%b8-%d1%85%d0%b0%d0%bc%d0%b5%d0%bb%d0%b0%d1%86%d0%b8%d1%83%d0%bc\/#primaryimage\",\"url\":\"https:\/\/www.flowerstime.lt\/wp-content\/uploads\/2026\/02\/baltos-tulpes-ir-vaskageles-geles-merginai.jpg\",\"contentUrl\":\"https:\/\/www.flowerstime.lt\/wp-content\/uploads\/2026\/02\/baltos-tulpes-ir-vaskageles-geles-merginai.jpg\",\"width\":1600,\"height\":1600,\"caption\":\"Balt\u0173 tulpi\u0173 ir va\u0161kag\u0117li\u0173 puok\u0161t\u0117 moters dienai g\u0117l\u0117s\"},{\"@type\":\"BreadcrumbList\",\"@id\":\"https:\/\/www.flowerstime.lt\/ru\/\u043f\u0440\u043e\u0434\u0443\u043a\u0442\/%d0%b1%d1%83%d0%ba%d0%b5%d1%82-%d0%b8%d0%b7-%d0%b1%d0%b5%d0%bb%d1%8b%d1%85-%d1%82%d1%8e%d0%bb%d1%8c%d0%bf%d0%b0%d0%bd%d0%be%d0%b2-%d0%b8-%d1%85%d0%b0%d0%bc%d0%b5%d0%bb%d0%b0%d1%86%d0%b8%d1%83%d0%bc\/#breadcrumb\",\"itemListElement\":[{\"@type\":\"ListItem\",\"position\":1,\"name\":\"Home\",\"item\":\"https:\/\/www.flowerstime.lt\/ru\/\"},{\"@type\":\"ListItem\",\"position\":2,\"name\":\"\u0414\u043e\u0441\u0442\u0430\u0432\u043a\u0430 \u0446\u0432\u0435\u0442\u043e\u0432 \u0432 \u0412\u0438\u043b\u044c\u043d\u044e\u0441\u0435\",\"item\":\"https:\/\/www.flowerstime.lt\/\"},{\"@type\":\"ListItem\",\"position\":3,\"name\":\"\u0411\u0443\u043a\u0435\u0442 \u0438\u0437 \u0431\u0435\u043b\u044b\u0445 \u0442\u044e\u043b\u044c\u043f\u0430\u043d\u043e\u0432 \u0438 \u0445\u0430\u043c\u0435\u043b\u0430\u0446\u0438\u0443\u043c\u0430\"}]},{\"@type\":\"WebSite\",\"@id\":\"https:\/\/www.flowerstime.lt\/ru\/#website\",\"url\":\"https:\/\/www.flowerstime.lt\/ru\/\",\"name\":\"Flowers time - G\u0117li\u0173 pristatymas Vilniuje\",\"description\":\"\",\"potentialAction\":[{\"@type\":\"SearchAction\",\"target\":{\"@type\":\"EntryPoint\",\"urlTemplate\":\"https:\/\/www.flowerstime.lt\/ru\/?s={search_term_string}\"},\"query-input\":{\"@type\":\"PropertyValueSpecification\",\"valueRequired\":true,\"valueName\":\"search_term_string\"}}],\"inLanguage\":\"ru-RU\"}]}<\/script>\n<!-- \/ Yoast SEO plugin. -->","yoast_head_json":{"title":"\u0411\u0443\u043a\u0435\u0442 \u0438\u0437 \u0431\u0435\u043b\u044b\u0445 \u0442\u044e\u043b\u044c\u043f\u0430\u043d\u043e\u0432 \u0438 \u0445\u0430\u043c\u0435\u043b\u0430\u0446\u0438\u0443\u043c\u0430 | Flowers Time","description":"\u0425\u043e\u0442\u0438\u0442\u0435 \u0443\u0434\u0438\u0432\u0438\u0442\u044c \u0441\u0432\u043e\u0438\u0445 \u0431\u043b\u0438\u0437\u043a\u0438\u0445 \u044d\u043a\u0441\u043a\u043b\u044e\u0437\u0438\u0432\u043d\u044b\u043c \u0431\u0443\u043a\u0435\u0442\u043e\u043c? \u0411\u0435\u043b\u044b\u0435 \u0442\u044e\u043b\u044c\u043f\u0430\u043d\u044b \u0438 \u0430\u0440\u043e\u043c\u0430\u0442\u043d\u044b\u0435 \u0445\u0430\u043c\u0435\u043b\u0430\u0446\u0438\u0443\u043c\u0430 \u043f\u043e\u0440\u0430\u0434\u0443\u044e\u0442 \u043a\u0430\u0436\u0434\u043e\u0433\u043e!","robots":{"index":"index","follow":"follow","max-snippet":"max-snippet:-1","max-image-preview":"max-image-preview:large","max-video-preview":"max-video-preview:-1"},"canonical":"https:\/\/www.flowerstime.lt\/ru\/\u043f\u0440\u043e\u0434\u0443\u043a\u0442\/%d0%b1%d1%83%d0%ba%d0%b5%d1%82-%d0%b8%d0%b7-%d0%b1%d0%b5%d0%bb%d1%8b%d1%85-%d1%82%d1%8e%d0%bb%d1%8c%d0%bf%d0%b0%d0%bd%d0%be%d0%b2-%d0%b8-%d1%85%d0%b0%d0%bc%d0%b5%d0%bb%d0%b0%d1%86%d0%b8%d1%83%d0%bc\/","og_locale":"ru_RU","og_type":"article","og_title":"\u0411\u0443\u043a\u0435\u0442 \u0438\u0437 \u0431\u0435\u043b\u044b\u0445 \u0442\u044e\u043b\u044c\u043f\u0430\u043d\u043e\u0432 \u0438 \u0445\u0430\u043c\u0435\u043b\u0430\u0446\u0438\u0443\u043c\u0430 | Flowers Time","og_description":"\u0425\u043e\u0442\u0438\u0442\u0435 \u0443\u0434\u0438\u0432\u0438\u0442\u044c \u0441\u0432\u043e\u0438\u0445 \u0431\u043b\u0438\u0437\u043a\u0438\u0445 \u044d\u043a\u0441\u043a\u043b\u044e\u0437\u0438\u0432\u043d\u044b\u043c \u0431\u0443\u043a\u0435\u0442\u043e\u043c? \u0411\u0435\u043b\u044b\u0435 \u0442\u044e\u043b\u044c\u043f\u0430\u043d\u044b \u0438 \u0430\u0440\u043e\u043c\u0430\u0442\u043d\u044b\u0435 \u0445\u0430\u043c\u0435\u043b\u0430\u0446\u0438\u0443\u043c\u0430 \u043f\u043e\u0440\u0430\u0434\u0443\u044e\u0442 \u043a\u0430\u0436\u0434\u043e\u0433\u043e!","og_url":"https:\/\/www.flowerstime.lt\/ru\/\u043f\u0440\u043e\u0434\u0443\u043a\u0442\/%d0%b1%d1%83%d0%ba%d0%b5%d1%82-%d0%b8%d0%b7-%d0%b1%d0%b5%d0%bb%d1%8b%d1%85-%d1%82%d1%8e%d0%bb%d1%8c%d0%bf%d0%b0%d0%bd%d0%be%d0%b2-%d0%b8-%d1%85%d0%b0%d0%bc%d0%b5%d0%bb%d0%b0%d1%86%d0%b8%d1%83%d0%bc\/","og_site_name":"Flowers time - G\u0117li\u0173 pristatymas Vilniuje","article_modified_time":"2026-02-27T15:58:36+00:00","og_image":[{"width":1600,"height":1600,"url":"https:\/\/www.flowerstime.lt\/wp-content\/uploads\/2026\/02\/baltos-tulpes-ir-vaskageles-geles-merginai.jpg","type":"image\/jpeg"}],"twitter_card":"summary_large_image","schema":{"@context":"https:\/\/schema.org","@graph":[{"@type":"WebPage","@id":"https:\/\/www.flowerstime.lt\/ru\/\u043f\u0440\u043e\u0434\u0443\u043a\u0442\/%d0%b1%d1%83%d0%ba%d0%b5%d1%82-%d0%b8%d0%b7-%d0%b1%d0%b5%d0%bb%d1%8b%d1%85-%d1%82%d1%8e%d0%bb%d1%8c%d0%bf%d0%b0%d0%bd%d0%be%d0%b2-%d0%b8-%d1%85%d0%b0%d0%bc%d0%b5%d0%bb%d0%b0%d1%86%d0%b8%d1%83%d0%bc\/","url":"https:\/\/www.flowerstime.lt\/ru\/\u043f\u0440\u043e\u0434\u0443\u043a\u0442\/%d0%b1%d1%83%d0%ba%d0%b5%d1%82-%d0%b8%d0%b7-%d0%b1%d0%b5%d0%bb%d1%8b%d1%85-%d1%82%d1%8e%d0%bb%d1%8c%d0%bf%d0%b0%d0%bd%d0%be%d0%b2-%d0%b8-%d1%85%d0%b0%d0%bc%d0%b5%d0%bb%d0%b0%d1%86%d0%b8%d1%83%d0%bc\/","name":"\u0411\u0443\u043a\u0435\u0442 \u0438\u0437 \u0431\u0435\u043b\u044b\u0445 \u0442\u044e\u043b\u044c\u043f\u0430\u043d\u043e\u0432 \u0438 \u0445\u0430\u043c\u0435\u043b\u0430\u0446\u0438\u0443\u043c\u0430 | Flowers Time","isPartOf":{"@id":"https:\/\/www.flowerstime.lt\/ru\/#website"},"primaryImageOfPage":{"@id":"https:\/\/www.flowerstime.lt\/ru\/\u043f\u0440\u043e\u0434\u0443\u043a\u0442\/%d0%b1%d1%83%d0%ba%d0%b5%d1%82-%d0%b8%d0%b7-%d0%b1%d0%b5%d0%bb%d1%8b%d1%85-%d1%82%d1%8e%d0%bb%d1%8c%d0%bf%d0%b0%d0%bd%d0%be%d0%b2-%d0%b8-%d1%85%d0%b0%d0%bc%d0%b5%d0%bb%d0%b0%d1%86%d0%b8%d1%83%d0%bc\/#primaryimage"},"image":{"@id":"https:\/\/www.flowerstime.lt\/ru\/\u043f\u0440\u043e\u0434\u0443\u043a\u0442\/%d0%b1%d1%83%d0%ba%d0%b5%d1%82-%d0%b8%d0%b7-%d0%b1%d0%b5%d0%bb%d1%8b%d1%85-%d1%82%d1%8e%d0%bb%d1%8c%d0%bf%d0%b0%d0%bd%d0%be%d0%b2-%d0%b8-%d1%85%d0%b0%d0%bc%d0%b5%d0%bb%d0%b0%d1%86%d0%b8%d1%83%d0%bc\/#primaryimage"},"thumbnailUrl":"https:\/\/www.flowerstime.lt\/wp-content\/uploads\/2026\/02\/baltos-tulpes-ir-vaskageles-geles-merginai.jpg","datePublished":"2026-02-27T14:35:44+00:00","dateModified":"2026-02-27T15:58:36+00:00","description":"\u0425\u043e\u0442\u0438\u0442\u0435 \u0443\u0434\u0438\u0432\u0438\u0442\u044c \u0441\u0432\u043e\u0438\u0445 \u0431\u043b\u0438\u0437\u043a\u0438\u0445 \u044d\u043a\u0441\u043a\u043b\u044e\u0437\u0438\u0432\u043d\u044b\u043c \u0431\u0443\u043a\u0435\u0442\u043e\u043c? \u0411\u0435\u043b\u044b\u0435 \u0442\u044e\u043b\u044c\u043f\u0430\u043d\u044b \u0438 \u0430\u0440\u043e\u043c\u0430\u0442\u043d\u044b\u0435 \u0445\u0430\u043c\u0435\u043b\u0430\u0446\u0438\u0443\u043c\u0430 \u043f\u043e\u0440\u0430\u0434\u0443\u044e\u0442 \u043a\u0430\u0436\u0434\u043e\u0433\u043e!","breadcrumb":{"@id":"https:\/\/www.flowerstime.lt\/ru\/\u043f\u0440\u043e\u0434\u0443\u043a\u0442\/%d0%b1%d1%83%d0%ba%d0%b5%d1%82-%d0%b8%d0%b7-%d0%b1%d0%b5%d0%bb%d1%8b%d1%85-%d1%82%d1%8e%d0%bb%d1%8c%d0%bf%d0%b0%d0%bd%d0%be%d0%b2-%d0%b8-%d1%85%d0%b0%d0%bc%d0%b5%d0%bb%d0%b0%d1%86%d0%b8%d1%83%d0%bc\/#breadcrumb"},"inLanguage":"ru-RU","potentialAction":[{"@type":"ReadAction","target":["https:\/\/www.flowerstime.lt\/ru\/\u043f\u0440\u043e\u0434\u0443\u043a\u0442\/%d0%b1%d1%83%d0%ba%d0%b5%d1%82-%d0%b8%d0%b7-%d0%b1%d0%b5%d0%bb%d1%8b%d1%85-%d1%82%d1%8e%d0%bb%d1%8c%d0%bf%d0%b0%d0%bd%d0%be%d0%b2-%d0%b8-%d1%85%d0%b0%d0%bc%d0%b5%d0%bb%d0%b0%d1%86%d0%b8%d1%83%d0%bc\/"]}]},{"@type":"ImageObject","inLanguage":"ru-RU","@id":"https:\/\/www.flowerstime.lt\/ru\/\u043f\u0440\u043e\u0434\u0443\u043a\u0442\/%d0%b1%d1%83%d0%ba%d0%b5%d1%82-%d0%b8%d0%b7-%d0%b1%d0%b5%d0%bb%d1%8b%d1%85-%d1%82%d1%8e%d0%bb%d1%8c%d0%bf%d0%b0%d0%bd%d0%be%d0%b2-%d0%b8-%d1%85%d0%b0%d0%bc%d0%b5%d0%bb%d0%b0%d1%86%d0%b8%d1%83%d0%bc\/#primaryimage","url":"https:\/\/www.flowerstime.lt\/wp-content\/uploads\/2026\/02\/baltos-tulpes-ir-vaskageles-geles-merginai.jpg","contentUrl":"https:\/\/www.flowerstime.lt\/wp-content\/uploads\/2026\/02\/baltos-tulpes-ir-vaskageles-geles-merginai.jpg","width":1600,"height":1600,"caption":"Balt\u0173 tulpi\u0173 ir va\u0161kag\u0117li\u0173 puok\u0161t\u0117 moters dienai g\u0117l\u0117s"},{"@type":"BreadcrumbList","@id":"https:\/\/www.flowerstime.lt\/ru\/\u043f\u0440\u043e\u0434\u0443\u043a\u0442\/%d0%b1%d1%83%d0%ba%d0%b5%d1%82-%d0%b8%d0%b7-%d0%b1%d0%b5%d0%bb%d1%8b%d1%85-%d1%82%d1%8e%d0%bb%d1%8c%d0%bf%d0%b0%d0%bd%d0%be%d0%b2-%d0%b8-%d1%85%d0%b0%d0%bc%d0%b5%d0%bb%d0%b0%d1%86%d0%b8%d1%83%d0%bc\/#breadcrumb","itemListElement":[{"@type":"ListItem","position":1,"name":"Home","item":"https:\/\/www.flowerstime.lt\/ru\/"},{"@type":"ListItem","position":2,"name":"\u0414\u043e\u0441\u0442\u0430\u0432\u043a\u0430 \u0446\u0432\u0435\u0442\u043e\u0432 \u0432 \u0412\u0438\u043b\u044c\u043d\u044e\u0441\u0435","item":"https:\/\/www.flowerstime.lt\/"},{"@type":"ListItem","position":3,"name":"\u0411\u0443\u043a\u0435\u0442 \u0438\u0437 \u0431\u0435\u043b\u044b\u0445 \u0442\u044e\u043b\u044c\u043f\u0430\u043d\u043e\u0432 \u0438 \u0445\u0430\u043c\u0435\u043b\u0430\u0446\u0438\u0443\u043c\u0430"}]},{"@type":"WebSite","@id":"https:\/\/www.flowerstime.lt\/ru\/#website","url":"https:\/\/www.flowerstime.lt\/ru\/","name":"Flowers time - G\u0117li\u0173 pristatymas Vilniuje","description":"","potentialAction":[{"@type":"SearchAction","target":{"@type":"EntryPoint","urlTemplate":"https:\/\/www.flowerstime.lt\/ru\/?s={search_term_string}"},"query-input":{"@type":"PropertyValueSpecification","valueRequired":true,"valueName":"search_term_string"}}],"inLanguage":"ru-RU"}]}},"_links":{"self":[{"href":"https:\/\/www.flowerstime.lt\/ru\/wp-json\/wp\/v2\/product\/12457","targetHints":{"allow":["GET"]}}],"collection":[{"href":"https:\/\/www.flowerstime.lt\/ru\/wp-json\/wp\/v2\/product"}],"about":[{"href":"https:\/\/www.flowerstime.lt\/ru\/wp-json\/wp\/v2\/types\/product"}],"wp:featuredmedia":[{"embeddable":true,"href":"https:\/\/www.flowerstime.lt\/ru\/wp-json\/wp\/v2\/media\/12464"}],"wp:attachment":[{"href":"https:\/\/www.flowerstime.lt\/ru\/wp-json\/wp\/v2\/media?parent=12457"}],"wp:term":[{"taxonomy":"product_brand","embeddable":true,"href":"https:\/\/www.flowerstime.lt\/ru\/wp-json\/wp\/v2\/product_brand?post=12457"},{"taxonomy":"product_cat","embeddable":true,"href":"https:\/\/www.flowerstime.lt\/ru\/wp-json\/wp\/v2\/product_cat?post=12457"},{"taxonomy":"product_tag","embeddable":true,"href":"https:\/\/www.flowerstime.lt\/ru\/wp-json\/wp\/v2\/product_tag?post=12457"}],"curies":[{"name":"wp","href":"https:\/\/api.w.org\/{rel}","templated":true}]}}