{"id":9183,"date":"2020-03-30T09:08:41","date_gmt":"2020-03-30T06:08:41","guid":{"rendered":"https:\/\/www.flowerstime.lt\/produktas\/%d0%bf%d0%bb%d1%8e%d1%88%d0%b5%d0%b2%d1%8b%d0%b9-%d0%bc%d0%b8%d1%88%d0%ba%d0%b0-%d1%82%d0%b5%d0%b4%d0%b4%d0%b8-100%d1%81%d0%bc\/"},"modified":"2023-06-30T13:57:17","modified_gmt":"2023-06-30T10:57:17","slug":"%d0%bf%d0%bb%d1%8e%d1%88%d0%b5%d0%b2%d1%8b%d0%b9-%d0%bc%d0%b8%d1%88%d0%ba%d0%b0-%d1%82%d0%b5%d0%b4%d0%b4%d0%b8-100%d1%81%d0%bc","status":"publish","type":"product","link":"https:\/\/www.flowerstime.lt\/ru\/\u043f\u0440\u043e\u0434\u0443\u043a\u0442\/%d0%bf%d0%bb%d1%8e%d1%88%d0%b5%d0%b2%d1%8b%d0%b9-%d0%bc%d0%b8%d1%88%d0%ba%d0%b0-%d1%82%d0%b5%d0%b4%d0%b4%d0%b8-100%d1%81%d0%bc\/","title":{"rendered":"\u041f\u043b\u044e\u0448\u0435\u0432\u044b\u0439 \u043c\u0438\u0448\u043a\u0430 &#171;\u0422\u0415\u0414\u0414\u0418&#187; 100\u0441\u043c."},"content":{"rendered":"<p>\u041f\u043b\u044e\u0448\u0435\u0432\u044b\u0439 \u043c\u0438\u0448\u043a\u0430 \u043c\u043e\u0436\u0435\u0442 \u0441\u0442\u0430\u0442\u044c \u043e\u0442\u043b\u0438\u0447\u043d\u044b\u043c \u043f\u043e\u0434\u0430\u0440\u043a\u043e\u043c \u0438\u043b\u0438 \u0438\u0433\u0440\u0443\u0448\u043a\u043e\u0439, \u043a\u043e\u0442\u043e\u0440\u0430\u044f \u0441\u0434\u0435\u043b\u0430\u0435\u0442 \u0432\u0441\u0435\u0445 \u0441\u0447\u0430\u0441\u0442\u043b\u0438\u0432\u044b\u043c\u0438. \u041d\u0435\u0432\u0430\u0436\u043d\u043e, \u0441\u043a\u043e\u043b\u044c\u043a\u043e \u0432\u0430\u043c \u043b\u0435\u0442, \u0434\u0435\u0432\u043e\u0447\u043a\u0430 \u0432\u044b \u0438\u043b\u0438 \u043c\u0430\u043b\u044c\u0447\u0438\u043a, \u0440\u0435\u0431\u0435\u043d\u043e\u043a \u0438\u043b\u0438 \u0432\u0437\u0440\u043e\u0441\u043b\u044b\u0439. \u0412\u0435\u0434\u044c \u0432\u0441\u0435 \u043b\u044e\u0431\u044f\u0442 \u043c\u044f\u0433\u043a\u0438\u0435 \u043f\u043b\u044e\u0448\u0435\u0432\u044b\u0435 \u0438\u0433\u0440\u0443\u0448\u043a\u0438, \u0430 \u0435\u0441\u043b\u0438 \u0440\u044f\u0434\u043e\u043c \u0435\u0449\u0435 \u0438 \u0446\u0432\u0435\u0442\u044b \u043f\u043e\u0434\u0430\u0440\u0438\u0442\u044c, \u043e\u0442\u043b\u0438\u0447\u043d\u044b\u0439 \u043f\u043e\u0434\u0430\u0440\u043e\u043a \u043e\u0431\u0435\u0441\u043f\u0435\u0447\u0435\u043d. \u0420\u0430\u0437\u043c\u0435\u0440 \u043c\u0435\u0434\u0432\u0435\u0434\u044f 100\u0441\u043c.<\/p>\n","protected":false},"excerpt":{"rendered":"<p>\u041f\u043b\u044e\u0448\u0435\u0432\u044b\u0439 \u043c\u0438\u0448\u043a\u0430 \u043c\u043e\u0436\u0435\u0442 \u0441\u0442\u0430\u0442\u044c \u043e\u0442\u043b\u0438\u0447\u043d\u044b\u043c \u043f\u043e\u0434\u0430\u0440\u043a\u043e\u043c \u0438\u043b\u0438 \u0438\u0433\u0440\u0443\u0448\u043a\u043e\u0439, \u043a\u043e\u0442\u043e\u0440\u0430\u044f \u0441\u0434\u0435\u043b\u0430\u0435\u0442 \u0432\u0441\u0435\u0445 \u0441\u0447\u0430\u0441\u0442\u043b\u0438\u0432\u044b\u043c\u0438. \u041d\u0435\u0432\u0430\u0436\u043d\u043e, \u0441\u043a\u043e\u043b\u044c\u043a\u043e \u0432\u0430\u043c \u043b\u0435\u0442, \u0434\u0435\u0432\u043e\u0447\u043a\u0430 \u0432\u044b \u0438\u043b\u0438 \u043c\u0430\u043b\u044c\u0447\u0438\u043a, \u0440\u0435\u0431\u0435\u043d\u043e\u043a \u0438\u043b\u0438 \u0432\u0437\u0440\u043e\u0441\u043b\u044b\u0439. \u0412\u0435\u0434\u044c \u0432\u0441\u0435 \u043b\u044e\u0431\u044f\u0442 \u043c\u044f\u0433\u043a\u0438\u0435 \u043f\u043b\u044e\u0448\u0435\u0432\u044b\u0435 \u0438\u0433\u0440\u0443\u0448\u043a\u0438, \u0430 \u0435\u0441\u043b\u0438 \u0440\u044f\u0434\u043e\u043c \u0435\u0449\u0435 \u0438 \u0446\u0432\u0435\u0442\u044b \u043f\u043e\u0434\u0430\u0440\u0438\u0442\u044c, \u043e\u0442\u043b\u0438\u0447\u043d\u044b\u0439 \u043f\u043e\u0434\u0430\u0440\u043e\u043a \u043e\u0431\u0435\u0441\u043f\u0435\u0447\u0435\u043d. \u0420\u0430\u0437\u043c\u0435\u0440 \u043c\u0435\u0434\u0432\u0435\u0434\u044f 100\u0441\u043c.<\/p>\n","protected":false},"featured_media":6280,"template":"","meta":[],"product_brand":[],"product_cat":[156,155],"product_tag":[],"class_list":{"0":"post-9183","1":"product","2":"type-product","3":"status-publish","4":"has-post-thumbnail","6":"product_cat-156","7":"product_cat-155","8":"tm-no-options","9":"mk-info-sticky","11":"first","12":"instock","13":"taxable","14":"shipping-taxable","15":"purchasable","16":"product-type-simple"},"yoast_head":"<!-- This site is optimized with the Yoast SEO plugin v27.1.1 - https:\/\/yoast.com\/product\/yoast-seo-wordpress\/ -->\n<title>\u041f\u043b\u044e\u0448\u0435\u0432\u044b\u0439 \u043c\u0438\u0448\u043a\u0430 &quot;\u0422\u0415\u0414\u0414\u0418&quot; 100\u0441\u043c. | Me\u0161kinai | Flowers time-G\u0117li\u0173 pristatymas<\/title>\n<meta name=\"description\" content=\"\u041f\u043b\u044e\u0448\u0435\u0432\u044b\u0439 \u043c\u0438\u0448\u043a\u0430 &quot;\u0422\u0415\u0414\u0414\u0418&quot; \u0440\u0430\u0437\u043c\u0435\u0440 - 100\u0441\u043c. \u041f\u043b\u044e\u0448\u0435\u0432\u044b\u0439 \u043c\u0438\u0448\u043a\u0430 \u043c\u043e\u0436\u0435\u0442 \u0441\u0442\u0430\u0442\u044c \u043e\u0442\u043b\u0438\u0447\u043d\u044b\u043c \u043f\u043e\u0434\u0430\u0440\u043a\u043e\u043c \u0438\u043b\u0438 \u0438\u0433\u0440\u0443\u0448\u043a\u043e\u0439, \u043a\u043e\u0442\u043e\u0440\u0430\u044f \u0441\u0434\u0435\u043b\u0430\u0435\u0442 \u0432\u0441\u0435\u0445 \u0441\u0447\u0430\u0441\u0442\u043b\u0438\u0432\u044b\u043c\u0438.\" \/>\n<meta name=\"robots\" content=\"index, follow, max-snippet:-1, max-image-preview:large, max-video-preview:-1\" \/>\n<link rel=\"canonical\" href=\"https:\/\/www.flowerstime.lt\/ru\/\u043f\u0440\u043e\u0434\u0443\u043a\u0442\/%d0%bf%d0%bb%d1%8e%d1%88%d0%b5%d0%b2%d1%8b%d0%b9-%d0%bc%d0%b8%d1%88%d0%ba%d0%b0-%d1%82%d0%b5%d0%b4%d0%b4%d0%b8-100%d1%81%d0%bc\/\" \/>\n<meta property=\"og:locale\" content=\"ru_RU\" \/>\n<meta property=\"og:type\" content=\"article\" \/>\n<meta property=\"og:title\" content=\"\u041f\u043b\u044e\u0448\u0435\u0432\u044b\u0439 \u043c\u0438\u0448\u043a\u0430 &quot;\u0422\u0415\u0414\u0414\u0418&quot; 100\u0441\u043c. | Me\u0161kinai | Flowers time-G\u0117li\u0173 pristatymas\" \/>\n<meta property=\"og:description\" content=\"\u041f\u043b\u044e\u0448\u0435\u0432\u044b\u0439 \u043c\u0438\u0448\u043a\u0430 &quot;\u0422\u0415\u0414\u0414\u0418&quot; \u0440\u0430\u0437\u043c\u0435\u0440 - 100\u0441\u043c. \u041f\u043b\u044e\u0448\u0435\u0432\u044b\u0439 \u043c\u0438\u0448\u043a\u0430 \u043c\u043e\u0436\u0435\u0442 \u0441\u0442\u0430\u0442\u044c \u043e\u0442\u043b\u0438\u0447\u043d\u044b\u043c \u043f\u043e\u0434\u0430\u0440\u043a\u043e\u043c \u0438\u043b\u0438 \u0438\u0433\u0440\u0443\u0448\u043a\u043e\u0439, \u043a\u043e\u0442\u043e\u0440\u0430\u044f \u0441\u0434\u0435\u043b\u0430\u0435\u0442 \u0432\u0441\u0435\u0445 \u0441\u0447\u0430\u0441\u0442\u043b\u0438\u0432\u044b\u043c\u0438.\" \/>\n<meta property=\"og:url\" content=\"https:\/\/www.flowerstime.lt\/ru\/\u043f\u0440\u043e\u0434\u0443\u043a\u0442\/%d0%bf%d0%bb%d1%8e%d1%88%d0%b5%d0%b2%d1%8b%d0%b9-%d0%bc%d0%b8%d1%88%d0%ba%d0%b0-%d1%82%d0%b5%d0%b4%d0%b4%d0%b8-100%d1%81%d0%bc\/\" \/>\n<meta property=\"og:site_name\" content=\"Flowers time - G\u0117li\u0173 pristatymas Vilniuje\" \/>\n<meta property=\"article:modified_time\" content=\"2023-06-30T10:57:17+00:00\" \/>\n<meta property=\"og:image\" content=\"https:\/\/www.flowerstime.lt\/wp-content\/uploads\/2020\/03\/pliusinis-meskinas-100cm-dydzio.jpg\" \/>\n\t<meta property=\"og:image:width\" content=\"600\" \/>\n\t<meta property=\"og:image:height\" content=\"600\" \/>\n\t<meta property=\"og:image:type\" content=\"image\/jpeg\" \/>\n<meta name=\"twitter:card\" content=\"summary_large_image\" \/>\n<script type=\"application\/ld+json\" class=\"yoast-schema-graph\">{\"@context\":\"https:\/\/schema.org\",\"@graph\":[{\"@type\":\"WebPage\",\"@id\":\"https:\/\/www.flowerstime.lt\/ru\/\u043f\u0440\u043e\u0434\u0443\u043a\u0442\/%d0%bf%d0%bb%d1%8e%d1%88%d0%b5%d0%b2%d1%8b%d0%b9-%d0%bc%d0%b8%d1%88%d0%ba%d0%b0-%d1%82%d0%b5%d0%b4%d0%b4%d0%b8-100%d1%81%d0%bc\/\",\"url\":\"https:\/\/www.flowerstime.lt\/ru\/\u043f\u0440\u043e\u0434\u0443\u043a\u0442\/%d0%bf%d0%bb%d1%8e%d1%88%d0%b5%d0%b2%d1%8b%d0%b9-%d0%bc%d0%b8%d1%88%d0%ba%d0%b0-%d1%82%d0%b5%d0%b4%d0%b4%d0%b8-100%d1%81%d0%bc\/\",\"name\":\"\u041f\u043b\u044e\u0448\u0435\u0432\u044b\u0439 \u043c\u0438\u0448\u043a\u0430 \\\"\u0422\u0415\u0414\u0414\u0418\\\" 100\u0441\u043c. | Me\u0161kinai | Flowers time-G\u0117li\u0173 pristatymas\",\"isPartOf\":{\"@id\":\"https:\/\/www.flowerstime.lt\/ru\/#website\"},\"primaryImageOfPage\":{\"@id\":\"https:\/\/www.flowerstime.lt\/ru\/\u043f\u0440\u043e\u0434\u0443\u043a\u0442\/%d0%bf%d0%bb%d1%8e%d1%88%d0%b5%d0%b2%d1%8b%d0%b9-%d0%bc%d0%b8%d1%88%d0%ba%d0%b0-%d1%82%d0%b5%d0%b4%d0%b4%d0%b8-100%d1%81%d0%bc\/#primaryimage\"},\"image\":{\"@id\":\"https:\/\/www.flowerstime.lt\/ru\/\u043f\u0440\u043e\u0434\u0443\u043a\u0442\/%d0%bf%d0%bb%d1%8e%d1%88%d0%b5%d0%b2%d1%8b%d0%b9-%d0%bc%d0%b8%d1%88%d0%ba%d0%b0-%d1%82%d0%b5%d0%b4%d0%b4%d0%b8-100%d1%81%d0%bc\/#primaryimage\"},\"thumbnailUrl\":\"https:\/\/www.flowerstime.lt\/wp-content\/uploads\/2020\/03\/pliusinis-meskinas-100cm-dydzio.jpg\",\"datePublished\":\"2020-03-30T06:08:41+00:00\",\"dateModified\":\"2023-06-30T10:57:17+00:00\",\"description\":\"\u041f\u043b\u044e\u0448\u0435\u0432\u044b\u0439 \u043c\u0438\u0448\u043a\u0430 \\\"\u0422\u0415\u0414\u0414\u0418\\\" \u0440\u0430\u0437\u043c\u0435\u0440 - 100\u0441\u043c. \u041f\u043b\u044e\u0448\u0435\u0432\u044b\u0439 \u043c\u0438\u0448\u043a\u0430 \u043c\u043e\u0436\u0435\u0442 \u0441\u0442\u0430\u0442\u044c \u043e\u0442\u043b\u0438\u0447\u043d\u044b\u043c \u043f\u043e\u0434\u0430\u0440\u043a\u043e\u043c \u0438\u043b\u0438 \u0438\u0433\u0440\u0443\u0448\u043a\u043e\u0439, \u043a\u043e\u0442\u043e\u0440\u0430\u044f \u0441\u0434\u0435\u043b\u0430\u0435\u0442 \u0432\u0441\u0435\u0445 \u0441\u0447\u0430\u0441\u0442\u043b\u0438\u0432\u044b\u043c\u0438.\",\"breadcrumb\":{\"@id\":\"https:\/\/www.flowerstime.lt\/ru\/\u043f\u0440\u043e\u0434\u0443\u043a\u0442\/%d0%bf%d0%bb%d1%8e%d1%88%d0%b5%d0%b2%d1%8b%d0%b9-%d0%bc%d0%b8%d1%88%d0%ba%d0%b0-%d1%82%d0%b5%d0%b4%d0%b4%d0%b8-100%d1%81%d0%bc\/#breadcrumb\"},\"inLanguage\":\"ru-RU\",\"potentialAction\":[{\"@type\":\"ReadAction\",\"target\":[\"https:\/\/www.flowerstime.lt\/ru\/\u043f\u0440\u043e\u0434\u0443\u043a\u0442\/%d0%bf%d0%bb%d1%8e%d1%88%d0%b5%d0%b2%d1%8b%d0%b9-%d0%bc%d0%b8%d1%88%d0%ba%d0%b0-%d1%82%d0%b5%d0%b4%d0%b4%d0%b8-100%d1%81%d0%bc\/\"]}]},{\"@type\":\"ImageObject\",\"inLanguage\":\"ru-RU\",\"@id\":\"https:\/\/www.flowerstime.lt\/ru\/\u043f\u0440\u043e\u0434\u0443\u043a\u0442\/%d0%bf%d0%bb%d1%8e%d1%88%d0%b5%d0%b2%d1%8b%d0%b9-%d0%bc%d0%b8%d1%88%d0%ba%d0%b0-%d1%82%d0%b5%d0%b4%d0%b4%d0%b8-100%d1%81%d0%bc\/#primaryimage\",\"url\":\"https:\/\/www.flowerstime.lt\/wp-content\/uploads\/2020\/03\/pliusinis-meskinas-100cm-dydzio.jpg\",\"contentUrl\":\"https:\/\/www.flowerstime.lt\/wp-content\/uploads\/2020\/03\/pliusinis-meskinas-100cm-dydzio.jpg\",\"width\":600,\"height\":600},{\"@type\":\"BreadcrumbList\",\"@id\":\"https:\/\/www.flowerstime.lt\/ru\/\u043f\u0440\u043e\u0434\u0443\u043a\u0442\/%d0%bf%d0%bb%d1%8e%d1%88%d0%b5%d0%b2%d1%8b%d0%b9-%d0%bc%d0%b8%d1%88%d0%ba%d0%b0-%d1%82%d0%b5%d0%b4%d0%b4%d0%b8-100%d1%81%d0%bc\/#breadcrumb\",\"itemListElement\":[{\"@type\":\"ListItem\",\"position\":1,\"name\":\"Home\",\"item\":\"https:\/\/www.flowerstime.lt\/ru\/\"},{\"@type\":\"ListItem\",\"position\":2,\"name\":\"\u0414\u043e\u0441\u0442\u0430\u0432\u043a\u0430 \u0446\u0432\u0435\u0442\u043e\u0432 \u0432 \u0412\u0438\u043b\u044c\u043d\u044e\u0441\u0435\",\"item\":\"https:\/\/www.flowerstime.lt\/\"},{\"@type\":\"ListItem\",\"position\":3,\"name\":\"\u041f\u043b\u044e\u0448\u0435\u0432\u044b\u0439 \u043c\u0438\u0448\u043a\u0430 &#8220;\u0422\u0415\u0414\u0414\u0418&#8221; 100\u0441\u043c.\"}]},{\"@type\":\"WebSite\",\"@id\":\"https:\/\/www.flowerstime.lt\/ru\/#website\",\"url\":\"https:\/\/www.flowerstime.lt\/ru\/\",\"name\":\"Flowers time - G\u0117li\u0173 pristatymas Vilniuje\",\"description\":\"\",\"potentialAction\":[{\"@type\":\"SearchAction\",\"target\":{\"@type\":\"EntryPoint\",\"urlTemplate\":\"https:\/\/www.flowerstime.lt\/ru\/?s={search_term_string}\"},\"query-input\":{\"@type\":\"PropertyValueSpecification\",\"valueRequired\":true,\"valueName\":\"search_term_string\"}}],\"inLanguage\":\"ru-RU\"}]}<\/script>\n<!-- \/ Yoast SEO plugin. -->","yoast_head_json":{"title":"\u041f\u043b\u044e\u0448\u0435\u0432\u044b\u0439 \u043c\u0438\u0448\u043a\u0430 \"\u0422\u0415\u0414\u0414\u0418\" 100\u0441\u043c. | Me\u0161kinai | Flowers time-G\u0117li\u0173 pristatymas","description":"\u041f\u043b\u044e\u0448\u0435\u0432\u044b\u0439 \u043c\u0438\u0448\u043a\u0430 \"\u0422\u0415\u0414\u0414\u0418\" \u0440\u0430\u0437\u043c\u0435\u0440 - 100\u0441\u043c. \u041f\u043b\u044e\u0448\u0435\u0432\u044b\u0439 \u043c\u0438\u0448\u043a\u0430 \u043c\u043e\u0436\u0435\u0442 \u0441\u0442\u0430\u0442\u044c \u043e\u0442\u043b\u0438\u0447\u043d\u044b\u043c \u043f\u043e\u0434\u0430\u0440\u043a\u043e\u043c \u0438\u043b\u0438 \u0438\u0433\u0440\u0443\u0448\u043a\u043e\u0439, \u043a\u043e\u0442\u043e\u0440\u0430\u044f \u0441\u0434\u0435\u043b\u0430\u0435\u0442 \u0432\u0441\u0435\u0445 \u0441\u0447\u0430\u0441\u0442\u043b\u0438\u0432\u044b\u043c\u0438.","robots":{"index":"index","follow":"follow","max-snippet":"max-snippet:-1","max-image-preview":"max-image-preview:large","max-video-preview":"max-video-preview:-1"},"canonical":"https:\/\/www.flowerstime.lt\/ru\/\u043f\u0440\u043e\u0434\u0443\u043a\u0442\/%d0%bf%d0%bb%d1%8e%d1%88%d0%b5%d0%b2%d1%8b%d0%b9-%d0%bc%d0%b8%d1%88%d0%ba%d0%b0-%d1%82%d0%b5%d0%b4%d0%b4%d0%b8-100%d1%81%d0%bc\/","og_locale":"ru_RU","og_type":"article","og_title":"\u041f\u043b\u044e\u0448\u0435\u0432\u044b\u0439 \u043c\u0438\u0448\u043a\u0430 \"\u0422\u0415\u0414\u0414\u0418\" 100\u0441\u043c. | Me\u0161kinai | Flowers time-G\u0117li\u0173 pristatymas","og_description":"\u041f\u043b\u044e\u0448\u0435\u0432\u044b\u0439 \u043c\u0438\u0448\u043a\u0430 \"\u0422\u0415\u0414\u0414\u0418\" \u0440\u0430\u0437\u043c\u0435\u0440 - 100\u0441\u043c. \u041f\u043b\u044e\u0448\u0435\u0432\u044b\u0439 \u043c\u0438\u0448\u043a\u0430 \u043c\u043e\u0436\u0435\u0442 \u0441\u0442\u0430\u0442\u044c \u043e\u0442\u043b\u0438\u0447\u043d\u044b\u043c \u043f\u043e\u0434\u0430\u0440\u043a\u043e\u043c \u0438\u043b\u0438 \u0438\u0433\u0440\u0443\u0448\u043a\u043e\u0439, \u043a\u043e\u0442\u043e\u0440\u0430\u044f \u0441\u0434\u0435\u043b\u0430\u0435\u0442 \u0432\u0441\u0435\u0445 \u0441\u0447\u0430\u0441\u0442\u043b\u0438\u0432\u044b\u043c\u0438.","og_url":"https:\/\/www.flowerstime.lt\/ru\/\u043f\u0440\u043e\u0434\u0443\u043a\u0442\/%d0%bf%d0%bb%d1%8e%d1%88%d0%b5%d0%b2%d1%8b%d0%b9-%d0%bc%d0%b8%d1%88%d0%ba%d0%b0-%d1%82%d0%b5%d0%b4%d0%b4%d0%b8-100%d1%81%d0%bc\/","og_site_name":"Flowers time - G\u0117li\u0173 pristatymas Vilniuje","article_modified_time":"2023-06-30T10:57:17+00:00","og_image":[{"width":600,"height":600,"url":"https:\/\/www.flowerstime.lt\/wp-content\/uploads\/2020\/03\/pliusinis-meskinas-100cm-dydzio.jpg","type":"image\/jpeg"}],"twitter_card":"summary_large_image","schema":{"@context":"https:\/\/schema.org","@graph":[{"@type":"WebPage","@id":"https:\/\/www.flowerstime.lt\/ru\/\u043f\u0440\u043e\u0434\u0443\u043a\u0442\/%d0%bf%d0%bb%d1%8e%d1%88%d0%b5%d0%b2%d1%8b%d0%b9-%d0%bc%d0%b8%d1%88%d0%ba%d0%b0-%d1%82%d0%b5%d0%b4%d0%b4%d0%b8-100%d1%81%d0%bc\/","url":"https:\/\/www.flowerstime.lt\/ru\/\u043f\u0440\u043e\u0434\u0443\u043a\u0442\/%d0%bf%d0%bb%d1%8e%d1%88%d0%b5%d0%b2%d1%8b%d0%b9-%d0%bc%d0%b8%d1%88%d0%ba%d0%b0-%d1%82%d0%b5%d0%b4%d0%b4%d0%b8-100%d1%81%d0%bc\/","name":"\u041f\u043b\u044e\u0448\u0435\u0432\u044b\u0439 \u043c\u0438\u0448\u043a\u0430 \"\u0422\u0415\u0414\u0414\u0418\" 100\u0441\u043c. | Me\u0161kinai | Flowers time-G\u0117li\u0173 pristatymas","isPartOf":{"@id":"https:\/\/www.flowerstime.lt\/ru\/#website"},"primaryImageOfPage":{"@id":"https:\/\/www.flowerstime.lt\/ru\/\u043f\u0440\u043e\u0434\u0443\u043a\u0442\/%d0%bf%d0%bb%d1%8e%d1%88%d0%b5%d0%b2%d1%8b%d0%b9-%d0%bc%d0%b8%d1%88%d0%ba%d0%b0-%d1%82%d0%b5%d0%b4%d0%b4%d0%b8-100%d1%81%d0%bc\/#primaryimage"},"image":{"@id":"https:\/\/www.flowerstime.lt\/ru\/\u043f\u0440\u043e\u0434\u0443\u043a\u0442\/%d0%bf%d0%bb%d1%8e%d1%88%d0%b5%d0%b2%d1%8b%d0%b9-%d0%bc%d0%b8%d1%88%d0%ba%d0%b0-%d1%82%d0%b5%d0%b4%d0%b4%d0%b8-100%d1%81%d0%bc\/#primaryimage"},"thumbnailUrl":"https:\/\/www.flowerstime.lt\/wp-content\/uploads\/2020\/03\/pliusinis-meskinas-100cm-dydzio.jpg","datePublished":"2020-03-30T06:08:41+00:00","dateModified":"2023-06-30T10:57:17+00:00","description":"\u041f\u043b\u044e\u0448\u0435\u0432\u044b\u0439 \u043c\u0438\u0448\u043a\u0430 \"\u0422\u0415\u0414\u0414\u0418\" \u0440\u0430\u0437\u043c\u0435\u0440 - 100\u0441\u043c. \u041f\u043b\u044e\u0448\u0435\u0432\u044b\u0439 \u043c\u0438\u0448\u043a\u0430 \u043c\u043e\u0436\u0435\u0442 \u0441\u0442\u0430\u0442\u044c \u043e\u0442\u043b\u0438\u0447\u043d\u044b\u043c \u043f\u043e\u0434\u0430\u0440\u043a\u043e\u043c \u0438\u043b\u0438 \u0438\u0433\u0440\u0443\u0448\u043a\u043e\u0439, \u043a\u043e\u0442\u043e\u0440\u0430\u044f \u0441\u0434\u0435\u043b\u0430\u0435\u0442 \u0432\u0441\u0435\u0445 \u0441\u0447\u0430\u0441\u0442\u043b\u0438\u0432\u044b\u043c\u0438.","breadcrumb":{"@id":"https:\/\/www.flowerstime.lt\/ru\/\u043f\u0440\u043e\u0434\u0443\u043a\u0442\/%d0%bf%d0%bb%d1%8e%d1%88%d0%b5%d0%b2%d1%8b%d0%b9-%d0%bc%d0%b8%d1%88%d0%ba%d0%b0-%d1%82%d0%b5%d0%b4%d0%b4%d0%b8-100%d1%81%d0%bc\/#breadcrumb"},"inLanguage":"ru-RU","potentialAction":[{"@type":"ReadAction","target":["https:\/\/www.flowerstime.lt\/ru\/\u043f\u0440\u043e\u0434\u0443\u043a\u0442\/%d0%bf%d0%bb%d1%8e%d1%88%d0%b5%d0%b2%d1%8b%d0%b9-%d0%bc%d0%b8%d1%88%d0%ba%d0%b0-%d1%82%d0%b5%d0%b4%d0%b4%d0%b8-100%d1%81%d0%bc\/"]}]},{"@type":"ImageObject","inLanguage":"ru-RU","@id":"https:\/\/www.flowerstime.lt\/ru\/\u043f\u0440\u043e\u0434\u0443\u043a\u0442\/%d0%bf%d0%bb%d1%8e%d1%88%d0%b5%d0%b2%d1%8b%d0%b9-%d0%bc%d0%b8%d1%88%d0%ba%d0%b0-%d1%82%d0%b5%d0%b4%d0%b4%d0%b8-100%d1%81%d0%bc\/#primaryimage","url":"https:\/\/www.flowerstime.lt\/wp-content\/uploads\/2020\/03\/pliusinis-meskinas-100cm-dydzio.jpg","contentUrl":"https:\/\/www.flowerstime.lt\/wp-content\/uploads\/2020\/03\/pliusinis-meskinas-100cm-dydzio.jpg","width":600,"height":600},{"@type":"BreadcrumbList","@id":"https:\/\/www.flowerstime.lt\/ru\/\u043f\u0440\u043e\u0434\u0443\u043a\u0442\/%d0%bf%d0%bb%d1%8e%d1%88%d0%b5%d0%b2%d1%8b%d0%b9-%d0%bc%d0%b8%d1%88%d0%ba%d0%b0-%d1%82%d0%b5%d0%b4%d0%b4%d0%b8-100%d1%81%d0%bc\/#breadcrumb","itemListElement":[{"@type":"ListItem","position":1,"name":"Home","item":"https:\/\/www.flowerstime.lt\/ru\/"},{"@type":"ListItem","position":2,"name":"\u0414\u043e\u0441\u0442\u0430\u0432\u043a\u0430 \u0446\u0432\u0435\u0442\u043e\u0432 \u0432 \u0412\u0438\u043b\u044c\u043d\u044e\u0441\u0435","item":"https:\/\/www.flowerstime.lt\/"},{"@type":"ListItem","position":3,"name":"\u041f\u043b\u044e\u0448\u0435\u0432\u044b\u0439 \u043c\u0438\u0448\u043a\u0430 &#8220;\u0422\u0415\u0414\u0414\u0418&#8221; 100\u0441\u043c."}]},{"@type":"WebSite","@id":"https:\/\/www.flowerstime.lt\/ru\/#website","url":"https:\/\/www.flowerstime.lt\/ru\/","name":"Flowers time - G\u0117li\u0173 pristatymas Vilniuje","description":"","potentialAction":[{"@type":"SearchAction","target":{"@type":"EntryPoint","urlTemplate":"https:\/\/www.flowerstime.lt\/ru\/?s={search_term_string}"},"query-input":{"@type":"PropertyValueSpecification","valueRequired":true,"valueName":"search_term_string"}}],"inLanguage":"ru-RU"}]}},"_links":{"self":[{"href":"https:\/\/www.flowerstime.lt\/ru\/wp-json\/wp\/v2\/product\/9183","targetHints":{"allow":["GET"]}}],"collection":[{"href":"https:\/\/www.flowerstime.lt\/ru\/wp-json\/wp\/v2\/product"}],"about":[{"href":"https:\/\/www.flowerstime.lt\/ru\/wp-json\/wp\/v2\/types\/product"}],"wp:featuredmedia":[{"embeddable":true,"href":"https:\/\/www.flowerstime.lt\/ru\/wp-json\/wp\/v2\/media\/6280"}],"wp:attachment":[{"href":"https:\/\/www.flowerstime.lt\/ru\/wp-json\/wp\/v2\/media?parent=9183"}],"wp:term":[{"taxonomy":"product_brand","embeddable":true,"href":"https:\/\/www.flowerstime.lt\/ru\/wp-json\/wp\/v2\/product_brand?post=9183"},{"taxonomy":"product_cat","embeddable":true,"href":"https:\/\/www.flowerstime.lt\/ru\/wp-json\/wp\/v2\/product_cat?post=9183"},{"taxonomy":"product_tag","embeddable":true,"href":"https:\/\/www.flowerstime.lt\/ru\/wp-json\/wp\/v2\/product_tag?post=9183"}],"curies":[{"name":"wp","href":"https:\/\/api.w.org\/{rel}","templated":true}]}}